{"id":13052,"date":"2025-12-05T04:40:25","date_gmt":"2025-12-05T04:40:25","guid":{"rendered":"https:\/\/polikistikover.net\/yeni\/?page_id=13052"},"modified":"2025-12-05T05:05:42","modified_gmt":"2025-12-05T05:05:42","slug":"polikistik-over-sendromunun-gorulme-sikligi","status":"publish","type":"page","link":"https:\/\/polikistikover.net\/yeni\/polikistik-over-sendromunun-gorulme-sikligi\/","title":{"rendered":"Polikistik over sendromu&#8217;nun g\u00f6r\u00fclme s\u0131kl\u0131\u011f\u0131 art\u0131yor"},"content":{"rendered":"\n<p><strong>Polikistik over sendromu&#8217;nun g\u00f6r\u00fclme s\u0131kl\u0131\u011f\u0131 \u00f6zellikle 90&#8242; l\u0131 y\u0131llardan itibaren b\u00fcy\u00fck bir art\u0131\u015f g\u00f6stermi\u015ftir. Son y\u0131llarda i\u015f hayat\u0131nda daha aktif rol almaya ba\u015flayan kad\u0131nlar\u00a0haz\u0131rlanmas\u0131 daha kolay olan besinlere y\u00f6neldiler. Dolay\u0131s\u0131yla eskiden protein a\u011f\u0131rl\u0131kl\u0131 beslenirken \u015fimdi daha \u00e7ok karbonhidrat i\u00e7eren besinler t\u00fcketmeye ba\u015flad\u0131lar. T\u00fcketilen bu besinlerin\u00a0i\u00e7inde <strong>erkeklik hormonu testosteron <\/strong> benzeri i\u00e7erikli \u00e7e\u015fitli katk\u0131 maddelerinin bulunmas\u0131 \u00f6zellikle testosteron \u00fcretimini artt\u0131rd\u0131\u011f\u0131 bilinen\u00a0Bisphenol A\u00a0(BPA)\u00a0i\u00e7eren plastik yemek kaplar\u0131n\u0131n,\u00a0pet \u015fi\u015fe ve plastik\u00a0bardak gibi \u00fcr\u00fcnlerin yayg\u0131n olarak\u00a0kullan\u0131lmas\u0131, kad\u0131nlar\u0131n masa ba\u015f\u0131nda daha hareketsiz bir ya\u015fam s\u00fcrd\u00fcrmeye ba\u015flamas\u0131, zay\u0131f bile olsalar yeteri kadar hareket etmedikleri i\u00e7in ya\u011f miktar\u0131n\u0131n, kas miktar\u0131na oran\u0131n\u0131n fazla olmas\u0131 genetik (ailesel) e\u011filimi olan ki\u015filerde polikistik over sendromu&#8217;nun ortaya \u00e7\u0131kmas\u0131na neden olmaktad\u0131r.\u00a0Polikistik over sendromu olan kad\u0131nlar\u0131n yar\u0131ya yak\u0131n\u0131 normal kilolu hatta zay\u0131ft\u0131r. Polikistik over sendromu olan\u00a0normal kilolu veya zay\u0131f kad\u0131nlar\u0131n\u00a0v\u00fccutlar\u0131ndaki ya\u011f miktar\u0131n\u0131n\u0131n, kas miktar\u0131na oran\u0131 genellikle normalden daha fazlad\u0131r.\u00a0\u00d6rne\u011fin; 90 kg a\u011f\u0131rl\u0131\u011f\u0131nda, sporcu bir kad\u0131n\u0131n v\u00fccut ya\u011f oran\u0131, 45 kg a\u011f\u0131rl\u0131\u011f\u0131nda polikistik over sendromu olan, hareketsiz bir ya\u015fam s\u00fcren ba\u015fka bir kad\u0131n\u0131n ya\u011f oran\u0131ndan daha az olabilmektedir! Ya\u011f dokusu erkeklik hormonlar\u0131n\u0131n \u00fcretildi\u011fi yer oldu\u011fu i\u00e7in 45 kg a\u011f\u0131rl\u0131\u011f\u0131nda, ya\u011f dokusu fazla olan kad\u0131nda, 90 kg ve ya\u011f dokusu az olan kad\u0131ndan daha fazla miktarda erkeklik hormonu \u00fcretilmektedir.\u00a0Beslenme programlar\u0131 fazla olan ya\u011f dokusunun, kas dokusuna d\u00f6n\u00fc\u015f\u00fcm\u00fcn\u00fc sa\u011flamamaktad\u0131r. \u00c7\u00fcnk\u00fc temel\u00a0sorun hareketsiz \u00a0ya\u015fam bi\u00e7iminden kaynaklanmaktad\u0131r. Polikistik over sendromu belirtileri tipik olarak hareketli\u00a0bir ya\u015famdan daha hareketsiz bir ya\u015fama ge\u00e7ilmesiyle birlikte ortaya \u00e7\u0131kmaktad\u0131r. Ki\u015finin okuldan mezun olduktan sonra masa ba\u015f\u0131nda bir i\u015fe ba\u015flamas\u0131 ile birlikte t\u00fcylenme art\u0131\u015f\u0131, ciltte ya\u011flanma ve sivilce art\u0131\u015f\u0131 ve adet d\u00fczensizli\u011fi \u015fikayetlerinin ortaya \u00e7\u0131kmas\u0131 bu duruma bir \u00f6rnektir.<\/strong><a href=\"http:\/\/polikistikover.net\/kilo-artisi-ve-polikistik-over-sendromu.html\" target=\"_blank\" rel=\"noreferrer noopener\"><strong>\u00a0<\/strong><\/a><\/p>\n","protected":false},"excerpt":{"rendered":"<p>Polikistik over sendromu&#8217;nun g\u00f6r\u00fclme s\u0131kl\u0131\u011f\u0131 \u00f6zellikle 90&#8242; l\u0131 y\u0131llardan itibaren b\u00fcy\u00fck bir art\u0131\u015f g\u00f6stermi\u015ftir. Son y\u0131llarda i\u015f hayat\u0131nda daha aktif rol almaya ba\u015flayan kad\u0131nlar\u00a0haz\u0131rlanmas\u0131 daha kolay olan besinlere y\u00f6neldiler. Dolay\u0131s\u0131yla eskiden protein a\u011f\u0131rl\u0131kl\u0131 beslenirken \u015fimdi daha \u00e7ok karbonhidrat i\u00e7eren besinler t\u00fcketmeye ba\u015flad\u0131lar. T\u00fcketilen bu besinlerin\u00a0i\u00e7inde erkeklik hormonu testosteron benzeri i\u00e7erikli \u00e7e\u015fitli katk\u0131 maddelerinin bulunmas\u0131 \u00f6zellikle [&hellip;]<\/p>\n","protected":false},"author":1,"featured_media":0,"parent":0,"menu_order":0,"comment_status":"closed","ping_status":"closed","template":"","meta":{"footnotes":""},"class_list":["post-13052","page","type-page","status-publish","hentry"],"_links":{"self":[{"href":"https:\/\/polikistikover.net\/yeni\/wp-json\/wp\/v2\/pages\/13052","targetHints":{"allow":["GET"]}}],"collection":[{"href":"https:\/\/polikistikover.net\/yeni\/wp-json\/wp\/v2\/pages"}],"about":[{"href":"https:\/\/polikistikover.net\/yeni\/wp-json\/wp\/v2\/types\/page"}],"author":[{"embeddable":true,"href":"https:\/\/polikistikover.net\/yeni\/wp-json\/wp\/v2\/users\/1"}],"replies":[{"embeddable":true,"href":"https:\/\/polikistikover.net\/yeni\/wp-json\/wp\/v2\/comments?post=13052"}],"version-history":[{"count":21,"href":"https:\/\/polikistikover.net\/yeni\/wp-json\/wp\/v2\/pages\/13052\/revisions"}],"predecessor-version":[{"id":13087,"href":"https:\/\/polikistikover.net\/yeni\/wp-json\/wp\/v2\/pages\/13052\/revisions\/13087"}],"wp:attachment":[{"href":"https:\/\/polikistikover.net\/yeni\/wp-json\/wp\/v2\/media?parent=13052"}],"curies":[{"name":"wp","href":"https:\/\/api.w.org\/{rel}","templated":true}]}}