{"id":13101,"date":"2025-12-07T01:39:29","date_gmt":"2025-12-07T01:39:29","guid":{"rendered":"https:\/\/polikistikover.net\/yeni\/?page_id=13101"},"modified":"2025-12-07T02:07:09","modified_gmt":"2025-12-07T02:07:09","slug":"tuylenme-artisi-ve-sismanlik-2","status":"publish","type":"page","link":"https:\/\/polikistikover.net\/yeni\/tuylenme-artisi-ve-sismanlik-2\/","title":{"rendered":"T\u00fcylenme Art\u0131\u015f\u0131 ve \u015ei\u015fmanl\u0131k"},"content":{"rendered":"\n<p class=\"has-text-align-center\"><br><strong><mark style=\"background-color:rgba(0, 0, 0, 0)\" class=\"has-inline-color has-dark-pink-color\">\u015ei\u015fman ya da fazla kilolu kad\u0131nlar\u0131n hepsi polikistik over sendromu de\u011fildir.<\/mark><\/strong><\/p>\n\n\n\n<p class=\"has-text-align-center\"><strong>Fazla kilolu, \u015fi\u015fman&nbsp;kad\u0131nlarda&nbsp;Sex Hormon Binding Globulin (SHBG)&nbsp;miktar\u0131 azd\u0131r. Bunun nedeni v\u00fccutta bulunan ya\u011f miktar\u0131ndaki art\u0131\u015f\u0131n SHBG \u00fcretimini azaltmas\u0131d\u0131r.<\/strong><br>  <strong><mark style=\"background-color:#f90606\" class=\"has-inline-color\">1-<\/mark><\/strong>Polikistik over sendromu olmayan fazla kilolu kad\u0131nlarda&nbsp;erkeklik hormonlar\u0131n\u0131n (testosteron) miktar\u0131 fazla olmad\u0131\u011f\u0131 ve k\u0131l k\u00f6klerinde erkeklik hormonlar\u0131n\u0131n t\u00fcylenme art\u0131\u015f\u0131na neden olan&nbsp; dihidrotestosteron&nbsp;hormonuna d\u00f6n\u00fc\u015f\u00fcm\u00fc az miktarda oldu\u011fu i\u00e7in SHBG miktar\u0131n\u0131n az olmas\u0131 t\u00fcylenme art\u0131\u015f\u0131na neden olmamaktad\u0131r. <\/p>\n\n\n\n<p class=\"has-text-align-center\"><strong><mark style=\"background-color:#fb0404\" class=\"has-inline-color\">2-<\/mark><\/strong>Polikistik over sendromu olan fazla kilolu kad\u0131nlarda ise erkeklik hormonlar\u0131n\u0131n miktar\u0131 ve duyarl\u0131l\u0131\u011f\u0131 fazla oldu\u011fu i\u00e7in ya\u011f oran\u0131 art\u0131\u015f\u0131&nbsp;SHBG miktar\u0131n\u0131 azaltarak&nbsp;serbest dola\u015fan testosteron miktar\u0131n\u0131n artmas\u0131na neden olur. Bu durum erkek tipi t\u00fcylenme&nbsp;art\u0131\u015f\u0131na neden olmaktad\u0131r.<\/p>\n\n\n\n<p><\/p>\n","protected":false},"excerpt":{"rendered":"<p>\u015ei\u015fman ya da fazla kilolu kad\u0131nlar\u0131n hepsi polikistik over sendromu de\u011fildir. Fazla kilolu, \u015fi\u015fman&nbsp;kad\u0131nlarda&nbsp;Sex Hormon Binding Globulin (SHBG)&nbsp;miktar\u0131 azd\u0131r. Bunun nedeni v\u00fccutta bulunan ya\u011f miktar\u0131ndaki art\u0131\u015f\u0131n SHBG \u00fcretimini azaltmas\u0131d\u0131r. 1-Polikistik over sendromu olmayan fazla kilolu kad\u0131nlarda&nbsp;erkeklik hormonlar\u0131n\u0131n (testosteron) miktar\u0131 fazla olmad\u0131\u011f\u0131 ve k\u0131l k\u00f6klerinde erkeklik hormonlar\u0131n\u0131n t\u00fcylenme art\u0131\u015f\u0131na neden olan&nbsp; dihidrotestosteron&nbsp;hormonuna d\u00f6n\u00fc\u015f\u00fcm\u00fc az miktarda oldu\u011fu [&hellip;]<\/p>\n","protected":false},"author":1,"featured_media":0,"parent":0,"menu_order":0,"comment_status":"closed","ping_status":"closed","template":"","meta":{"footnotes":""},"class_list":["post-13101","page","type-page","status-publish","hentry"],"_links":{"self":[{"href":"https:\/\/polikistikover.net\/yeni\/wp-json\/wp\/v2\/pages\/13101","targetHints":{"allow":["GET"]}}],"collection":[{"href":"https:\/\/polikistikover.net\/yeni\/wp-json\/wp\/v2\/pages"}],"about":[{"href":"https:\/\/polikistikover.net\/yeni\/wp-json\/wp\/v2\/types\/page"}],"author":[{"embeddable":true,"href":"https:\/\/polikistikover.net\/yeni\/wp-json\/wp\/v2\/users\/1"}],"replies":[{"embeddable":true,"href":"https:\/\/polikistikover.net\/yeni\/wp-json\/wp\/v2\/comments?post=13101"}],"version-history":[{"count":9,"href":"https:\/\/polikistikover.net\/yeni\/wp-json\/wp\/v2\/pages\/13101\/revisions"}],"predecessor-version":[{"id":13130,"href":"https:\/\/polikistikover.net\/yeni\/wp-json\/wp\/v2\/pages\/13101\/revisions\/13130"}],"wp:attachment":[{"href":"https:\/\/polikistikover.net\/yeni\/wp-json\/wp\/v2\/media?parent=13101"}],"curies":[{"name":"wp","href":"https:\/\/api.w.org\/{rel}","templated":true}]}}