{"id":13131,"date":"2025-12-07T02:08:39","date_gmt":"2025-12-07T02:08:39","guid":{"rendered":"https:\/\/polikistikover.net\/yeni\/?page_id=13131"},"modified":"2025-12-07T02:20:35","modified_gmt":"2025-12-07T02:20:35","slug":"tuylenme-artisi-ve-tiroid-hormonlari-2","status":"publish","type":"page","link":"https:\/\/polikistikover.net\/yeni\/tuylenme-artisi-ve-tiroid-hormonlari-2\/","title":{"rendered":"T\u00fcylenme Art\u0131\u015f\u0131 ve Tiroid Hormonlar\u0131"},"content":{"rendered":"\n<p class=\"has-text-align-center\"><strong><mark style=\"background-color:rgba(0, 0, 0, 0)\" class=\"has-inline-color has-dark-pink-color\">Fazla kilolu ki\u015filerde oldu\u011fu gibi normal kilolu veya zay\u0131f ki\u015filerde\u00a0<br>de tiroid bezinin az \u00e7al\u0131\u015fmas\u0131 SHBG \u00fcretimini azaltarak t\u00fcylenme art\u0131\u015f\u0131na neden olabilmektedir.<\/mark><\/strong><\/p>\n\n\n\n<p><br><strong><mark style=\"background-color:#facf0b\" class=\"has-inline-color\">1-<\/mark><\/strong>Tiroid bezinin az \u00e7al\u0131\u015fmas\u0131&nbsp;metabolizmay\u0131 yava\u015flatarak enerji t\u00fcketimini azalt\u0131r (v\u00fccut s\u0131cakl\u0131\u011f\u0131n\u0131n azalmas\u0131 gibi). <\/p>\n\n\n\n<p><strong><mark style=\"background-color:#face08\" class=\"has-inline-color\">2-<\/mark><\/strong>Enerji t\u00fcketiminin azalmas\u0131&nbsp;kilo art\u0131\u015f\u0131na ve v\u00fccut ya\u011f oran\u0131n\u0131n artmas\u0131na&nbsp;neden olmaktad\u0131r.<\/p>\n\n\n\n<p><strong><mark style=\"background-color:#fbf908\" class=\"has-inline-color\">3-<\/mark><\/strong>Kilo art\u0131\u015f\u0131 ve bunun sonucunda v\u00fccut ya\u011f oran\u0131n\u0131n artmas\u0131 erkeklik hormonlar\u0131na (testosteron) ba\u011flanarak onlar\u0131 etkisiz hale getiren&nbsp;SHBG (Sex Hormone Binding Globulin)&nbsp;miktar\u0131n\u0131 azalt\u0131r. <\/p>\n\n\n\n<p><strong><mark style=\"background-color:#fff409\" class=\"has-inline-color\">4-<\/mark><\/strong>SHBG miktar\u0131n\u0131n azalmas\u0131&nbsp;dihidrotestosteron (DHT)&nbsp;hormonuna d\u00f6n\u00fc\u015fen serbest testosteron miktar\u0131n\u0131n artmas\u0131na neden olur.  <\/p>\n\n\n\n<p><strong><mark style=\"background-color:#fdf208\" class=\"has-inline-color\">5-<\/mark><\/strong>Dihidrotestosteron&nbsp;hormonu miktar\u0131n\u0131n artmas\u0131 t\u00fcylenme art\u0131\u015f\u0131na yol a\u00e7maktad\u0131r.&nbsp;<\/p>\n\n\n\n<p class=\"has-text-align-center\"><\/p>\n\n\n\n<p><\/p>\n","protected":false},"excerpt":{"rendered":"<p>Fazla kilolu ki\u015filerde oldu\u011fu gibi normal kilolu veya zay\u0131f ki\u015filerde\u00a0de tiroid bezinin az \u00e7al\u0131\u015fmas\u0131 SHBG \u00fcretimini azaltarak t\u00fcylenme art\u0131\u015f\u0131na neden olabilmektedir. 1-Tiroid bezinin az \u00e7al\u0131\u015fmas\u0131&nbsp;metabolizmay\u0131 yava\u015flatarak enerji t\u00fcketimini azalt\u0131r (v\u00fccut s\u0131cakl\u0131\u011f\u0131n\u0131n azalmas\u0131 gibi). 2-Enerji t\u00fcketiminin azalmas\u0131&nbsp;kilo art\u0131\u015f\u0131na ve v\u00fccut ya\u011f oran\u0131n\u0131n artmas\u0131na&nbsp;neden olmaktad\u0131r. 3-Kilo art\u0131\u015f\u0131 ve bunun sonucunda v\u00fccut ya\u011f oran\u0131n\u0131n artmas\u0131 erkeklik hormonlar\u0131na (testosteron) [&hellip;]<\/p>\n","protected":false},"author":1,"featured_media":0,"parent":0,"menu_order":0,"comment_status":"closed","ping_status":"closed","template":"","meta":{"footnotes":""},"class_list":["post-13131","page","type-page","status-publish","hentry"],"_links":{"self":[{"href":"https:\/\/polikistikover.net\/yeni\/wp-json\/wp\/v2\/pages\/13131","targetHints":{"allow":["GET"]}}],"collection":[{"href":"https:\/\/polikistikover.net\/yeni\/wp-json\/wp\/v2\/pages"}],"about":[{"href":"https:\/\/polikistikover.net\/yeni\/wp-json\/wp\/v2\/types\/page"}],"author":[{"embeddable":true,"href":"https:\/\/polikistikover.net\/yeni\/wp-json\/wp\/v2\/users\/1"}],"replies":[{"embeddable":true,"href":"https:\/\/polikistikover.net\/yeni\/wp-json\/wp\/v2\/comments?post=13131"}],"version-history":[{"count":5,"href":"https:\/\/polikistikover.net\/yeni\/wp-json\/wp\/v2\/pages\/13131\/revisions"}],"predecessor-version":[{"id":13137,"href":"https:\/\/polikistikover.net\/yeni\/wp-json\/wp\/v2\/pages\/13131\/revisions\/13137"}],"wp:attachment":[{"href":"https:\/\/polikistikover.net\/yeni\/wp-json\/wp\/v2\/media?parent=13131"}],"curies":[{"name":"wp","href":"https:\/\/api.w.org\/{rel}","templated":true}]}}