{"id":13142,"date":"2025-12-07T02:25:53","date_gmt":"2025-12-07T02:25:53","guid":{"rendered":"https:\/\/polikistikover.net\/yeni\/?page_id=13142"},"modified":"2025-12-08T01:40:59","modified_gmt":"2025-12-08T01:40:59","slug":"zayif-veya-normal-kilolu-polikistik-over-olan-kadinlarda-insulin-direnci-2","status":"publish","type":"page","link":"https:\/\/polikistikover.net\/yeni\/zayif-veya-normal-kilolu-polikistik-over-olan-kadinlarda-insulin-direnci-2\/","title":{"rendered":"Zay\u0131f veya Normal Kilolu Polikistik Over Olan Kad\u0131nlarda \u0130ns\u00fclin Direnci"},"content":{"rendered":"\n<p style=\"text-align: center;\"><br \/>Normal kilolu hatta zay\u0131f olan polikistik overi olan kad\u0131nlarda da ins\u00fclin direnci s\u0131k olarak g\u00f6r\u00fclmektedir. Bu kad\u0131nlar\u0131n ortak \u00f6zelli\u011fi bel ve kar\u0131n \u00e7evrelerinin kal\u0131n olmas\u0131 ile birlikte kal\u00e7alar\u0131n\u0131n dar olmas\u0131d\u0131r.<\/p>\n<p><\/p>\n<p style=\"text-align: center;\">Bel ve kar\u0131n \u00e7evresindeki kal\u0131nla\u015fma ins\u00fclin direncine ba\u011fl\u0131 olarak kar\u0131n i\u00e7indeki karaci\u011fer ve barsak gibi organlar\u0131n \u00e7evresindeki ya\u011flanma art\u0131\u015f\u0131na ve kar\u0131n cilt alt\u0131 dokusunda ya\u011flanma art\u0131\u015f\u0131na ba\u011fl\u0131 olarak ortaya \u00e7\u0131kmaktad\u0131r.<\/p>\n<p><\/p>\n<p style=\"text-align: center;\">\u00d6zellikle zay\u0131f kad\u0131nlarda her \u00fc\u00e7 ins\u00fclin direnci vakas\u0131ndan iki tanesi a\u00e7l\u0131k ins\u00fclin ve \u015feker \u00f6l\u00e7\u00fcm\u00fc ile yap\u0131lan HOMA testi ile tespit edilememektedir. HOMA testi ile bu hastalarda ins\u00fclin direnci yakalanamamaktad\u0131r.<\/p>\n<p><\/p>\n<p style=\"text-align: center;\">A\u00e7l\u0131k ins\u00fclin ve kan \u015fekeri \u00f6l\u00e7\u00fcm\u00fcne dayanan HOMA testi sadece a\u00e7l\u0131k d\u00f6neminde karaci\u011ferdeki ins\u00fclin direncini g\u00f6stermektedir. Halbuki polikistik over sendromunda ins\u00fclin direncinin en b\u00fcy\u00fck k\u0131sm\u0131n\u0131 iskelet kaslar\u0131ndaki ins\u00fclin direnci olu\u015fturmaktad\u0131r.<\/p>\n<p><\/p>\n<p style=\"text-align: center;\">\u0130skelet kaslar\u0131 tokluk d\u00f6neminde kan \u015fekerinin \u00e7ok b\u00fcy\u00fck k\u0131sm\u0131n\u0131 kullanmaktad\u0131r. Dolay\u0131s\u0131yla polikistik over sendromu olan kad\u0131nlarda ins\u00fclin direncinin tespit edilebilmesi i\u00e7in tokluk d\u00f6nemindeki kan \u015fekeri ve ins\u00fclin de\u011ferlerini bilmemiz gerekmektedir. Bu nedenle a\u00e7l\u0131k kan \u015fekeri ve a\u00e7l\u0131k ins\u00fclin \u00f6l\u00e7\u00fcm\u00fcne dayanan HOMA testi polikistik over sendromunda yeterli de\u011fildir.<\/p>\n<p style=\"text-align: center;\">Kal\u0131n bel ve kar\u0131n \u00e7evresi ve ayn\u0131 zamanda da kal\u00e7as\u0131 dar olan zay\u0131f kad\u0131nlarda iskelet kaslar\u0131ndaki ins\u00fclin direncinin tespit edilebilmesi i\u00e7in \u015feker y\u00fckleme testi yap\u0131lmal\u0131d\u0131r.<\/p>\n<p><strong><\/strong><\/p>\n\n<p>\u00a0<\/p>\n","protected":false},"excerpt":{"rendered":"<p>Normal kilolu hatta zay\u0131f olan polikistik overi olan kad\u0131nlarda da ins\u00fclin direnci s\u0131k olarak g\u00f6r\u00fclmektedir. Bu kad\u0131nlar\u0131n ortak \u00f6zelli\u011fi bel ve kar\u0131n \u00e7evrelerinin kal\u0131n olmas\u0131 ile birlikte kal\u00e7alar\u0131n\u0131n dar olmas\u0131d\u0131r. Bel ve kar\u0131n \u00e7evresindeki kal\u0131nla\u015fma ins\u00fclin direncine ba\u011fl\u0131 olarak kar\u0131n i\u00e7indeki karaci\u011fer ve barsak gibi organlar\u0131n \u00e7evresindeki ya\u011flanma art\u0131\u015f\u0131na ve kar\u0131n cilt alt\u0131 dokusunda ya\u011flanma [&hellip;]<\/p>\n","protected":false},"author":1,"featured_media":0,"parent":0,"menu_order":0,"comment_status":"closed","ping_status":"closed","template":"","meta":{"footnotes":""},"class_list":["post-13142","page","type-page","status-publish","hentry"],"_links":{"self":[{"href":"https:\/\/polikistikover.net\/yeni\/wp-json\/wp\/v2\/pages\/13142","targetHints":{"allow":["GET"]}}],"collection":[{"href":"https:\/\/polikistikover.net\/yeni\/wp-json\/wp\/v2\/pages"}],"about":[{"href":"https:\/\/polikistikover.net\/yeni\/wp-json\/wp\/v2\/types\/page"}],"author":[{"embeddable":true,"href":"https:\/\/polikistikover.net\/yeni\/wp-json\/wp\/v2\/users\/1"}],"replies":[{"embeddable":true,"href":"https:\/\/polikistikover.net\/yeni\/wp-json\/wp\/v2\/comments?post=13142"}],"version-history":[{"count":23,"href":"https:\/\/polikistikover.net\/yeni\/wp-json\/wp\/v2\/pages\/13142\/revisions"}],"predecessor-version":[{"id":13181,"href":"https:\/\/polikistikover.net\/yeni\/wp-json\/wp\/v2\/pages\/13142\/revisions\/13181"}],"wp:attachment":[{"href":"https:\/\/polikistikover.net\/yeni\/wp-json\/wp\/v2\/media?parent=13142"}],"curies":[{"name":"wp","href":"https:\/\/api.w.org\/{rel}","templated":true}]}}