{"id":13271,"date":"2025-12-22T01:13:50","date_gmt":"2025-12-22T01:13:50","guid":{"rendered":"https:\/\/polikistikover.net\/yeni\/?page_id=13271"},"modified":"2025-12-23T01:53:01","modified_gmt":"2025-12-23T01:53:01","slug":"dhea-ve-dheas-yuksekligi","status":"publish","type":"page","link":"https:\/\/polikistikover.net\/yeni\/dhea-ve-dheas-yuksekligi\/","title":{"rendered":"Kad\u0131nlarda DHEA ve DHEA-S y\u00fcksekli\u011fi"},"content":{"rendered":"\n<p class=\"has-text-align-left\">DHEA ve onun deposu olan DHEAS a\u015fa\u011f\u0131daki \u015femada g\u00f6r\u00fclen b\u00f6brek \u00fcst\u00fc bezinde \u00fcretilen hormonlar\u0131 yapan enzimlerdeki bozukluklar sonucunda fazla miktarda \u00fcretilmektedir. Bu durum polkistik over sendromundan farkl\u0131 bir durumdur fakat polikistik over sendromu ile birlikte g\u00f6r\u00fclebilir. Fazla \u00e7al\u0131\u015fan B\u00f6brek \u00fcst\u00fc bezinin nadir g\u00f6r\u00fclen \u015fiddetli \u00e7e\u015fitleri <a href=\"https:\/\/polikistikover.net\/yeni\/polikistik-over-sendromuna-en-cok-benzeyen-hastalik-adrenal-hiperplazi\/\"><strong><mark style=\"background-color:rgba(0, 0, 0, 0);color:#f10505\" class=\"has-inline-color\">CAH (Congenital Adrenal Hiperplasia)<\/mark><\/strong><\/a> olmas\u0131na ra\u011fmen hafif formlar\u0131 daha s\u0131kl\u0131kla g\u00f6r\u00fclmektedir. B\u00f6brek \u00fcst\u00fc bezinde \u00fcretilen hammaddeler \u015femada da g\u00f6rece\u011finiz gibi pregnenolone ve DHEAS\u00a0(k\u0131rm\u0131z\u0131 kalem ile daire i\u00e7ine ald\u0131\u011f\u0131m) ve Dehydro-epi androsterone (DHEA) ve Androstanedione\u00a0(sar\u0131 kalem ile daire i\u00e7ine ald\u0131\u011f\u0131m) fazla miktarlarda \u00fcretilebilir.<\/p>\n\n\n<div class=\"wp-block-image\">\n<figure class=\"aligncenter size-full\"><img loading=\"lazy\" decoding=\"async\" width=\"899\" height=\"492\" src=\"https:\/\/polikistikover.net\/yeni\/wp-content\/uploads\/2025\/12\/Ekran-goruntusu-2025-12-22-040947-2.png\" alt=\"\" class=\"wp-image-13286\" srcset=\"https:\/\/polikistikover.net\/yeni\/wp-content\/uploads\/2025\/12\/Ekran-goruntusu-2025-12-22-040947-2.png 899w, https:\/\/polikistikover.net\/yeni\/wp-content\/uploads\/2025\/12\/Ekran-goruntusu-2025-12-22-040947-2-300x164.png 300w, https:\/\/polikistikover.net\/yeni\/wp-content\/uploads\/2025\/12\/Ekran-goruntusu-2025-12-22-040947-2-768x420.png 768w\" sizes=\"auto, (max-width: 899px) 100vw, 899px\" \/><\/figure>\n<\/div>\n\n\n<p>\u015eemada Ye\u015fil d\u00fcz bir \u00e7izginin alt\u0131nda g\u00f6r\u00fclen di\u011fer y\u00fcksek olan k\u0131rm\u0131z\u0131 kalem ile daire i\u00e7ine ald\u0131\u011f\u0131m dehydro-testosterone&nbsp;(dihydrotestosterone)&nbsp;ve 3 alpha androstanediol glucuronide&nbsp;<strong>b\u00f6brek \u00fcst\u00fc bezinde&nbsp; \u00fcretilmeyip<\/strong>&nbsp;cilt ve ya\u011f dokusu gibi periferik organlarda \u00fcretilmektedir. <\/p>\n\n\n\n<p>Sonu\u00e7 olarak bu kad\u0131nlarda b\u00f6brek \u00fcst\u00fc bezi taraf\u0131ndan fazla miktarda \u00fcretilen hammaddelerin periferik organlar taraf\u0131ndan kullan\u0131lmas\u0131yla testosteron hormonunun yakla\u015f\u0131k 10 kat\u0131 kadar daha g\u00fc\u00e7l\u00fc ve potent olan cilt, ya\u011f dokusu gibi periferik organlarda \u00fcretilen Dehydrotestosterone\u00a0(dihydrotestosterone) hormonu (\u015eemada k\u0131rm\u0131z\u0131 kalemle daire i\u00e7ine ald\u0131m) ve ayn\u0131\u00a0zamanda bu hormonun y\u0131k\u0131m \u00fcr\u00fcn\u00fc metaboliti olan 3 alpha- androstanediol glucuronide (\u015eemada k\u0131rm\u0131z\u0131 kalemle daire i\u00e7ine ald\u0131m)\u00a0kan dola\u015f\u0131m\u0131nda y\u00fcksek d\u00fczeyde saptanmaktad\u0131r. Bu kad\u0131nlar ortaya \u00e7\u0131kabilecek olan adet d\u00fczensizli\u011fi, erkek tipi t\u00fcylenme art\u0131\u015f\u0131, sa\u00e7 d\u00f6k\u00fclmesi ve akne \u015fikayetleri a\u00e7\u0131s\u0131ndan<strong>\u00a0erken te\u015fhi\u015f<\/strong>\u00a0edilmelidir. Erken te\u015fhis sonras\u0131nda bu kad\u0131nlar\u0131n klinik tablo ilerlemeden y\u00fcksek olan hormonlar\u0131n\u0131 d\u00fc\u015f\u00fcrmek i\u00e7in <a href=\"https:\/\/youtu.be\/LJUPHT-CL_0\"><strong><mark style=\"background-color:rgba(0, 0, 0, 0);color:#f60f07\" class=\"has-inline-color\">ila\u00e7 tedavisi <\/mark><\/strong><\/a>kullanmas\u0131 ve klinik olarak s\u0131k\u0131 bir \u015fekilde takip edilmesi gerekmektedir.<\/p>\n\n\n\n<p><\/p>\n","protected":false},"excerpt":{"rendered":"<p>DHEA ve onun deposu olan DHEAS a\u015fa\u011f\u0131daki \u015femada g\u00f6r\u00fclen b\u00f6brek \u00fcst\u00fc bezinde \u00fcretilen hormonlar\u0131 yapan enzimlerdeki bozukluklar sonucunda fazla miktarda \u00fcretilmektedir. Bu durum polkistik over sendromundan farkl\u0131 bir durumdur fakat polikistik over sendromu ile birlikte g\u00f6r\u00fclebilir. Fazla \u00e7al\u0131\u015fan B\u00f6brek \u00fcst\u00fc bezinin nadir g\u00f6r\u00fclen \u015fiddetli \u00e7e\u015fitleri CAH (Congenital Adrenal Hiperplasia) olmas\u0131na ra\u011fmen hafif formlar\u0131 daha s\u0131kl\u0131kla [&hellip;]<\/p>\n","protected":false},"author":1,"featured_media":0,"parent":0,"menu_order":0,"comment_status":"closed","ping_status":"closed","template":"","meta":{"footnotes":""},"class_list":["post-13271","page","type-page","status-publish","hentry"],"_links":{"self":[{"href":"https:\/\/polikistikover.net\/yeni\/wp-json\/wp\/v2\/pages\/13271","targetHints":{"allow":["GET"]}}],"collection":[{"href":"https:\/\/polikistikover.net\/yeni\/wp-json\/wp\/v2\/pages"}],"about":[{"href":"https:\/\/polikistikover.net\/yeni\/wp-json\/wp\/v2\/types\/page"}],"author":[{"embeddable":true,"href":"https:\/\/polikistikover.net\/yeni\/wp-json\/wp\/v2\/users\/1"}],"replies":[{"embeddable":true,"href":"https:\/\/polikistikover.net\/yeni\/wp-json\/wp\/v2\/comments?post=13271"}],"version-history":[{"count":21,"href":"https:\/\/polikistikover.net\/yeni\/wp-json\/wp\/v2\/pages\/13271\/revisions"}],"predecessor-version":[{"id":13330,"href":"https:\/\/polikistikover.net\/yeni\/wp-json\/wp\/v2\/pages\/13271\/revisions\/13330"}],"wp:attachment":[{"href":"https:\/\/polikistikover.net\/yeni\/wp-json\/wp\/v2\/media?parent=13271"}],"curies":[{"name":"wp","href":"https:\/\/api.w.org\/{rel}","templated":true}]}}