{"id":21,"date":"2023-09-28T12:21:07","date_gmt":"2023-09-28T12:21:07","guid":{"rendered":"https:\/\/narihealth.tanshcreative.com\/?page_id=21"},"modified":"2025-12-23T01:48:24","modified_gmt":"2025-12-23T01:48:24","slug":"about-usour-practice","status":"publish","type":"page","link":"https:\/\/polikistikover.net\/yeni\/about-usour-practice\/","title":{"rendered":"Polikistik Over Klini\u011fi"},"content":{"rendered":"<div style=\"width: 640px;\" class=\"wp-video\"><video class=\"wp-video-shortcode\" id=\"video-21-1\" width=\"640\" height=\"360\" preload=\"metadata\" controls=\"controls\"><source type=\"video\/mp4\" src=\"https:\/\/polikistikover.net\/yeni\/wp-content\/uploads\/2025\/10\/YouCut_20251012_184720160.mp4?_=1\" \/><a href=\"https:\/\/polikistikover.net\/yeni\/wp-content\/uploads\/2025\/10\/YouCut_20251012_184720160.mp4\">https:\/\/polikistikover.net\/yeni\/wp-content\/uploads\/2025\/10\/YouCut_20251012_184720160.mp4<\/a><\/video><\/div><br \/>\n\t\t\t\t\t       \t<a href=\"https:\/\/polikistikover.net\/yeni\/contact-us\/\" role=\"button\"><br \/>\n        \t\t            \u0130leti\u015fim &#038; Randevu<br \/>\n                            <\/a><br \/>\n\t\t\t\t\t<img decoding=\"async\" src=\"https:\/\/polikistikover.net\/yeni\/wp-content\/uploads\/elementor\/thumbs\/sp-icon2-rbng5nssryzs7v2g65bdiff7j6qu4dpqqcz128yc8w.png\" title=\"sp-icon2\" alt=\"sp-icon2\" loading=\"lazy\" \/>\t\t\t\t<\/p>\n<h5>Do\u011fum Kontrol Hap\u0131 Tedavisi<\/h5>\n<p>\t\t\t\t\t\tPolikistik over sendromu tedavisinde do\u011fum kontrol hap\u0131 kullan\u0131lmas\u0131 do\u011fru de\u011fildir.\u00a0 Tedavi etmemesine ve de hayati tehlikeye sahip olan bir \u00e7ok yan etkiye sahip olmas\u0131na ra\u011fmen do\u011fum kontrol haplar\u0131 polikistik over sendromu tedavisinde yayg\u0131n olarak kullan\u0131lmaktad\u0131r.<br \/>\n            <a href=\"https:\/\/polikistikover.net\/yeni\/dogum-kontrol-hapi-kullanimi-ve-polikistik-over-sendromu\/\" role=\"button\"><br \/>\n            Daha fazla bilgi edinin<br \/>\n            <\/a><br \/>\n\t\t\t\t\t<img decoding=\"async\" src=\"https:\/\/polikistikover.net\/yeni\/wp-content\/uploads\/elementor\/thumbs\/sp-icon5-rbng5oqmyt12jh130nq02x6o4km7c2th2hmijiwy2o.png\" title=\"sp-icon5\" alt=\"sp-icon5\" loading=\"lazy\" \/>\t\t\t\t<\/p>\n<h5>Gen\u00e7 K\u0131zlarda T\u00fcylenme Art\u0131\u015f\u0131 Tedavisi<\/h5>\n<p>\t\t\t\t\t\tPolikistik over sendromu 2500 gram dan daha d\u00fc\u015f\u00fck do\u011fum a\u011f\u0131rl\u0131\u011f\u0131 ile do\u011fan ve bunu takiben genital b\u00f6lge k\u0131llanmas\u0131 8 ya\u015f\u0131ndan \u00f6nce ortaya \u00e7\u0131kan k\u0131z \u00e7ocuklar\u0131nda daha fazla g\u00f6r\u00fclmektedir.<br \/>\n            <a href=\"https:\/\/polikistikover.net\/yeni\/genc-kizlarda-tuylenme-artisi-tedavisi\/\" role=\"button\"><br \/>\n            Daha fazla bilgi edinin<br \/>\n            <\/a><br \/>\n\t\t\t\t\t<img decoding=\"async\" src=\"https:\/\/polikistikover.net\/yeni\/wp-content\/uploads\/elementor\/thumbs\/sp-icon4-rbng5poh5n2cv2zpv64mney4pyhkjrx7ema00svjwg.png\" title=\"sp-icon4\" alt=\"sp-icon4\" loading=\"lazy\" \/>\t\t\t\t<\/p>\n<h5>Gen\u00e7 K\u0131zlarda Adet D\u00fczensizli\u011fi Tedavisi<\/h5>\n<p>\t\t\t\t\t\tErgenlik d\u00f6neminde polikistik over sendromu te\u015fhisi konulan yakla\u015f\u0131k her 5 k\u0131zdan 4 \u00fcnde asl\u0131nda polikistik over sendromu olmad\u0131\u011f\u0131 zaman i\u00e7inde anla\u015f\u0131lmaktad\u0131r.<br \/>\n            <a href=\"https:\/\/polikistikover.net\/yeni\/genc-kizlarda-adet-duzensizligi-tedavisi\/\" role=\"button\"><br \/>\n            Daha fazla bilgi edinin<br \/>\n            <\/a><br \/>\n\t\t\t\t\t<img decoding=\"async\" src=\"https:\/\/polikistikover.net\/yeni\/wp-content\/uploads\/elementor\/thumbs\/sp-icon8-rbng5tftwz7i5iu997r4xdzz3hz1ekc4r4vxxwpz7k.png\" title=\"sp-icon8\" alt=\"sp-icon8\" loading=\"lazy\" \/>\t\t\t\t<\/p>\n<h5>Polikistik Over Sendromu\u2019nda Sivilce ve Tedavisi<\/h5>\n<p>\t\t\t\t\t\tA vitamini (Retinoik asit) benzeri maddeleri (isotretinoin) i\u00e7eren ila\u00e7lar (roaccutane, accutane) polikistik over sendromu olan kad\u0131nlarda altta yatan sorunu tedavi etmemektedir<br \/>\n            <a href=\"https:\/\/polikistikover.net\/yeni\/polikistik-over-sendromunda-sivilce-ve-tedavisi\/\" role=\"button\"><br \/>\n            Daha fazla bilgi edinin<br \/>\n            <\/a><br \/>\n\t\t\t\t\t<img decoding=\"async\" src=\"https:\/\/polikistikover.net\/yeni\/wp-content\/uploads\/elementor\/thumbs\/sp-icon1-rbng5qmbch3n6oycpoj97wplbccxrh0xqqxhi2u5q8.png\" title=\"sp-icon1\" alt=\"sp-icon1\" loading=\"lazy\" \/>\t\t\t\t<\/p>\n<h5>Polikistik Over Sendromu\u2019nda Sa\u00e7 D\u00f6k\u00fclmesi ve Tedavisi<\/h5>\n<p>\t\t\t\t\t\tSa\u00e7 ekimi (implantation) ve sa\u00e7 nakli (transplantasyon) tedavisi sa\u00e7 d\u00f6k\u00fclmesine neden olan erkeklik hormonlar\u0131 ve onlar\u0131n hammaddelerinde g\u00f6r\u00fclen art\u0131\u015f\u0131n ve onlar\u0131n sa\u00e7l\u0131 deri \u00fczerindeki etkilerinin tedavisi ile birlikte uyguland\u0131\u011f\u0131 zaman faydal\u0131 olmaktad\u0131r.<br \/>\n            <a href=\"https:\/\/polikistikover.net\/yeni\/polikistik-over-sendromunda-sac-dokulmesi-ve-tedavisi\/\" role=\"button\"><br \/>\n            Daha fazla bilgi edinin<br \/>\n            <\/a><br \/>\n\t\t\t\t\t<img decoding=\"async\" src=\"https:\/\/polikistikover.net\/yeni\/wp-content\/uploads\/elementor\/thumbs\/sp-icon6-rbng5qmbch3n6oycpoj97wplbccxrh0xqqxhi2u5q8.png\" title=\"sp-icon6\" alt=\"sp-icon6\" loading=\"lazy\" \/>\t\t\t\t<\/p>\n<h5>Polikistik Over Sendromu&#8217;nda \u00c7ocuk \u0130ste\u011fi ve Tedavisi<\/h5>\n<p>\t\t\t\t\t\tPolikistik over sendromu olan ve \u00e7ocuk sahibi olmak isteyen kad\u0131nlara \u00e7e\u015fitli nedenlerle &#8220;senin \u00e7ocu\u011fun olmaz, sen k\u0131s\u0131rs\u0131n&#8221; veya &#8220;t\u00fcp bebek yap\u0131lmas\u0131ndan ba\u015fka \u00e7aren yok&#8221; deniliyor. Halbuki, tam tersine polikistik over sendromu olan kad\u0131nlar\u0131n yumurtal\u0131k rezervleri ve \u00fcreme kapasiteleri teorik olarak di\u011fer kad\u0131nlardan daha fazlad\u0131r.<br \/>\n            <a href=\"https:\/\/polikistikover.net\/yeni\/polikistik-over-sendromunda-cocuk-istegi-ve-tedavisi-5\/\" role=\"button\"><br \/>\n            Daha fazla bilgi edinin<br \/>\n            <\/a><br \/>\n\t\t\t\t\t<img decoding=\"async\" src=\"https:\/\/polikistikover.net\/yeni\/wp-content\/uploads\/elementor\/thumbs\/sp-icon3-rbng5rk5jb4xiawzk6xvseh1wq8az64o2vkyzcsrk0.png\" title=\"sp-icon3\" alt=\"sp-icon3\" loading=\"lazy\" \/>\t\t\t\t<\/p>\n<h5>Polikistik Over Sendromu\u2019nda Kilo art\u0131\u015f\u0131 ve \u015ei\u015fmanl\u0131k Tedavisi<\/h5>\n<p>\t\t\t\t\t\t90 kg a\u011f\u0131rl\u0131\u011f\u0131nda polikistik over sendromu olmayan sporcu bir kad\u0131n\u0131n v\u00fccut ya\u011f oran\u0131, 45 kg a\u011f\u0131rl\u0131\u011f\u0131nda polikistik over sendromu olan bir kad\u0131n\u0131n ya\u011f oran\u0131ndan daha az olabilmektedir. Ya\u011f dokusu erkeklik hormonlar\u0131n\u0131n \u00fcretildi\u011fi yerlerden biri oldu\u011fu i\u00e7in 45 kg a\u011f\u0131rl\u0131\u011f\u0131nda ve ya\u011f dokusu fazla olan kad\u0131nda, 90 kg a\u011f\u0131rl\u0131\u011f\u0131nda ve ya\u011f dokusu az olan kad\u0131ndan daha fazla erkeklik hormonu \u00fcretilmektedir.<br \/>\n            <a href=\"https:\/\/polikistikover.net\/yeni\/polikistik-over-sendromunda-kilo-artisi-ve-sismanlik\/\" role=\"button\"><br \/>\n            Daha fazla bilgi edinin<br \/>\n            <\/a><br \/>\n\t\t\t\t\t<img decoding=\"async\" src=\"https:\/\/polikistikover.net\/yeni\/wp-content\/uploads\/elementor\/thumbs\/sp-icon7-rbng5shzq567twvmepcicw8ii43o6v8ef08ggmrdds.png\" title=\"sp-icon7\" alt=\"sp-icon7\" loading=\"lazy\" \/>\t\t\t\t<\/p>\n<h5>Polikistik Over Sendromu\u2019nda \u0130ns\u00fclin Direnci ve \u015eeker Hastal\u0131\u011f\u0131 Tedavisi<\/h5>\n<p>\t\t\t\t\t\tPolikistik over sendromu\u2019nda fazla kilolu veya \u015fi\u015fman olan ya da normal kilolu veya zay\u0131f fakat bel \u00e7evresi kal\u0131n olan kad\u0131nlar\u0131n b\u00fcy\u00fck \u00e7o\u011funlu\u011funda ins\u00fclin direnci g\u00f6r\u00fclmektedir.<br \/>\n            <a href=\"https:\/\/polikistikover.net\/yeni\/polikistik-over-sendromunda-insulin-direnci-ve-seker-hastaligi\/\" role=\"button\"><br \/>\n            Daha fazla bilgi edinin<br \/>\n            <\/a><br \/>\n        <a href=\"#\" role=\"button\"><br \/>\n                Polikistik Over Klini\u011fi<br \/>\n        <\/a><\/p>\n<h2>Dr. Burak Hac\u0131hanefio\u011flu <\/h2>\n<p>\t\thttps:\/\/youtu.be\/78G5pFevJBUhttps:\/\/youtu.be\/34BrmJcyu0Qhttps:\/\/www.youtube.com\/shorts\/tXGM9Q2Ap00?feature=sharehttps:\/\/www.youtube.com\/shorts\/ycmFUHnN_PQ?feature=sharehttps:\/\/youtu.be\/kR4-_3po3hEhttps:\/\/youtu.be\/BZJ0J5Bkkoghttps:\/\/youtu.be\/F3SvzVwTivEhttps:\/\/www.youtube.com\/shorts\/q4HCKKFIcH4?feature=sharehttps:\/\/www.youtube.com\/shorts\/a7IoMfFaPrs?feature=sharehttps:\/\/www.youtube.com\/shorts\/_PUN2Ue663g?feature=sharehttps:\/\/www.youtube.com\/shorts\/EIWYmQC4KdY?feature=sharehttps:\/\/www.youtube.com\/shorts\/HAmx220gnkQ?feature=sharehttps:\/\/www.youtube.com\/shorts\/4G9EOJs7kh0?feature=sharehttps:\/\/www.youtube.com\/shorts\/brHz4Kx_aGY?feature=sharehttps:\/\/youtu.be\/whYwDn9yn0Ahttps:\/\/youtu.be\/P1K7AVwybEchttps:\/\/youtu.be\/rAdv8PAw2UEhttps:\/\/youtu.be\/E4N0h7D2awshttps:\/\/www.youtube.com\/shorts\/dFZvsrcH-vo?feature=sharehttps:\/\/www.youtube.com\/shorts\/cc8EiJoDxDM?feature=sharehttps:\/\/www.youtube.com\/shorts\/R0sq19SfDks?feature=sharehttps:\/\/www.youtube.com\/shorts\/pO1wVCimSng?feature=sharehttps:\/\/www.youtube.com\/shorts\/PmXpZ44FZms?feature=sharehttps:\/\/youtu.be\/xMBRoGiJMuEhttps:\/\/youtu.be\/NbmlKdtUQp0https:\/\/www.youtube.com\/shorts\/rDv7DdMIkaY?feature=sharehttps:\/\/www.youtube.com\/shorts\/ID0fS9NPEtQ?feature=sharehttps:\/\/www.youtube.com\/shorts\/vzMpagqirQg?feature=sharehttps:\/\/www.youtube.com\/shorts\/RnNDVLWzL8E?feature=sharehttps:\/\/youtu.be\/LJUPHT-CL_0<\/p>\n","protected":false},"excerpt":{"rendered":"<p>https:\/\/polikistikover.net\/yeni\/wp-content\/uploads\/2025\/10\/YouCut_20251012_184720160.mp4 \u0130leti\u015fim &#038; Randevu Do\u011fum Kontrol Hap\u0131 Tedavisi Polikistik over sendromu tedavisinde do\u011fum kontrol hap\u0131 kullan\u0131lmas\u0131 do\u011fru de\u011fildir.\u00a0 Tedavi etmemesine ve de hayati tehlikeye sahip olan bir \u00e7ok yan etkiye sahip olmas\u0131na ra\u011fmen do\u011fum kontrol haplar\u0131 polikistik over sendromu tedavisinde yayg\u0131n olarak kullan\u0131lmaktad\u0131r. Daha fazla bilgi edinin Gen\u00e7 K\u0131zlarda T\u00fcylenme Art\u0131\u015f\u0131 Tedavisi Polikistik over sendromu [&hellip;]<\/p>\n","protected":false},"author":1,"featured_media":0,"parent":0,"menu_order":0,"comment_status":"closed","ping_status":"closed","template":"elementor_header_footer","meta":{"footnotes":""},"class_list":["post-21","page","type-page","status-publish","hentry"],"_links":{"self":[{"href":"https:\/\/polikistikover.net\/yeni\/wp-json\/wp\/v2\/pages\/21","targetHints":{"allow":["GET"]}}],"collection":[{"href":"https:\/\/polikistikover.net\/yeni\/wp-json\/wp\/v2\/pages"}],"about":[{"href":"https:\/\/polikistikover.net\/yeni\/wp-json\/wp\/v2\/types\/page"}],"author":[{"embeddable":true,"href":"https:\/\/polikistikover.net\/yeni\/wp-json\/wp\/v2\/users\/1"}],"replies":[{"embeddable":true,"href":"https:\/\/polikistikover.net\/yeni\/wp-json\/wp\/v2\/comments?post=21"}],"version-history":[{"count":442,"href":"https:\/\/polikistikover.net\/yeni\/wp-json\/wp\/v2\/pages\/21\/revisions"}],"predecessor-version":[{"id":13326,"href":"https:\/\/polikistikover.net\/yeni\/wp-json\/wp\/v2\/pages\/21\/revisions\/13326"}],"wp:attachment":[{"href":"https:\/\/polikistikover.net\/yeni\/wp-json\/wp\/v2\/media?parent=21"}],"curies":[{"name":"wp","href":"https:\/\/api.w.org\/{rel}","templated":true}]}}