{"id":29,"date":"2023-09-28T12:22:43","date_gmt":"2023-09-28T12:22:43","guid":{"rendered":"https:\/\/narihealth.tanshcreative.com\/?page_id=29"},"modified":"2026-02-28T02:10:19","modified_gmt":"2026-02-28T02:10:19","slug":"contact-us","status":"publish","type":"page","link":"https:\/\/polikistikover.net\/yeni\/contact-us\/","title":{"rendered":"\u0130leti\u015fim &amp; Randevu"},"content":{"rendered":"<p><img loading=\"lazy\" decoding=\"async\" class=\"\" src=\"https:\/\/polikistikover.net\/yeni\/wp-content\/uploads\/2025\/10\/webresim.jpg\" sizes=\"auto, (max-width: 901px) 100vw, 901px\" srcset=\"https:\/\/polikistikover.net\/yeni\/wp-content\/uploads\/2025\/10\/webresim.jpg 901w, https:\/\/polikistikover.net\/yeni\/wp-content\/uploads\/2025\/10\/webresim-169x300.jpg 169w, https:\/\/polikistikover.net\/yeni\/wp-content\/uploads\/2025\/10\/webresim-577x1024.jpg 577w, https:\/\/polikistikover.net\/yeni\/wp-content\/uploads\/2025\/10\/webresim-768x1364.jpg 768w, https:\/\/polikistikover.net\/yeni\/wp-content\/uploads\/2025\/10\/webresim-865x1536.jpg 865w\" alt=\"\" width=\"421\" height=\"748\" \/><\/p>\n<h4>Op. Dr. Burak Hac\u0131hanefio\u011flu<\/h4>\n<h4><a href=\"https:\/\/polikistikover.net\/yeni\/testimonials\/\">Surp Agop Apartman\u0131, \u0130n\u00f6n\u00fc Mahallesi,<br \/>\nCumhuriyet Caddesi,<br \/>\nElmada\u011f No:57 Kat: 2, \u015ei\u015fli\/\u0130stanbul<\/a><\/h4>\n<p>&nbsp;<\/p>\n<p>Yol Tarifi<\/p>\n<p><img loading=\"lazy\" decoding=\"async\" src=\"https:\/\/polikistikover.net\/yeni\/wp-content\/uploads\/2025\/09\/Ekran-goruntusu-2025-08-08-223718.png\" sizes=\"auto, (max-width: 396px) 100vw, 396px\" srcset=\"https:\/\/polikistikover.net\/yeni\/wp-content\/uploads\/2025\/09\/Ekran-goruntusu-2025-08-08-223718.png 396w, https:\/\/polikistikover.net\/yeni\/wp-content\/uploads\/2025\/09\/Ekran-goruntusu-2025-08-08-223718-238x300.png 238w\" alt=\"\" width=\"396\" height=\"500\" \/><br \/>\n<a role=\"button\" href=\"https:\/\/www.google.com\/maps\/place\/Op.+Dr.+Burak+Hac%C4%B1hanefio%C4%9Flu\/@41.041813,28.986272,10z\/data=!4m6!3m5!1s0x14cab70318477bd9:0x9be828f8b782f7e1!8m2!3d41.0418126!4d28.9862719!16s%2Fg%2F11g7nnjtyl?hl=tr&amp;entry=ttu&amp;g_ep=EgoyMDI1MTExMi4wIKXMDSoASAFQAw%3D%3D\"><br \/>\n<\/a><\/p>\n<h2><a href=\"https:\/\/www.google.com\/maps\/place\/Op.+Dr.+Burak+Hac%C4%B1hanefio%C4%9Flu\/@41.041813,28.986272,10z\/data=!4m6!3m5!1s0x14cab70318477bd9:0x9be828f8b782f7e1!8m2!3d41.0418126!4d28.9862719!16s%2Fg%2F11g7nnjtyl?hl=tr&amp;entry=ttu&amp;g_ep=EgoyMDI1MTExMS4wIKXMDSoASAFQAw%3D%3D\">RANDEVU<\/a><\/h2>\n<p>&nbsp;<\/p>\n<h4 style=\"text-align: left;\"><a href=\"https:\/\/www.google.com\/maps\/place\/Op.+Dr.+Burak+Hac%C4%B1hanefio%C4%9Flu\/@41.041813,28.986272,10z\/data=!4m6!3m5!1s0x14cab70318477bd9:0x9be828f8b782f7e1!8m2!3d41.0418126!4d28.9862719!16s%2Fg%2F11g7nnjtyl?hl=tr&amp;entry=ttu&amp;g_ep=EgoyMDI1MTExMi4wIKXMDSoASAFQAw%3D%3D\"><strong>Tel: 212 296 78 95 \u2013<\/strong><\/a><\/h4>\n<h4 style=\"text-align: left;\"><strong>212 296 78 96<\/strong><\/h4>\n<h4 style=\"text-align: left;\"><strong>Mobil Tel: +90 (530) 561 89 96<\/strong><\/h4>\n<h4 style=\"text-align: left;\"><strong>E-posta: bhkadinsagligi@gmail.com<\/strong><\/h4>\n<p><iframe title=\"Dr. Burak Hac\u0131hanefio\u011flu\" src=\"https:\/\/maps.google.com\/maps?q=Dr.%20Burak%20Hac%C4%B1hanefio%C4%9Flu&amp;t=m&amp;z=10&amp;output=embed&amp;iwloc=near\" aria-label=\"Dr. Burak Hac\u0131hanefio\u011flu\"><\/iframe><\/p>\n","protected":false},"excerpt":{"rendered":"<p>Op. Dr. Burak Hac\u0131hanefio\u011flu Surp Agop Apartman\u0131, \u0130n\u00f6n\u00fc Mahallesi, Cumhuriyet Caddesi, Elmada\u011f No:57 Kat: 2, \u015ei\u015fli\/\u0130stanbul &nbsp; Yol Tarifi RANDEVU &nbsp; Tel: 212 296 78 95 \u2013 212 296 78 96 Mobil Tel: +90 (530) 561 89 96 E-posta: bhkadinsagligi@gmail.com<\/p>\n","protected":false},"author":1,"featured_media":0,"parent":0,"menu_order":0,"comment_status":"closed","ping_status":"closed","template":"","meta":{"footnotes":""},"class_list":["post-29","page","type-page","status-publish","hentry"],"_links":{"self":[{"href":"https:\/\/polikistikover.net\/yeni\/wp-json\/wp\/v2\/pages\/29","targetHints":{"allow":["GET"]}}],"collection":[{"href":"https:\/\/polikistikover.net\/yeni\/wp-json\/wp\/v2\/pages"}],"about":[{"href":"https:\/\/polikistikover.net\/yeni\/wp-json\/wp\/v2\/types\/page"}],"author":[{"embeddable":true,"href":"https:\/\/polikistikover.net\/yeni\/wp-json\/wp\/v2\/users\/1"}],"replies":[{"embeddable":true,"href":"https:\/\/polikistikover.net\/yeni\/wp-json\/wp\/v2\/comments?post=29"}],"version-history":[{"count":486,"href":"https:\/\/polikistikover.net\/yeni\/wp-json\/wp\/v2\/pages\/29\/revisions"}],"predecessor-version":[{"id":13407,"href":"https:\/\/polikistikover.net\/yeni\/wp-json\/wp\/v2\/pages\/29\/revisions\/13407"}],"wp:attachment":[{"href":"https:\/\/polikistikover.net\/yeni\/wp-json\/wp\/v2\/media?parent=29"}],"curies":[{"name":"wp","href":"https:\/\/api.w.org\/{rel}","templated":true}]}}