{"id":6156,"date":"2025-09-15T20:42:46","date_gmt":"2025-09-15T20:42:46","guid":{"rendered":"https:\/\/polikistikover.net\/yeni\/?page_id=6156"},"modified":"2025-10-26T01:01:04","modified_gmt":"2025-10-26T01:01:04","slug":"polikistik-over-sendromunda-cinsel-istek-libido","status":"publish","type":"page","link":"https:\/\/polikistikover.net\/yeni\/polikistik-over-sendromunda-cinsel-istek-libido\/","title":{"rendered":"Polikistik Over Sendromu\u2019nda Cinsel \u0130stek (L\u0130bido)"},"content":{"rendered":"\n<p class=\"has-text-align-center\"><strong>Polikistik Over Sendromu\u2019nda cinsel iste\u011fi erkeklik hormonlar\u0131 (testosteron) ve \u00f6strojen (estradiol) hormonu belirlemektedir(5). Beyinde bulunan cinsel istek al\u0131c\u0131lar\u0131 (resept\u00f6r) testosteron taraf\u0131ndan uyar\u0131lmaktad\u0131r(6). &nbsp;<\/strong><\/p>\n\n\n\n<p>Polikistik Over Sendromu olan kad\u0131nlar\u0131n bir k\u0131sm\u0131nda erkeklik hormonlar\u0131 fazla miktarda \u00fcretilmektedir. Bir k\u0131sm\u0131nda ise erkeklik hormonu miktar\u0131 normal olmas\u0131na ra\u011fmen onlara ba\u011flanarak onlar\u0131 etkisiz hale getiren&nbsp;Sex Hormone Binding Globulin (SHBG) <a href=\"http:\/\/polikistikover.net\/sex-hormone-binding-globulin\/\"><\/a>daha az miktarda \u00fcretilmektedir. SHBG miktar\u0131n\u0131n az olmas\u0131 erkeklik hormonu miktar\u0131n\u0131n normal seviyede olmas\u0131na ra\u011fmen serbest dola\u015fan yani ba\u011flanmam\u0131\u015f olan erkeklik hormonlar\u0131n\u0131n miktar ve etkinli\u011finin artmas\u0131na neden olmaktad\u0131r(6,7). SHBG ye ba\u011flanmam\u0131\u015f testosteron&nbsp;erkeklik hormonlar\u0131n\u0131n en etkili formu olan&nbsp;dihidrotestosteron&nbsp;(DHT) hormonuna d\u00f6n\u00fc\u015fmektedir.<\/p>\n\n\n\n<p class=\"has-text-align-center\"><strong><mark style=\"background-color:rgba(0, 0, 0, 0)\" class=\"has-inline-color has-dark-pink-color\">Cinsel istek (cinsellik)&nbsp;erkeklik hormonlar\u0131 ve onlar\u0131n son \u00fcr\u00fcn\u00fc olan&nbsp;dihidrotestosteron miktar\u0131 ile do\u011fru orant\u0131l\u0131 olarak, SHBG miktar\u0131 ile ters orant\u0131l\u0131 olarak de\u011fi\u015fmektedir(10).<\/mark><\/strong><\/p>\n\n\n\n<p class=\"has-text-align-center\"><strong><mark style=\"background-color:#fa5702\" class=\"has-inline-color\">\u00d6rnek-1 ;\u00a0<\/mark><\/strong><\/p>\n\n\n\n<p>Do\u011fum kontrol hap\u0131 kullanan kad\u0131nlarda\u00a0yumurtal\u0131klar bask\u0131land\u0131\u011f\u0131 i\u00e7in erkeklik hormonu \u00fcretimi azal\u0131r ve SHBG miktar\u0131 artar. Bunun sonucunda do\u011fum kontrol hap\u0131 kullanan kad\u0131nlarda zaman i\u00e7inde cinsel isteksizlik ortaya \u00e7\u0131kabilmektedir(8,9).<\/p>\n\n\n\n<p class=\"has-text-align-center\"><strong><mark style=\"background-color:#fe6001\" class=\"has-inline-color\">\u00d6rnek-2; <\/mark><\/strong><\/p>\n\n\n\n<p>Ya\u015f ilerledik\u00e7e erkeklik hormonlar\u0131n\u0131n\u00a0ve bunlar\u0131n etkin formu olan Dihidrotestosteron (DHT) \u00fcretimi polikistik over sendromu olan kad\u0131nlarda da di\u011fer kad\u0131nlarda oldu\u011fu gibi azalmaktad\u0131r(9,10,11). Bunun sonucunda azalan erkeklik hormonlar\u0131na paralel olarak bir cinsel isteksizlik durumu ortaya \u00e7\u0131kabilmektedir. Fakat, Polikistik overi olan kad\u0131nlarda erkeklik hormonlar\u0131 ileri ya\u015flarda da di\u011fer kad\u0131nlara g\u00f6re daha fazla \u00fcretilmeye devam etti\u011fi i\u00e7in hatta menopoz sonras\u0131nda bile daha fazla erkeklik hormonu \u00fcretildi\u011fi i\u00e7in di\u011fer kad\u0131nlarla kar\u015f\u0131la\u015ft\u0131r\u0131ld\u0131\u011f\u0131nda cinsel isteksizlik daha az oranda g\u00f6r\u00fclmektedir.<\/p>\n\n\n\n<p class=\"has-text-align-center\"><strong><mark style=\"background-color:rgba(0, 0, 0, 0)\" class=\"has-inline-color has-dark-pink-color\">Polikistik over sendromu olan kad\u0131nlar\u0131n bir k\u0131sm\u0131nda erkeklik hormonlar\u0131n\u0131n fazla miktarda \u00fcretilmesi ve fazla miktarda \u00fcretilen erkeklik hormonlar\u0131n&nbsp;dihidrotestosteron&nbsp;hormonuna d\u00f6n\u00fc\u015fmesi nedeniyle cinsel istek (libido) art\u0131\u015f\u0131 ile birlikte&nbsp;agresif, sald\u0131rgan, gergin, sinirli ve \u00f6fkeli davran\u0131\u015f&nbsp;\u00f6zellikleri g\u00f6r\u00fclebilmektedir.<\/mark><\/strong><\/p>\n\n\n\n<figure class=\"wp-block-embed aligncenter is-type-video is-provider-youtube wp-block-embed-youtube wp-embed-aspect-16-9 wp-has-aspect-ratio\"><div class=\"wp-block-embed__wrapper\">\n<iframe loading=\"lazy\" title=\"Polikistik Over Cinsel \u0130stek Libido #polikistikover #polikistikoverlibido #erkeklikhormonlar\u0131 #pkos\" width=\"1320\" height=\"743\" src=\"https:\/\/www.youtube.com\/embed\/4G9EOJs7kh0?feature=oembed\" frameborder=\"0\" allow=\"accelerometer; autoplay; clipboard-write; encrypted-media; gyroscope; picture-in-picture; web-share\" referrerpolicy=\"strict-origin-when-cross-origin\" allowfullscreen><\/iframe>\n<\/div><\/figure>\n\n\n\n<p class=\"has-text-align-center\"><strong>Kaynaklar<\/strong><\/p>\n\n\n\n<p>1-Women with polycystic ovary syndrome wedge resected in 1956 to 1965: a long-term follow-up focusing on natural history and circulating hormones. Dahlgren E, Johansson S, Lindstedt G, Knutsson F, Od\u00e9n A, Janson PO, Mattson LA, Crona N, Lundberg PA.&nbsp;Fertil Steril. 1992&nbsp;Mar;57(3):505-13.<\/p>\n\n\n\n<p>2-Women with polycystic ovary syndrome gain regular menstrual cycles when ageing. Elting MW, Korsen TJ, Rekers-Mombarg LT, Schoemaker J.&nbsp;Hum Reprod. 2000&nbsp;Jan;15(1):24-8.<\/p>\n\n\n\n<p>3-Serum testosterone levels decrease in middle age in women with the polycystic ovary syndrome. Winters SJ, Talbott E, Guzick DS, Zborowski J, McHugh KP.&nbsp;Fertil Steril. 2000&nbsp;Apr;73(4):724-9.<\/p>\n\n\n\n<p>4-Age-related differences in features associated with polycystic ovary syndrome in normogonadotrophic oligo-amenorrhoeic infertile women of reproductive years. Bili H, Laven J, Imani B, Eijkemans MJ, Fauser BC.&nbsp;Eur J Endocrinol. 2001&nbsp;Dec;145(6):749-55.<\/p>\n\n\n\n<p>5-Long-term follow-up of patients with polycystic ovary syndrome: reproductive outcome and ovarian reserve. Hudecova M, Holte J, Olovsson M, Sundstr\u00f6m Poromaa I.&nbsp;Hum Reprod. 2009&nbsp;May;24(5):1176-83.<\/p>\n\n\n\n<p>6-Steroid hormones and aging: free testosterone, testosterone and androstenedione in normal females aged 20-87 years. Purifoy FE, Koopmans LH, Tatum RW.&nbsp;Hum Biol. 1980&nbsp;May;52(2):181-91.<\/p>\n\n\n\n<p>7-Twenty-four-hour mean plasma testosterone concentration declines with age in normal premenopausal women. Zumoff B, Strain GW, Miller LK, Rosner W.&nbsp;J Clin Endocrinol Metab. 1995&nbsp;Apr;80(4):1429-30.<\/p>\n\n\n\n<p>8-The relationship of circulating dehydroepiandrosterone, testosterone, and estradiol to stages of the menopausal transition and ethnicity. Lasley BL, Santoro N, Randolf JF, Gold EB, Crawford S, Weiss G, McConnell DS, Sowers MF.&nbsp;J Clin Endocrinol Metab. 2002&nbsp;Aug;87(8):3760-7.<\/p>\n\n\n\n<p>9-A prospective longitudinal study of serum testosterone, dehydroepiandrosterone sulfate, and sex hormone-binding globulin levels through the menopause transition. Burger HG, Dudley EC, Cui J, Dennerstein L, Hopper JL.&nbsp;J Clin Endocrinol Metab. 2000&nbsp;Aug;85(8):2832-8.<\/p>\n\n\n\n<p>10-Testosterone therapy in women: a review. Bolour S, Braunstein G.bInt J Impot Res. 2005&nbsp;Sep-Oct;17(5):399-408.<\/p>\n\n\n\n<p>11-The endocrinology of the menopause. Burger HG. Maturitas. 1996&nbsp;Mar;23(2):129-36.<\/p>\n","protected":false},"excerpt":{"rendered":"<p>Polikistik Over Sendromu\u2019nda cinsel iste\u011fi erkeklik hormonlar\u0131 (testosteron) ve \u00f6strojen (estradiol) hormonu belirlemektedir(5). Beyinde bulunan cinsel istek al\u0131c\u0131lar\u0131 (resept\u00f6r) testosteron taraf\u0131ndan uyar\u0131lmaktad\u0131r(6). &nbsp; Polikistik Over Sendromu olan kad\u0131nlar\u0131n bir k\u0131sm\u0131nda erkeklik hormonlar\u0131 fazla miktarda \u00fcretilmektedir. Bir k\u0131sm\u0131nda ise erkeklik hormonu miktar\u0131 normal olmas\u0131na ra\u011fmen onlara ba\u011flanarak onlar\u0131 etkisiz hale getiren&nbsp;Sex Hormone Binding Globulin (SHBG) daha [&hellip;]<\/p>\n","protected":false},"author":1,"featured_media":0,"parent":0,"menu_order":0,"comment_status":"closed","ping_status":"closed","template":"","meta":{"footnotes":""},"class_list":["post-6156","page","type-page","status-publish","hentry"],"_links":{"self":[{"href":"https:\/\/polikistikover.net\/yeni\/wp-json\/wp\/v2\/pages\/6156","targetHints":{"allow":["GET"]}}],"collection":[{"href":"https:\/\/polikistikover.net\/yeni\/wp-json\/wp\/v2\/pages"}],"about":[{"href":"https:\/\/polikistikover.net\/yeni\/wp-json\/wp\/v2\/types\/page"}],"author":[{"embeddable":true,"href":"https:\/\/polikistikover.net\/yeni\/wp-json\/wp\/v2\/users\/1"}],"replies":[{"embeddable":true,"href":"https:\/\/polikistikover.net\/yeni\/wp-json\/wp\/v2\/comments?post=6156"}],"version-history":[{"count":22,"href":"https:\/\/polikistikover.net\/yeni\/wp-json\/wp\/v2\/pages\/6156\/revisions"}],"predecessor-version":[{"id":10354,"href":"https:\/\/polikistikover.net\/yeni\/wp-json\/wp\/v2\/pages\/6156\/revisions\/10354"}],"wp:attachment":[{"href":"https:\/\/polikistikover.net\/yeni\/wp-json\/wp\/v2\/media?parent=6156"}],"curies":[{"name":"wp","href":"https:\/\/api.w.org\/{rel}","templated":true}]}}