{"id":6222,"date":"2025-09-16T08:40:23","date_gmt":"2025-09-16T08:40:23","guid":{"rendered":"https:\/\/polikistikover.net\/yeni\/?page_id=6222"},"modified":"2025-11-30T05:45:23","modified_gmt":"2025-11-30T05:45:23","slug":"alkol-ve-polikistik-over","status":"publish","type":"page","link":"https:\/\/polikistikover.net\/yeni\/alkol-ve-polikistik-over\/","title":{"rendered":"Alkol ve Polikistik Over"},"content":{"rendered":"\n<p><br>Alkol (Etanol) al\u0131\u015fkanl\u0131\u011f\u0131 di\u011fer kad\u0131nlarda oldu\u011fu gibi polikistik over sendromu olan kad\u0131nlarda da gebelik olu\u015fumunu zorla\u015ft\u0131rmaktad\u0131r. G\u00fcnde belirli bir miktar\u0131n \u00fczerinde alkol kullanan ve \u00e7ocuk sahibi olmak isteyen kad\u0131nlarda, hi\u00e7 kullanmayanlara ve daha az kullananlara g\u00f6re canl\u0131 bir bebek do\u011furma ihtimali (fecundity) kullan\u0131lan alkol miktar\u0131 ile orant\u0131l\u0131 olarak azalmaktad\u0131r. K\u0131sa bir s\u00fcrede fazla miktarda alkol kullanan kad\u0131nlarda da, uzun s\u00fcredir d\u00fczenli olarak kullananlarda oldu\u011fu gibi yumurtlama (ovulasyon) olmamas\u0131 (anovulasyon) nedeniyle gebelik olu\u015fumu zorla\u015fmaktad\u0131r. Alkol gebelik olu\u015fumunu \u00e7e\u015fitli yollarla zorla\u015ft\u0131rmaktad\u0131r;&nbsp;<\/p>\n\n\n\n<figure class=\"wp-block-image size-full\"><img loading=\"lazy\" decoding=\"async\" width=\"960\" height=\"540\" src=\"https:\/\/polikistikover.net\/yeni\/wp-content\/uploads\/2025\/09\/image-16.png\" alt=\"\" class=\"wp-image-6226\" srcset=\"https:\/\/polikistikover.net\/yeni\/wp-content\/uploads\/2025\/09\/image-16.png 960w, https:\/\/polikistikover.net\/yeni\/wp-content\/uploads\/2025\/09\/image-16-300x169.png 300w, https:\/\/polikistikover.net\/yeni\/wp-content\/uploads\/2025\/09\/image-16-768x432.png 768w\" sizes=\"auto, (max-width: 960px) 100vw, 960px\" \/><\/figure>\n\n\n\n<p>1-Alkol hipotalamusun daha \u00fcst seviyelerinde bulunan sinir h\u00fccrelerinden salg\u0131lanan kisspeptin \u00fcretimini azaltarak hipotalamus b\u00f6lgesinde bulunan sinir h\u00fccrelerinden daha az miktarda GnRH (Gonadotropin-releasing hormone) salg\u0131lanmas\u0131na neden olmaktad\u0131r. GnRH \u00fcretiminin azalmas\u0131 yumurtlama \u00f6ncesi olgun folik\u00fcl (dominant) geli\u015fimini ve yumurtlamay\u0131 (ovulasyon) da engellemektedir(216,223).<\/p>\n\n\n\n<p>2-Alkol \u00d6strojen (estradiol) miktar\u0131n\u0131 artt\u0131rmaktad\u0131r. Bunu estradiol \u00fcretimini artt\u0131rarak de\u011fil, y\u0131k\u0131m\u0131n\u0131 azaltarak yapmaktad\u0131r. Estradiol hormonunun karaci\u011ferde v\u00fccuttan at\u0131labilmesi i\u00e7in daha zay\u0131f bir \u00f6strojen olan estrone hormonuna d\u00f6n\u00fc\u015fmesi gerekmektedir. Estradiol hormonunun estrone hormonuna d\u00f6n\u00fc\u015f\u00fcm\u00fcnde de alkol\u00fcn v\u00fccuttan at\u0131lmas\u0131 i\u00e7in kullan\u0131lan enzimler kullan\u0131lmaktad\u0131r. Alkoll\u00fcn bu enzimleri kullanmas\u0131 nedeniyle estradiol hormonunun miktar\u0131 estrone hormonuna d\u00f6n\u00fc\u015femedi\u011fi i\u00e7in artmaktad\u0131r. Estradiol miktar\u0131n\u0131n artmas\u0131 nedeniyle hipofiz bezinde \u00fcretilen FSH hormonunun bask\u0131lanmas\u0131na ba\u011fl\u0131 olarak do\u011fum kontrol hap\u0131 kullan\u0131m\u0131na ve polikistik over sendromu\u2019na benzer \u015fekilde yumurta geli\u015fimi ve yumurtlama engellenmektedir.<\/p>\n\n\n\n<p>3-Alkol do\u011frudan yumurtal\u0131klarda granulosa h\u00fccrelerinde progesteron \u00fcretimini azaltmaktad\u0131r. Progesteron hormonunun az miktarda \u00fcretilmesi nedeniyle hipofiz de LH \u00fcreten h\u00fccrelerde bulunan GnRH al\u0131c\u0131lar\u0131n\u0131n (receptors) duyarl\u0131l\u0131\u011f\u0131 azald\u0131\u011f\u0131 i\u00e7in LH hormonu yeterli miktarda salg\u0131lanamamakta ve bunun sonucunda da yumurtlama (ovulasyon) olu\u015fmamaktad\u0131r.<\/p>\n\n\n\n<p>4-Kad\u0131nlarda alkol kullan\u0131m\u0131 testosteron miktar\u0131n\u0131 da artt\u0131rmaktad\u0131r. Bunu da estradiol hormonunda oldu\u011fu gibi karaci\u011ferde testosteron y\u0131k\u0131m\u0131n\u0131 azaltarak yapmaktad\u0131r.&nbsp;<\/p>\n","protected":false},"excerpt":{"rendered":"<p>Alkol (Etanol) al\u0131\u015fkanl\u0131\u011f\u0131 di\u011fer kad\u0131nlarda oldu\u011fu gibi polikistik over sendromu olan kad\u0131nlarda da gebelik olu\u015fumunu zorla\u015ft\u0131rmaktad\u0131r. G\u00fcnde belirli bir miktar\u0131n \u00fczerinde alkol kullanan ve \u00e7ocuk sahibi olmak isteyen kad\u0131nlarda, hi\u00e7 kullanmayanlara ve daha az kullananlara g\u00f6re canl\u0131 bir bebek do\u011furma ihtimali (fecundity) kullan\u0131lan alkol miktar\u0131 ile orant\u0131l\u0131 olarak azalmaktad\u0131r. K\u0131sa bir s\u00fcrede fazla miktarda alkol [&hellip;]<\/p>\n","protected":false},"author":1,"featured_media":0,"parent":0,"menu_order":0,"comment_status":"closed","ping_status":"closed","template":"","meta":{"footnotes":""},"class_list":["post-6222","page","type-page","status-publish","hentry"],"_links":{"self":[{"href":"https:\/\/polikistikover.net\/yeni\/wp-json\/wp\/v2\/pages\/6222","targetHints":{"allow":["GET"]}}],"collection":[{"href":"https:\/\/polikistikover.net\/yeni\/wp-json\/wp\/v2\/pages"}],"about":[{"href":"https:\/\/polikistikover.net\/yeni\/wp-json\/wp\/v2\/types\/page"}],"author":[{"embeddable":true,"href":"https:\/\/polikistikover.net\/yeni\/wp-json\/wp\/v2\/users\/1"}],"replies":[{"embeddable":true,"href":"https:\/\/polikistikover.net\/yeni\/wp-json\/wp\/v2\/comments?post=6222"}],"version-history":[{"count":6,"href":"https:\/\/polikistikover.net\/yeni\/wp-json\/wp\/v2\/pages\/6222\/revisions"}],"predecessor-version":[{"id":12952,"href":"https:\/\/polikistikover.net\/yeni\/wp-json\/wp\/v2\/pages\/6222\/revisions\/12952"}],"wp:attachment":[{"href":"https:\/\/polikistikover.net\/yeni\/wp-json\/wp\/v2\/media?parent=6222"}],"curies":[{"name":"wp","href":"https:\/\/api.w.org\/{rel}","templated":true}]}}