{"id":6276,"date":"2025-09-16T09:43:11","date_gmt":"2025-09-16T09:43:11","guid":{"rendered":"https:\/\/polikistikover.net\/yeni\/?page_id=6276"},"modified":"2025-12-09T23:54:29","modified_gmt":"2025-12-09T23:54:29","slug":"kucuk-kizlarda-dogum-kontrol-haplari","status":"publish","type":"page","link":"https:\/\/polikistikover.net\/yeni\/kucuk-kizlarda-dogum-kontrol-haplari\/","title":{"rendered":"K\u00fc\u00e7\u00fck K\u0131zlarda Do\u011fum Kontrol Haplar\u0131"},"content":{"rendered":"\n<p><\/p>\n\n\n\n<p>Do\u011fum kontrol haplar\u0131 9-10 ya\u015f\u0131nda hemen ilk adet kanamas\u0131n\u0131 takiben adet d\u00fczensizli\u011fi var diye baz\u0131 k\u0131zlara ba\u015flan\u0131yor. Bu olduk\u00e7a yanl\u0131\u015f bir uygulamad\u0131r. Bu adet d\u00fczensizliklerinin \u00e7o\u011funlu\u011fu 2 y\u0131l sonunda normale d\u00f6nmektedir zaten. \u0130ki y\u0131l sonra adet gecikmeleri olmaya devam ediyorsa bunlar\u0131nda ancak k\u00fc\u00e7\u00fck bir k\u0131sm\u0131nda polikistik over sendromu \u00e7\u0131kmaktad\u0131r. Do\u011fum Kontrol hap\u0131 kullanan bu k\u0131zlarda ne olmaktad\u0131r?<\/p>\n\n\n\n<p>1-Beyindeki hipotalamus ve hipofiz ile yumurtal\u0131k aras\u0131ndaki ileti\u015fimin olgunla\u015fmas\u0131n\u0131 do\u011fum kontrol haplar\u0131 engellemektedir bu k\u0131zlarda.<\/p>\n\n\n\n<p>2-Do\u011fum kontrol hap\u0131 verildi\u011fi zaman d\u00fczenli adet g\u00f6recekleri i\u00e7in asl\u0131nda altta yatan sorunu bizim g\u00f6rmemizi ya da polikistik over sendromu olan k\u0131zlarda bunu te\u015fhis etmemizi zorla\u015ft\u0131rmakta erken te\u015fhisi engellemektedir do\u011fum kontrol haplar\u0131.<\/p>\n\n\n\n<figure class=\"wp-block-embed is-type-rich is-provider-embed-handler wp-block-embed-embed-handler wp-embed-aspect-16-9 wp-has-aspect-ratio\"><div class=\"wp-block-embed__wrapper\">\n<iframe loading=\"lazy\" title=\"#polikistikover #adetd\u00fczensizli\u011fi #k\u0131zlar #do\u011fumkontrolhap\u0131 #tedavisi #tedavi #pkos #ergenlik #regl\" width=\"1320\" height=\"743\" src=\"https:\/\/www.youtube.com\/embed\/ycmFUHnN_PQ?feature=oembed\" frameborder=\"0\" allow=\"accelerometer; autoplay; clipboard-write; encrypted-media; gyroscope; picture-in-picture; web-share\" referrerpolicy=\"strict-origin-when-cross-origin\" allowfullscreen><\/iframe>\n<\/div><\/figure>\n","protected":false},"excerpt":{"rendered":"<p>Do\u011fum kontrol haplar\u0131 9-10 ya\u015f\u0131nda hemen ilk adet kanamas\u0131n\u0131 takiben adet d\u00fczensizli\u011fi var diye baz\u0131 k\u0131zlara ba\u015flan\u0131yor. Bu olduk\u00e7a yanl\u0131\u015f bir uygulamad\u0131r. Bu adet d\u00fczensizliklerinin \u00e7o\u011funlu\u011fu 2 y\u0131l sonunda normale d\u00f6nmektedir zaten. \u0130ki y\u0131l sonra adet gecikmeleri olmaya devam ediyorsa bunlar\u0131nda ancak k\u00fc\u00e7\u00fck bir k\u0131sm\u0131nda polikistik over sendromu \u00e7\u0131kmaktad\u0131r. Do\u011fum Kontrol hap\u0131 kullanan bu k\u0131zlarda [&hellip;]<\/p>\n","protected":false},"author":1,"featured_media":0,"parent":0,"menu_order":0,"comment_status":"closed","ping_status":"closed","template":"","meta":{"footnotes":""},"class_list":["post-6276","page","type-page","status-publish","hentry"],"_links":{"self":[{"href":"https:\/\/polikistikover.net\/yeni\/wp-json\/wp\/v2\/pages\/6276","targetHints":{"allow":["GET"]}}],"collection":[{"href":"https:\/\/polikistikover.net\/yeni\/wp-json\/wp\/v2\/pages"}],"about":[{"href":"https:\/\/polikistikover.net\/yeni\/wp-json\/wp\/v2\/types\/page"}],"author":[{"embeddable":true,"href":"https:\/\/polikistikover.net\/yeni\/wp-json\/wp\/v2\/users\/1"}],"replies":[{"embeddable":true,"href":"https:\/\/polikistikover.net\/yeni\/wp-json\/wp\/v2\/comments?post=6276"}],"version-history":[{"count":4,"href":"https:\/\/polikistikover.net\/yeni\/wp-json\/wp\/v2\/pages\/6276\/revisions"}],"predecessor-version":[{"id":13244,"href":"https:\/\/polikistikover.net\/yeni\/wp-json\/wp\/v2\/pages\/6276\/revisions\/13244"}],"wp:attachment":[{"href":"https:\/\/polikistikover.net\/yeni\/wp-json\/wp\/v2\/media?parent=6276"}],"curies":[{"name":"wp","href":"https:\/\/api.w.org\/{rel}","templated":true}]}}