{"id":6675,"date":"2025-09-20T13:22:30","date_gmt":"2025-09-20T13:22:30","guid":{"rendered":"https:\/\/polikistikover.net\/yeni\/?page_id=6675"},"modified":"2025-11-23T01:44:36","modified_gmt":"2025-11-23T01:44:36","slug":"genc-kizlarda-adet-duzensizligi-tedavisi","status":"publish","type":"page","link":"https:\/\/polikistikover.net\/yeni\/genc-kizlarda-adet-duzensizligi-tedavisi\/","title":{"rendered":"Gen\u00e7 K\u0131zlarda Adet D\u00fczensizli\u011fi Tedavisi"},"content":{"rendered":"\n<p class=\"has-text-align-center\"><strong><mark style=\"background-color:rgba(0, 0, 0, 0)\" class=\"has-inline-color has-dark-pink-color\">Ergenlik d\u00f6neminin do\u011fal, fizyolojik belirtileri polikistik over sendromu ile benzerlik g\u00f6stermektedir.<\/mark><\/strong><\/p>\n\n\n\n<p class=\"has-text-align-center\"> <strong><mark style=\"background-color:rgba(0, 0, 0, 0)\" class=\"has-inline-color has-dark-pink-color\">Bu benzerlik nedeniyle bu her iki durum birbirine s\u0131kl\u0131kla kar\u0131\u015ft\u0131r\u0131lmaktad\u0131r.<\/mark><\/strong><\/p>\n\n\n\n<p class=\"has-text-align-center\"><strong><mark style=\"background-color:rgba(0, 0, 0, 0)\" class=\"has-inline-color has-dark-pink-color\">Ergenlik d\u00f6neminde polikistik over sendromu te\u015fhisi konulan yakla\u015f\u0131k her 5 k\u0131zdan 4 \u00fcnde asl\u0131nda polikistik over sendromu olmad\u0131\u011f\u0131 zaman i\u00e7inde anla\u015f\u0131lmaktad\u0131r.<\/mark><\/strong><\/p>\n\n\n\n<p class=\"has-text-align-center\"><strong><mark style=\"background-color:rgba(0, 0, 0, 0)\" class=\"has-inline-color has-dark-blue-color\">Ergenlik d\u00f6neminin do\u011fal, fizyolojik belirtileri ile polikistik over sendromu ayr\u0131m\u0131n\u0131n nas\u0131l yap\u0131lmaktad\u0131r; <\/mark><\/strong><\/p>\n\n\n\n<p><strong><mark style=\"background-color:#fd0a0a\" class=\"has-inline-color\">1-<\/mark><\/strong>Ergenlik d\u00f6neminde hen\u00fcz beyin&nbsp;ve yumurtal\u0131k aras\u0131ndaki ileti\u015fim sistemi tam olarak olgunla\u015fmad\u0131\u011f\u0131 i\u00e7in yumurtlama olmamaktad\u0131r. <\/p>\n\n\n\n<p><strong><mark style=\"background-color:#f70e0e\" class=\"has-inline-color\">2-<\/mark><\/strong>Bu nedenle ilk adet kanamas\u0131 gecikebilece\u011fi gibi, d\u00fczenli yumurtlaman\u0131n ba\u015flad\u0131\u011f\u0131 16 ya\u015f\u0131na kadar adet d\u00fczensizli\u011fi devam edebilmektedir.<\/p>\n\n\n\n<p><strong><mark style=\"background-color:#f70505\" class=\"has-inline-color\">3-<\/mark><\/strong>Ergenlik d\u00f6neminde \u00e7o\u011funlukla&nbsp;polikistik over sendromuna benzeyen, 1.5-2 ay aral\u0131klarla g\u00f6r\u00fclen adet kanamalar\u0131, hatta bazen de 6 aydan daha uzun aral\u0131klarla adet kanamalar\u0131 g\u00f6r\u00fclebilmektedir.<\/p>\n\n\n\n<p><strong><mark style=\"background-color:#f80808\" class=\"has-inline-color\">4-<\/mark><\/strong>\u0130lk adet kanamas\u0131n\u0131 takip eden 5 y\u0131l\u0131n&nbsp;sonuna kadar her 5 k\u0131zdan, 4 \u00fcnde yumurtlaman\u0131n oldu\u011fu, d\u00fczenli adet kanamalar\u0131 ba\u015flamaktad\u0131r.<\/p>\n\n\n\n<p><strong><mark style=\"background-color:#f70d0d\" class=\"has-inline-color\">5-<\/mark><\/strong>\u0130lk adet kanamas\u0131n\u0131 takip eden 2 y\u0131l sonunda hala adet kanamalar\u0131 1.5-2 ay aral\u0131klarla olan k\u0131zlar\u0131n da ancak yar\u0131s\u0131nda polikistik over sendromu vard\u0131r.<\/p>\n\n\n\n<p><strong><mark style=\"background-color:#f70808\" class=\"has-inline-color\">6-<\/mark><\/strong>Ergenlik d\u00f6nemine ba\u011fl\u0131 adet d\u00fczensizli\u011fi olan k\u0131zlar\u0131n, biraz \u00f6nce bahsetti\u011fim polikistik over sendromu olmad\u0131\u011f\u0131 halde polikistik over te\u015fhisi konulan her 5 k\u0131zdan 4 \u00fcn\u00fcn bir k\u0131sm\u0131 maalesef tedavi olarak do\u011fum kontrol hap\u0131 kullanmaya ba\u015flamaktad\u0131r.<\/p>\n\n\n\n<p><strong><mark style=\"background-color:#fd0404\" class=\"has-inline-color\">7-<\/mark><\/strong>Do\u011fum kontrol haplar\u0131 asl\u0131nda k\u0131sa bir s\u00fcre sonra ba\u015flayacak olan d\u00fczenli adet kanamalar\u0131n\u0131n ortaya \u00e7\u0131kmas\u0131n\u0131 engellemektedir. &nbsp;<\/p>\n\n\n\n<p><strong><mark style=\"background-color:#f70d0d\" class=\"has-inline-color\">8-<\/mark><\/strong>Halbuki do\u011fum kontrol hap\u0131 kullan\u0131lmad\u0131\u011f\u0131nda, takip edildi\u011finde iki y\u0131l i\u00e7inde bu k\u0131zlar\u0131n b\u00fcy\u00fck \u00e7o\u011funlu\u011funun adetlerinde d\u00fczelme oldu\u011fu g\u00f6r\u00fclmektedir.<\/p>\n\n\n\n<figure class=\"wp-block-embed is-type-video is-provider-youtube wp-block-embed-youtube wp-embed-aspect-16-9 wp-has-aspect-ratio\"><div class=\"wp-block-embed__wrapper\">\n<iframe loading=\"lazy\" title=\"6- Ergenlik, Gen\u00e7 k\u0131zlar ve Polikistik Over Sendromu - Dr. Burak Hac\u0131hanefio\u011flu\" width=\"1320\" height=\"743\" src=\"https:\/\/www.youtube.com\/embed\/kR4-_3po3hE?feature=oembed\" frameborder=\"0\" allow=\"accelerometer; autoplay; clipboard-write; encrypted-media; gyroscope; picture-in-picture; web-share\" referrerpolicy=\"strict-origin-when-cross-origin\" allowfullscreen><\/iframe>\n<\/div><\/figure>\n\n\n\n<p class=\"has-text-align-center\"><strong><mark style=\"background-color:rgba(0, 0, 0, 0)\" class=\"has-inline-color has-dark-blue-color\">Ergenlik d\u00f6neminde ultrasonda yumurtal\u0131klarda polikistik over g\u00f6r\u00fcn\u00fcm\u00fc saptanmas\u0131 polikistik over sendromu oldu\u011fu anlam\u0131na gelmemektedir<\/mark><\/strong>;<\/p>\n\n\n\n<p><strong><mark style=\"background-color:#eff405\" class=\"has-inline-color\">1-<\/mark><\/strong>Ergenlik d\u00f6neminde k\u0131zlar\u0131n b\u00fcy\u00fck \u00e7o\u011funlu\u011funun yumurtal\u0131klar\u0131 zaten do\u011fal olarak beyinden salg\u0131lanan hormonlar\u0131n fizyolojik art\u0131\u015f\u0131na ba\u011fl\u0131 olarak kistik g\u00f6r\u00fcn\u00fcmdedir. Hatta nerdeyse bu k\u0131zlar\u0131n yar\u0131s\u0131n\u0131n yumurtal\u0131\u011f\u0131 polikistik g\u00f6r\u00fcn\u00fcmdedir.<\/p>\n\n\n\n<p><mark style=\"background-color:#fef30a\" class=\"has-inline-color\">2-<\/mark>Bu kistik g\u00f6r\u00fcnt\u00fc ergenlik d\u00f6neminin sonunda d\u00fczenli adet kanamalar\u0131n\u0131n ortaya \u00e7\u0131kmas\u0131yla birlikte kendili\u011finden kaybolmaktad\u0131r.<\/p>\n\n\n\n<p><strong><mark style=\"background-color:#faf00a\" class=\"has-inline-color\">3-<\/mark><\/strong>Ergenlik d\u00f6neminde adet d\u00fczensizli\u011fi ile beraber ultrasonda kistik yumurtal\u0131k g\u00f6r\u00fcn\u00fcm\u00fc olan k\u0131zlar\u0131n b\u00fcy\u00fck \u00e7o\u011funlu\u011funda polikistik over sendromu yoktur.<\/p>\n\n\n\n<figure class=\"wp-block-embed is-type-video is-provider-youtube wp-block-embed-youtube wp-embed-aspect-16-9 wp-has-aspect-ratio\"><div class=\"wp-block-embed__wrapper\">\n<iframe loading=\"lazy\" title=\"#polikistikover #adetd\u00fczensizli\u011fi #k\u0131zlar #do\u011fumkontrolhap\u0131 #tedavisi #tedavi #pkos #ergenlik #regl\" width=\"1320\" height=\"743\" src=\"https:\/\/www.youtube.com\/embed\/ycmFUHnN_PQ?feature=oembed\" frameborder=\"0\" allow=\"accelerometer; autoplay; clipboard-write; encrypted-media; gyroscope; picture-in-picture; web-share\" referrerpolicy=\"strict-origin-when-cross-origin\" allowfullscreen><\/iframe>\n<\/div><\/figure>\n\n\n\n<p class=\"has-text-align-center\"><strong><mark style=\"background-color:rgba(0, 0, 0, 0)\" class=\"has-inline-color has-dark-blue-color\">Ergenlik d\u00f6neminde \u015fi\u015fman ve ins\u00fclin direnci olan b\u00fct\u00fcn k\u0131zlar da polikistik over sendromu yoktur<\/mark><\/strong>;<\/p>\n\n\n\n<p class=\"has-text-align-left\"><strong><mark style=\"background-color:#5afd0a\" class=\"has-inline-color\">1-<\/mark><\/strong>Evet do\u011fru polikistik over sendromu olan k\u0131zlar\u0131n b\u00fcy\u00fck \u00e7o\u011funlu\u011fu \u015fi\u015fmand\u0131r. <\/p>\n\n\n\n<p class=\"has-text-align-left\"><strong><mark style=\"background-color:#9af70d\" class=\"has-inline-color\">2-<\/mark><\/strong>Fakat \u015fi\u015fman olan k\u0131zlar\u0131n b\u00fcy\u00fck \u00e7o\u011funlu\u011funda polikistik over sendromu yoktur.<\/p>\n\n\n\n<p class=\"has-text-align-center\"><strong><mark style=\"background-color:rgba(0, 0, 0, 0)\" class=\"has-inline-color has-dark-blue-color\">Ergenlikte g\u00f6r\u00fclen ins\u00fclin direnci de do\u011fal, fizyolojik bir ins\u00fclin direncidir<\/mark><\/strong>;<\/p>\n\n\n\n<p><strong><mark style=\"background-color:#fb5b08\" class=\"has-inline-color\">1-<\/mark><\/strong>Bu ins\u00fclin direnci k\u0131zlarda b\u00fcy\u00fcme ve geli\u015fme i\u00e7in gerekli olan aminoasitlerin yani proteinlerin y\u0131k\u0131m\u0131n\u0131n \u00f6nlenmesine, protein yerine \u00f6ncelikle ya\u011flar\u0131n enerji kayna\u011f\u0131 olarak kullan\u0131lmas\u0131na neden olmaktad\u0131r.<\/p>\n\n\n\n<p><strong><mark style=\"background-color:#f97002\" class=\"has-inline-color\">2-<\/mark><\/strong>Dolay\u0131s\u0131yla fizyolojik ins\u00fclin direnci ile polikistik over sendromuna ve \u015fi\u015fmanl\u0131\u011fa ba\u011fl\u0131 olan ins\u00fclin direnci birbirine kar\u0131\u015ft\u0131r\u0131lmamal\u0131d\u0131r.<\/p>\n\n\n\n<p><strong><mark style=\"background-color:#f45d0e\" class=\"has-inline-color\">3-<\/mark><\/strong>Ergenlik d\u00f6neminde fizyolojik ins\u00fclin direncinin azalt\u0131lmaya \u00e7al\u0131\u015f\u0131lmas\u0131 do\u011fru de\u011fildir.<\/p>\n\n\n\n<p><\/p>\n","protected":false},"excerpt":{"rendered":"<p>Ergenlik d\u00f6neminin do\u011fal, fizyolojik belirtileri polikistik over sendromu ile benzerlik g\u00f6stermektedir. Bu benzerlik nedeniyle bu her iki durum birbirine s\u0131kl\u0131kla kar\u0131\u015ft\u0131r\u0131lmaktad\u0131r. Ergenlik d\u00f6neminde polikistik over sendromu te\u015fhisi konulan yakla\u015f\u0131k her 5 k\u0131zdan 4 \u00fcnde asl\u0131nda polikistik over sendromu olmad\u0131\u011f\u0131 zaman i\u00e7inde anla\u015f\u0131lmaktad\u0131r. Ergenlik d\u00f6neminin do\u011fal, fizyolojik belirtileri ile polikistik over sendromu ayr\u0131m\u0131n\u0131n nas\u0131l yap\u0131lmaktad\u0131r; 1-Ergenlik [&hellip;]<\/p>\n","protected":false},"author":1,"featured_media":0,"parent":0,"menu_order":0,"comment_status":"closed","ping_status":"closed","template":"","meta":{"footnotes":""},"class_list":["post-6675","page","type-page","status-publish","hentry"],"_links":{"self":[{"href":"https:\/\/polikistikover.net\/yeni\/wp-json\/wp\/v2\/pages\/6675","targetHints":{"allow":["GET"]}}],"collection":[{"href":"https:\/\/polikistikover.net\/yeni\/wp-json\/wp\/v2\/pages"}],"about":[{"href":"https:\/\/polikistikover.net\/yeni\/wp-json\/wp\/v2\/types\/page"}],"author":[{"embeddable":true,"href":"https:\/\/polikistikover.net\/yeni\/wp-json\/wp\/v2\/users\/1"}],"replies":[{"embeddable":true,"href":"https:\/\/polikistikover.net\/yeni\/wp-json\/wp\/v2\/comments?post=6675"}],"version-history":[{"count":17,"href":"https:\/\/polikistikover.net\/yeni\/wp-json\/wp\/v2\/pages\/6675\/revisions"}],"predecessor-version":[{"id":12929,"href":"https:\/\/polikistikover.net\/yeni\/wp-json\/wp\/v2\/pages\/6675\/revisions\/12929"}],"wp:attachment":[{"href":"https:\/\/polikistikover.net\/yeni\/wp-json\/wp\/v2\/media?parent=6675"}],"curies":[{"name":"wp","href":"https:\/\/api.w.org\/{rel}","templated":true}]}}