{"id":6728,"date":"2025-09-21T05:02:39","date_gmt":"2025-09-21T05:02:39","guid":{"rendered":"https:\/\/polikistikover.net\/yeni\/?page_id=6728"},"modified":"2025-09-21T05:03:15","modified_gmt":"2025-09-21T05:03:15","slug":"polikistik-over-karaciger-yaglanmasi","status":"publish","type":"page","link":"https:\/\/polikistikover.net\/yeni\/polikistik-over-karaciger-yaglanmasi\/","title":{"rendered":"Polikistik Over Karaci\u011fer Ya\u011flanmas\u0131"},"content":{"rendered":"\n<p>Sa\u011fl\u0131kl\u0131 kad\u0131nlarda kal\u00e7a b\u00f6lgesinde bulunan ya\u011f h\u00fccrelerinin \u00f6zelli\u011fi yeni k\u00fc\u00e7\u00fck ya\u011f h\u00fccreleri \u00fcretme kapasitelerinin olmas\u0131 ve yeni olu\u015fan ya\u011f h\u00fccrelerinin besinlerle al\u0131nan ya\u011flar\u0131 h\u0131zl\u0131 bir \u015fekilde kullanmas\u0131 ve t\u00fcketmesidir. Buna kar\u015f\u0131l\u0131k polikistik over olan kad\u0131nlarda kal\u00e7a b\u00f6lgesinde bulunan ya\u011f h\u00fccrelerinin yeni ya\u011f h\u00fccreleri \u00fcretme kapasiteleri olmad\u0131\u011f\u0131 i\u00e7in ya\u011flar yukar\u0131 b\u00f6lgelere ta\u015f\u0131nmakta bel ve kar\u0131n b\u00f6lgesinde birikmektedir. Bel ve kar\u0131n b\u00f6lgesinde ya\u011f h\u00fccreleri \u00e7o\u011falmamaktad\u0131r. Ya\u011f h\u00fccreleri \u00e7o\u011falmad\u0131\u011f\u0131 i\u00e7in ya\u011flar h\u00fccrelerin i\u00e7inde birikmekte ve dev ya\u011f h\u00fccreleri olu\u015fmaktad\u0131r. Dev ya\u011f h\u00fccrelerinden sal\u0131nan ya\u011f asitleri kana kar\u0131\u015fmaktad\u0131r. Ya\u011f asitleri Kaslara ve karaci\u011fere giderek glukozun kullan\u0131lmas\u0131n\u0131 engellemekte ve ins\u00fclin direncine neden olmaktad\u0131r. Fazla miktarda t\u00fcketilen karbonhidrat karaci\u011fere giderek ya\u011f dokusuymu\u015f gibi karaci\u011feri kabul ederek ya\u011flanma art\u0131\u015f\u0131na neden olmaktad\u0131r.<\/p>\n\n\n\n<figure class=\"wp-block-embed is-type-video is-provider-youtube wp-block-embed-youtube wp-embed-aspect-16-9 wp-has-aspect-ratio\"><div class=\"wp-block-embed__wrapper\">\n<iframe loading=\"lazy\" title=\"#polikistikover #belya\u011flanmas\u0131 #karaci\u011ferya\u011flanmas\u0131 #kal\u00e7aya\u011flanmas\u0131 #ins\u00fclindirenci #ya\u011fh\u00fccresi\" width=\"1320\" height=\"743\" src=\"https:\/\/www.youtube.com\/embed\/a7IoMfFaPrs?feature=oembed\" frameborder=\"0\" allow=\"accelerometer; autoplay; clipboard-write; encrypted-media; gyroscope; picture-in-picture; web-share\" referrerpolicy=\"strict-origin-when-cross-origin\" allowfullscreen><\/iframe>\n<\/div><\/figure>\n\n\n\n<p><\/p>\n","protected":false},"excerpt":{"rendered":"<p>Sa\u011fl\u0131kl\u0131 kad\u0131nlarda kal\u00e7a b\u00f6lgesinde bulunan ya\u011f h\u00fccrelerinin \u00f6zelli\u011fi yeni k\u00fc\u00e7\u00fck ya\u011f h\u00fccreleri \u00fcretme kapasitelerinin olmas\u0131 ve yeni olu\u015fan ya\u011f h\u00fccrelerinin besinlerle al\u0131nan ya\u011flar\u0131 h\u0131zl\u0131 bir \u015fekilde kullanmas\u0131 ve t\u00fcketmesidir. Buna kar\u015f\u0131l\u0131k polikistik over olan kad\u0131nlarda kal\u00e7a b\u00f6lgesinde bulunan ya\u011f h\u00fccrelerinin yeni ya\u011f h\u00fccreleri \u00fcretme kapasiteleri olmad\u0131\u011f\u0131 i\u00e7in ya\u011flar yukar\u0131 b\u00f6lgelere ta\u015f\u0131nmakta bel ve kar\u0131n b\u00f6lgesinde [&hellip;]<\/p>\n","protected":false},"author":1,"featured_media":0,"parent":0,"menu_order":0,"comment_status":"closed","ping_status":"closed","template":"","meta":{"footnotes":""},"class_list":["post-6728","page","type-page","status-publish","hentry"],"_links":{"self":[{"href":"https:\/\/polikistikover.net\/yeni\/wp-json\/wp\/v2\/pages\/6728","targetHints":{"allow":["GET"]}}],"collection":[{"href":"https:\/\/polikistikover.net\/yeni\/wp-json\/wp\/v2\/pages"}],"about":[{"href":"https:\/\/polikistikover.net\/yeni\/wp-json\/wp\/v2\/types\/page"}],"author":[{"embeddable":true,"href":"https:\/\/polikistikover.net\/yeni\/wp-json\/wp\/v2\/users\/1"}],"replies":[{"embeddable":true,"href":"https:\/\/polikistikover.net\/yeni\/wp-json\/wp\/v2\/comments?post=6728"}],"version-history":[{"count":3,"href":"https:\/\/polikistikover.net\/yeni\/wp-json\/wp\/v2\/pages\/6728\/revisions"}],"predecessor-version":[{"id":6731,"href":"https:\/\/polikistikover.net\/yeni\/wp-json\/wp\/v2\/pages\/6728\/revisions\/6731"}],"wp:attachment":[{"href":"https:\/\/polikistikover.net\/yeni\/wp-json\/wp\/v2\/media?parent=6728"}],"curies":[{"name":"wp","href":"https:\/\/api.w.org\/{rel}","templated":true}]}}