{"id":7283,"date":"2025-09-24T03:58:42","date_gmt":"2025-09-24T03:58:42","guid":{"rendered":"https:\/\/polikistikover.net\/yeni\/?page_id=7283"},"modified":"2025-11-25T22:25:13","modified_gmt":"2025-11-25T22:25:13","slug":"polikistik-over-sendromunda-gebelikte-karsilasilan-sorunlar","status":"publish","type":"page","link":"https:\/\/polikistikover.net\/yeni\/polikistik-over-sendromunda-gebelikte-karsilasilan-sorunlar\/","title":{"rendered":"Polikistik Over Sendromu\u2019nda Gebelikte Kar\u015f\u0131la\u015f\u0131lan Sorunlar"},"content":{"rendered":"\n<p class=\"has-text-align-center\"><strong><mark style=\"background-color:rgba(0, 0, 0, 0)\" class=\"has-inline-color has-dark-blue-color\">Polikistik over sendromu olan bir kad\u0131nda gebelikte ortaya \u00e7\u0131kabilen sorunlar gebelik haftas\u0131na g\u00f6re s\u0131ras\u0131yla a\u015fa\u011f\u0131da belirtilmi\u015ftir;<\/mark><\/strong><\/p>\n\n\n\n<p><strong><mark style=\"background-color:#fdd907\" class=\"has-inline-color\">1-<\/mark><mark style=\"background-color:rgba(0, 0, 0, 0)\" class=\"has-inline-color has-dark-pink-color\">Polikistik over sendromu\u2019nun &nbsp;A ve B grubuna&nbsp;giren ki\u015filerde gebeli\u011fin s\u00fcresi di\u011fer gebelerde oldu\u011fu gibi son adet tarihine g\u00f6re hesaplan\u0131rsa gebelik hesaplanan zamandan daha k\u00fc\u00e7\u00fck bulunmaktad\u0131r. <\/mark><\/strong><\/p>\n\n\n\n<p>Bunun nedeni bebe\u011fin i\u00e7inde bulundu\u011fu gebelik kesesinin geli\u015fme gerili\u011fi de\u011fildir. Bu ki\u015filerde&nbsp;yumurta geli\u015fimi ve yumurtlaman\u0131n&nbsp;gecikmeli olmas\u0131 nedeniyle 28-30 g\u00fcnde bir&nbsp;d\u00fczenli adet kanamas\u0131 olmad\u0131\u011f\u0131&nbsp;i\u00e7in gebelik son adet tarihinin ilk g\u00fcn\u00fcnden 14 g\u00fcn sonra olu\u015fmamaktad\u0131r. Bu nedenle gebelik 14. g\u00fcnden daha sonraki bir zamanda olu\u015ftu\u011fu i\u00e7in son adet tarihine g\u00f6re daha k\u00fc\u00e7\u00fck bulunmaktad\u0131r.<\/p>\n\n\n\n<p><strong><mark style=\"background-color:#f7f409\" class=\"has-inline-color\">2-<\/mark><\/strong>Polikistik over sendromu olan gebe bir kad\u0131nda kar\u015f\u0131la\u015ft\u0131\u011f\u0131m\u0131z sorunlardan bir di\u011feri gebeli\u011fin erken d\u00f6neminde g\u00f6r\u00fclen d\u00fc\u015f\u00fcklerdir (Abortus). <\/p>\n\n\n\n<p><strong><mark style=\"background-color:rgba(0, 0, 0, 0)\" class=\"has-inline-color has-dark-pink-color\">Polikistik over sendromu\u2019nda ilk 13 hafta i\u00e7inde d\u00fc\u015f\u00fck yapma ihtimali di\u011fer gebelerden daha fazlad\u0131r.&nbsp;<\/mark><\/strong><\/p>\n\n\n\n<p>\u0130ns\u00fclin direnci&nbsp;d\u00fc\u015f\u00fck yapma ihtimalini artt\u0131ran bir durumdur. \u00c7o\u011funlukla&nbsp; fazla kilolu ki\u015filerde g\u00f6r\u00fclen ins\u00fclin direnci polikistik over sendromu\u2019nda normal kilolu ve hatta zay\u0131f ki\u015filerde&nbsp;g\u00f6r\u00fclebilmektedir. <\/p>\n\n\n\n<p class=\"has-text-align-center\"><strong><mark style=\"background-color:rgba(0, 0, 0, 0)\" class=\"has-inline-color has-dark-pink-color\">Gebelik \u00f6ncesi d\u00f6nemde&nbsp;polikistik over sendromu olan normal kilolu ve hatta zay\u0131f kad\u0131nlarda dahi fazla kilolu veya \u015fi\u015fman kad\u0131nlarda&nbsp;oldu\u011fu gibi ins\u00fclin direnci ara\u015ft\u0131r\u0131lmal\u0131d\u0131r. <\/mark><\/strong><\/p>\n\n\n\n<p>Bir ki\u015fide ister polikistik over sendromu olsun ister olmas\u0131n&nbsp;fazla kilo veya \u015fi\u015fmanl\u0131k&nbsp;d\u00fc\u015f\u00fck yapma ihtimalini artt\u0131ran durumlard\u0131r. Polikistik over sendromu olan ki\u015filerin&nbsp;yar\u0131s\u0131ndan \u00e7o\u011fu fazla kiloya sahip ya da \u015fi\u015fmand\u0131r. Bu nedenle kilo fazlal\u0131\u011f\u0131 da bu ki\u015filerde d\u00fc\u015f\u00fck yapma ihtimalini artt\u0131rmaktad\u0131r.<br>Polikistik over sendromu ve&nbsp;ins\u00fclin direnci olan fazla kilolu&nbsp;kad\u0131nlarda gebelik \u00f6ncesi d\u00f6nemde ins\u00fclin direncinin tedavi edilmesi ve fazla kilolar\u0131n verilmesi gebelik d\u00f6neminde d\u00fc\u015f\u00fck yapma ihtimalini \u00f6nemli derecede d\u00fc\u015f\u00fcrmektedir.<\/p>\n\n\n\n<p><strong><mark style=\"background-color:#fdd90b\" class=\"has-inline-color\">3-<\/mark><\/strong>Polikistik over sendromu olan gebe bir kad\u0131nda g\u00f6r\u00fclen di\u011fer bir sorun genellikle gebeli\u011fin 24. haftas\u0131ndan sonra ortaya \u00e7\u0131kan \u015feker hastal\u0131\u011f\u0131d\u0131r (Gestasyonel Diabetes Mellitus). <\/p>\n\n\n\n<p class=\"has-text-align-center\"><strong><mark style=\"background-color:rgba(0, 0, 0, 0)\" class=\"has-inline-color has-dark-pink-color\">Polikistik over sendromu olan kad\u0131nlar\u0131n \u00f6nemli bir k\u0131sm\u0131nda zaten gebelik \u00f6ncesi d\u00f6nemde \u015feker hastal\u0131\u011f\u0131n\u0131n \u00f6nceki a\u015famas\u0131 olan&nbsp;ins\u00fclin direnci&nbsp;vard\u0131r. Bu nedenle polikistik over sendromu ve ins\u00fclin direnci olan kad\u0131nlarda gebelik d\u00f6neminde \u015feker hastal\u0131\u011f\u0131 daha s\u0131k g\u00f6r\u00fclmektedir.<\/mark><\/strong><\/p>\n\n\n\n<p class=\"has-text-align-center\"><strong><mark style=\"background-color:rgba(0, 0, 0, 0)\" class=\"has-inline-color has-dark-pink-color\">Polikistik over sendromu olan gebelerde \u015feker hastal\u0131\u011f\u0131 genellikle di\u011fer kad\u0131nlardan farkl\u0131 olarak gebeli\u011fin 24. haftas\u0131ndan daha \u00f6nce ortaya \u00e7\u0131kmaktad\u0131r.<\/mark><\/strong><\/p>\n\n\n\n<p>Bu nedenle polikistik over sendromu olan gebelerde \u015feker hastal\u0131\u011f\u0131 ge\u00e7 kal\u0131nmadan te\u015fhi\u015f ve tedavi edilmelidir. <\/p>\n\n\n\n<p>Te\u015fhi\u015f ve tedavide ge\u00e7 kal\u0131nd\u0131\u011f\u0131 taktirde \u015feker hastal\u0131\u011f\u0131 nedeniyle kan \u015fekeri gebelik s\u00fcresince normal seviyelerde tutulamayaca\u011f\u0131 i\u00e7in buna ba\u011fl\u0131 olarak iri bebek geli\u015fimi, \u00f6l\u00fc do\u011fum, bebe\u011fin akci\u011ferlerinin geli\u015fmemesi gibi sorunlar ortaya \u00e7\u0131kabilmektedir.<\/p>\n\n\n\n<p><strong><mark style=\"background-color:#fbf108\" class=\"has-inline-color\">4-<\/mark><mark style=\"background-color:rgba(0, 0, 0, 0)\" class=\"has-inline-color has-dark-pink-color\">Polikistik over sendromu olan gebelerde kar\u015f\u0131la\u015f\u0131lan di\u011fer bir sorun gebeli\u011fin 20. haftas\u0131ndan sonra ortaya \u00e7\u0131kabilen pre-eklampsi\u2019 dir.<\/mark><\/strong><\/p>\n\n\n\n<p> Pre-eklampsi genellikle 3-4. haftadan sonra g\u00f6r\u00fclmektedir. \u0130drarda protein at\u0131l\u0131m\u0131, v\u00fccutta su tutulumu (\u00f6dem) ve kan bas\u0131nc\u0131 y\u00fcksekli\u011fi vard\u0131r.<\/p>\n\n\n\n<p> Pre-eklampsi genelikle polikistik over sendromu ve\u00a0ins\u00fclin direnci\u00a0olan\u00a0fazla kilolu\u00a0gebelerde g\u00f6r\u00fclmektedir. <\/p>\n\n\n\n<p>Pre-eklampsi bebe\u011fin geli\u015fiminde gerili\u011fe, plasenta\u2019 n\u0131n yani bebe\u011fin e\u015finin rahim duvar\u0131ndan ani bir \u015fekilde ayr\u0131lmas\u0131na ba\u011fl\u0131 olarak anne ve bebe\u011fin hayat\u0131n\u0131 tehlikeye sokabilen a\u015f\u0131r\u0131 kanamalara, ba\u015f a\u011fr\u0131s\u0131, g\u00f6rme sorunu, kas\u0131lmalar ve bilin\u00e7 kayb\u0131na neden olabilir. <\/p>\n\n\n\n<p>Gebelik d\u00f6neminde kan bas\u0131nc\u0131 takibinde y\u00fckseklik saptanmas\u0131 ve \u00f6zellikle bacaklarla birlikte y\u00fcz ve el gibi v\u00fccudun di\u011fer b\u00f6lgelerinde de \u00f6dem olu\u015fmas\u0131 durumunda pre-eklampsi\u2019 den \u015f\u00fcphelenilmelidir.<\/p>\n\n\n\n<p><strong><mark style=\"background-color:#fdfa08\" class=\"has-inline-color\">5-<\/mark><mark style=\"background-color:rgba(0, 0, 0, 0)\" class=\"has-inline-color has-dark-pink-color\">Polikistik over sendromu\u2019nda gebelerin bir k\u0131sm\u0131n\u0131n fazla kilolu veya \u015fi\u015fman olmas\u0131 ve gebelik \u015fekerine ba\u011fl\u0131 bebe\u011fin iri olmas\u0131 gibi durumlar nedeniyle do\u011fum \u015feklinin sezaryen olma ihtimali y\u00fcksek olmakla birlikte bu ki\u015filerin normal do\u011fum yapmalar\u0131nda da polikistik over sendromu\u2019na ba\u011fl\u0131 olarak herhangi bir sak\u0131nca yoktur.<\/mark><\/strong><\/p>\n","protected":false},"excerpt":{"rendered":"<p>Polikistik over sendromu olan bir kad\u0131nda gebelikte ortaya \u00e7\u0131kabilen sorunlar gebelik haftas\u0131na g\u00f6re s\u0131ras\u0131yla a\u015fa\u011f\u0131da belirtilmi\u015ftir; 1-Polikistik over sendromu\u2019nun &nbsp;A ve B grubuna&nbsp;giren ki\u015filerde gebeli\u011fin s\u00fcresi di\u011fer gebelerde oldu\u011fu gibi son adet tarihine g\u00f6re hesaplan\u0131rsa gebelik hesaplanan zamandan daha k\u00fc\u00e7\u00fck bulunmaktad\u0131r. Bunun nedeni bebe\u011fin i\u00e7inde bulundu\u011fu gebelik kesesinin geli\u015fme gerili\u011fi de\u011fildir. Bu ki\u015filerde&nbsp;yumurta geli\u015fimi ve [&hellip;]<\/p>\n","protected":false},"author":1,"featured_media":0,"parent":0,"menu_order":0,"comment_status":"closed","ping_status":"closed","template":"","meta":{"footnotes":""},"class_list":["post-7283","page","type-page","status-publish","hentry"],"_links":{"self":[{"href":"https:\/\/polikistikover.net\/yeni\/wp-json\/wp\/v2\/pages\/7283","targetHints":{"allow":["GET"]}}],"collection":[{"href":"https:\/\/polikistikover.net\/yeni\/wp-json\/wp\/v2\/pages"}],"about":[{"href":"https:\/\/polikistikover.net\/yeni\/wp-json\/wp\/v2\/types\/page"}],"author":[{"embeddable":true,"href":"https:\/\/polikistikover.net\/yeni\/wp-json\/wp\/v2\/users\/1"}],"replies":[{"embeddable":true,"href":"https:\/\/polikistikover.net\/yeni\/wp-json\/wp\/v2\/comments?post=7283"}],"version-history":[{"count":7,"href":"https:\/\/polikistikover.net\/yeni\/wp-json\/wp\/v2\/pages\/7283\/revisions"}],"predecessor-version":[{"id":10956,"href":"https:\/\/polikistikover.net\/yeni\/wp-json\/wp\/v2\/pages\/7283\/revisions\/10956"}],"wp:attachment":[{"href":"https:\/\/polikistikover.net\/yeni\/wp-json\/wp\/v2\/media?parent=7283"}],"curies":[{"name":"wp","href":"https:\/\/api.w.org\/{rel}","templated":true}]}}