{"id":7340,"date":"2025-09-24T19:18:38","date_gmt":"2025-09-24T19:18:38","guid":{"rendered":"https:\/\/polikistikover.net\/yeni\/?page_id=7340"},"modified":"2025-11-18T20:23:13","modified_gmt":"2025-11-18T20:23:13","slug":"polikistik-over-sendromunda-psikolojik-sorunlar","status":"publish","type":"page","link":"https:\/\/polikistikover.net\/yeni\/polikistik-over-sendromunda-psikolojik-sorunlar\/","title":{"rendered":"Polikistik Over Sendromu\u2019nda Psikolojik Sorunlar"},"content":{"rendered":"\n<p class=\"has-text-align-center\"><strong><mark style=\"background-color:rgba(0, 0, 0, 0)\" class=\"has-inline-color has-dark-pink-color\">Polikistik Over Sendromu olan kad\u0131nlarda anksiyete bozuklu\u011fu daha \u00f6n planda olmak \u00fczere depresyon ve rahats\u0131zl\u0131\u011f\u0131n getirdi\u011fi kendi bedeniyle bar\u0131\u015f\u0131k olamama \u015fikayetleri s\u0131k rastlanan psikiyatrik sorunlard\u0131r(1,2,3,4,5,6,7,8,9).&nbsp;<\/mark><\/strong><\/p>\n\n\n\n<p>Polikistik over sendromu\u2019nda g\u00f6r\u00fclen&nbsp;t\u00fcylenme art\u0131\u015f\u0131,&nbsp;<em>sivilce<\/em>,&nbsp;sa\u00e7 d\u00f6k\u00fclmesi,&nbsp;adet d\u00fczensizli\u011fi&nbsp;ve&nbsp;\u00e7ocuk sahibi olmakta kar\u015f\u0131la\u015f\u0131lan zorluklar gibi sadece ruhsal d\u00fcnyay\u0131 de\u011fil ki\u015finin ya\u015fay\u0131\u015f \u015feklini ve ki\u015filer aras\u0131 ili\u015fkilerini etkileyen durumlar psikolojik s\u0131k\u0131nt\u0131ya yol a\u00e7abilmektedir. Bu da insanlar\u0131 genellikle i\u00e7e kapanmaya iterken toplumdan uzakla\u015fmas\u0131na neden olabilmektedir.<\/p>\n\n\n\n<p><strong><mark style=\"background-color:#fb0808\" class=\"has-inline-color\">1-<\/mark><\/strong>Depresyon keyifsizlik, durgunluk, hayattan zevk alamama, unutkanl\u0131k, dikkat eksikli\u011fi, konsantrasyon g\u00fc\u00e7l\u00fc\u011f\u00fc, umutsuzluk, su\u00e7luluk, cinsel isteksizlik, unutkanl\u0131k gibi belirtilerle, bazen de ba\u015f a\u011fr\u0131s\u0131, mide \u015fikayetleri, uykusuzluk, i\u015ftah de\u011fi\u015fikli\u011fi, adet d\u00fczeninde de\u011fi\u015fiklik gibi fiziksel belirtilerle kendisini g\u00f6sterebilmektedir(1,2,3,5,6,7,8,9).<\/p>\n\n\n\n<p><strong><mark style=\"background-color:#f90a01\" class=\"has-inline-color\">2-<\/mark><\/strong>Anksiyete Bozuklu\u011fu \u00e7e\u015fitli d\u00fczeylerde kayg\u0131 art\u0131\u015f\u0131 ve bunun sonucunda ya\u015fanabilen uyku, i\u015ftah, bedenin herhangi bir b\u00f6lgesindeki organ dokularda (mide-barsak, deri, kas-iskelet sistemleri gibi) uyumsuzluk ve \u015fikayetlerin do\u011fmas\u0131na yol a\u00e7abilmektedir(1,2,3,4,6,7,8,9).<\/p>\n\n\n\n<p><strong><mark style=\"background-color:#f30707\" class=\"has-inline-color\">3-<\/mark><\/strong>Erkeklik hormonlar\u0131n\u0131n (testosteron) fazla miktarda \u00fcretilmesi ve fazla miktarda \u00fcretilen erkeklik hormonlar\u0131n cinsel iste\u011fi (libido) belirleyen&nbsp;dihidrotestosteron&nbsp;hormonuna d\u00f6n\u00fc\u015f\u00fcm\u00fc sonucunda&nbsp;cinsel istek (libido) art\u0131\u015f\u0131&nbsp;ile birlikte agresif, sald\u0131rgan, gergin, sinirli ve \u00f6fkeli davran\u0131\u015f \u00f6zellikleri g\u00f6r\u00fclebilmektedir(10,11).<\/p>\n\n\n\n<p class=\"has-text-align-center\"><strong><mark style=\"background-color:rgba(0, 0, 0, 0)\" class=\"has-inline-color has-dark-pink-color\">Polikistik Over Sendromu\u2019nun tedaviyle kontrol alt\u0131na al\u0131nmas\u0131yla birlikte psikolojik sorunlar genellikle d\u00fczelebilmektedir.<\/mark><\/strong><\/p>\n\n\n\n<p class=\"has-text-align-center\"><strong><mark style=\"background-color:rgba(0, 0, 0, 0)\" class=\"has-inline-color has-dark-pink-color\"> Polikistik Over Sendromu\u2019ndan ba\u011f\u0131ms\u0131z olarak var olan psikolojik sorunlar da, bu tedaviden olumlu y\u00f6nde etkilenebilmektedir. <\/mark><\/strong><\/p>\n\n\n\n<p class=\"has-text-align-center\"><strong><mark style=\"background-color:rgba(0, 0, 0, 0)\" class=\"has-inline-color has-dark-pink-color\">Ya\u015fanan psikiyatrik sorunlar\u0131n \u00e7\u00f6z\u00fcmlenmesine y\u00f6nelik al\u0131nacak profesyonel bir psikiyatrik yard\u0131m ve polikistik over Sendromu\u2019nun tedavisi, bir arada bir b\u00fct\u00fcnl\u00fck olu\u015fturmaktad\u0131r.<\/mark><\/strong><\/p>\n\n\n\n<p class=\"has-text-align-center\"><strong>Kaynaklar<\/strong><\/p>\n\n\n\n<p>1-High prevalence of moderate and severe depressive and anxiety symptoms in polycystic ovary syndrome: a systematic review and meta-analysis. Cooney LG, Lee I, Sammel MD, Dokras A.&nbsp;Hum Reprod. 2017&nbsp;May 1;32(5):1075-1091.<\/p>\n\n\n\n<p>2-Anxiety and depression in polycystic ovary syndrome: a systematic review and meta-analysis. Barry JA, Kuczmierczyk AR, Hardiman PJ.&nbsp;Hum Reprod. 2011&nbsp;Sep;26(9):2442-51.<\/p>\n\n\n\n<p>3-Polycystic ovary syndrome and mental disorders: a systematic review and exploratory meta-analysis. Blay SL, Aguiar JV, Passos IC.&nbsp;Neuropsychiatr Dis Treat. 2016&nbsp;Nov 8;12:2895-2903.<\/p>\n\n\n\n<p>4-Increased prevalence of anxiety symptoms in women with polycystic ovary syndrome: systematic review and meta-analysis. Dokras A, Clifton S, Futterweit W, Wild R.&nbsp;Fertil Steril. 2012&nbsp;Jan;97(1):225-30.<\/p>\n\n\n\n<p>5-Increased risk for abnormal depression scores in women with polycystic ovary syndrome: a systematic review and meta-analysis. Dokras A, Clifton S, Futterweit W, Wild R.&nbsp;Obstet Gynecol. 2011&nbsp;Jan;117(1):145-52.<\/p>\n\n\n\n<p>6-Emotional distress is a common risk in women with polycystic ovary syndrome: a systematic review and meta-analysis of 28 studies. Veltman-Verhulst SM, Boivin J, Eijkemans MJ, Fauser BJ.&nbsp;Hum Reprod Update. 2012&nbsp;Nov-Dec;18(6):638-51.<\/p>\n\n\n\n<p>7-Risk of depression and other mental health disorders in women with polycystic ovary syndrome: a longitudinal study. Kerchner A, Lester W, Stuart SP, Dokras A.&nbsp;Fertil Steril. 2009&nbsp;Jan;91(1):207-12.<\/p>\n\n\n\n<p>8-Risk of psychiatric disorders following polycystic ovary syndrome: a nationwide population-based cohort study. Hung JH, Hu LY, Tsai SJ, Yang AC, Huang MW, Chen PM, Wang SL, Lu T, Shen CC.&nbsp;PLoS One. 2014&nbsp;May 9;9(5):e97041.<\/p>\n\n\n\n<p>9-The potential implications of a PCOS diagnosis on a woman\u2019s long-term health using data linkage. Hart R, Doherty DA.&nbsp;J Clin Endocrinol Metab. 2015&nbsp;Mar;100(3):911-9.<\/p>\n\n\n\n<p>10-Androgens and mood dysfunction in women: comparison of women with polycystic ovarian syndrome to healthy controls. Weiner CL, Primeau M, Ehrmann DA.&nbsp;Psychosom Med. 2004 May-Jun;66(3):356-62.<\/p>\n\n\n\n<p>11-Psychological parameters in the reproductive phenotypes of polycystic ovary syndrome. Moran LJ, Deeks AA, Gibson-Helm ME, Teede HJ.&nbsp;Hum Reprod. 2012 Jul;27(7):2082-8.<\/p>\n","protected":false},"excerpt":{"rendered":"<p>Polikistik Over Sendromu olan kad\u0131nlarda anksiyete bozuklu\u011fu daha \u00f6n planda olmak \u00fczere depresyon ve rahats\u0131zl\u0131\u011f\u0131n getirdi\u011fi kendi bedeniyle bar\u0131\u015f\u0131k olamama \u015fikayetleri s\u0131k rastlanan psikiyatrik sorunlard\u0131r(1,2,3,4,5,6,7,8,9).&nbsp; Polikistik over sendromu\u2019nda g\u00f6r\u00fclen&nbsp;t\u00fcylenme art\u0131\u015f\u0131,&nbsp;sivilce,&nbsp;sa\u00e7 d\u00f6k\u00fclmesi,&nbsp;adet d\u00fczensizli\u011fi&nbsp;ve&nbsp;\u00e7ocuk sahibi olmakta kar\u015f\u0131la\u015f\u0131lan zorluklar gibi sadece ruhsal d\u00fcnyay\u0131 de\u011fil ki\u015finin ya\u015fay\u0131\u015f \u015feklini ve ki\u015filer aras\u0131 ili\u015fkilerini etkileyen durumlar psikolojik s\u0131k\u0131nt\u0131ya yol a\u00e7abilmektedir. Bu [&hellip;]<\/p>\n","protected":false},"author":1,"featured_media":0,"parent":0,"menu_order":0,"comment_status":"closed","ping_status":"closed","template":"","meta":{"footnotes":""},"class_list":["post-7340","page","type-page","status-publish","hentry"],"_links":{"self":[{"href":"https:\/\/polikistikover.net\/yeni\/wp-json\/wp\/v2\/pages\/7340","targetHints":{"allow":["GET"]}}],"collection":[{"href":"https:\/\/polikistikover.net\/yeni\/wp-json\/wp\/v2\/pages"}],"about":[{"href":"https:\/\/polikistikover.net\/yeni\/wp-json\/wp\/v2\/types\/page"}],"author":[{"embeddable":true,"href":"https:\/\/polikistikover.net\/yeni\/wp-json\/wp\/v2\/users\/1"}],"replies":[{"embeddable":true,"href":"https:\/\/polikistikover.net\/yeni\/wp-json\/wp\/v2\/comments?post=7340"}],"version-history":[{"count":6,"href":"https:\/\/polikistikover.net\/yeni\/wp-json\/wp\/v2\/pages\/7340\/revisions"}],"predecessor-version":[{"id":12890,"href":"https:\/\/polikistikover.net\/yeni\/wp-json\/wp\/v2\/pages\/7340\/revisions\/12890"}],"wp:attachment":[{"href":"https:\/\/polikistikover.net\/yeni\/wp-json\/wp\/v2\/media?parent=7340"}],"curies":[{"name":"wp","href":"https:\/\/api.w.org\/{rel}","templated":true}]}}