{"id":7723,"date":"2025-09-26T11:26:57","date_gmt":"2025-09-26T11:26:57","guid":{"rendered":"https:\/\/polikistikover.net\/yeni\/?page_id=7723"},"modified":"2025-11-20T08:42:14","modified_gmt":"2025-11-20T08:42:14","slug":"polikistik-over-sendromunda-yumurta-gelisimi-ve-yumurtlama","status":"publish","type":"page","link":"https:\/\/polikistikover.net\/yeni\/polikistik-over-sendromunda-yumurta-gelisimi-ve-yumurtlama\/","title":{"rendered":"Polikistik Over Sendromu\u2019nda Yumurta Geli\u015fimi ve Yumurtlama"},"content":{"rendered":"\n<p class=\"has-text-align-center wp-embed-aspect-16-9 wp-has-aspect-ratio\"><strong><mark style=\"background-color:rgba(0, 0, 0, 0)\" class=\"has-inline-color has-dark-pink-color\">Bir&nbsp;adet d\u00f6ng\u00fcs\u00fc&nbsp;adet kanamas\u0131n\u0131n 1. g\u00fcn\u00fcnden itibaren ba\u015flayan ve takip eden adet kanamas\u0131n\u0131n 1. g\u00fcn\u00fcne kadar devam eden s\u00fcredir (\u00d6rne\u011fin; 28-30 g\u00fcn). <\/mark><\/strong><\/p>\n\n\n\n<p class=\"has-text-align-center wp-embed-aspect-16-9 wp-has-aspect-ratio\"><strong><mark style=\"background-color:rgba(0, 0, 0, 0)\" class=\"has-inline-color has-dark-pink-color\">Bir adet d\u00f6ng\u00fcs\u00fcn\u00fcn sonunda adet kanamas\u0131n\u0131n olmas\u0131&nbsp;polikistik over sendromu olan kad\u0131nlar\u0131n bir k\u0131sm\u0131 haricinde&nbsp;genellikle o adet d\u00f6ng\u00fcs\u00fcnde yumurtlaman\u0131n oldu\u011funu g\u00f6stermektedir.<\/mark><\/strong><\/p>\n\n\n\n<p class=\"wp-embed-aspect-16-9 wp-has-aspect-ratio\"><strong><mark style=\"background-color:#fade02\" class=\"has-inline-color\">1-<\/mark><\/strong> Normal bir adet d\u00f6ng\u00fcs\u00fcnde FSH, LH, Estradiol ve Progesteron olarak bilinen hormonlar\u0131n miktarlar\u0131 adet d\u00f6ng\u00fcs\u00fcn\u00fcn belirli g\u00fcnlerinde de\u011fi\u015fiklik g\u00f6stermektedir. <\/p>\n\n\n\n<p class=\"wp-embed-aspect-16-9 wp-has-aspect-ratio\"><strong><mark style=\"background-color:#f5fa05\" class=\"has-inline-color\">2- <\/mark><\/strong>Bu hormonlarda olan de\u011fi\u015fikliklerin sonucunda&nbsp;yumurtay\u0131 i\u00e7inde ta\u015f\u0131yan k\u00fc\u00e7\u00fck keseci\u011fin b\u00fcy\u00fcmesi ve yumurtlama&nbsp;sa\u011flanmaktad\u0131r.<\/p>\n\n\n\n<p class=\"wp-embed-aspect-16-9 wp-has-aspect-ratio\"><strong><mark style=\"background-color:#f7f409\" class=\"has-inline-color\">3-<\/mark><\/strong> Adet kanamas\u0131 ile birlikte yumurtal\u0131klardan birinde yumurtay\u0131 i\u00e7inde bulunduran k\u00fc\u00e7\u00fck keseciklerden bir tanesi FSH hormonunun etkisiyle b\u00fcy\u00fcmeye ba\u015flar. <\/p>\n\n\n\n<p class=\"wp-embed-aspect-16-9 wp-has-aspect-ratio\"><strong><mark style=\"background-color:#f6f307\" class=\"has-inline-color\">4- <\/mark><\/strong>Ayn\u0131 zamanda estradiol hormonu adet kanamas\u0131 ile birlikte&nbsp;d\u0131\u015far\u0131 at\u0131lacak olan rahim i\u00e7 tabakas\u0131n\u0131n kal\u0131nla\u015fmas\u0131n\u0131&nbsp;sa\u011flar. <\/p>\n\n\n\n<p class=\"wp-embed-aspect-16-9 wp-has-aspect-ratio\"><strong><mark style=\"background-color:#f8f50b\" class=\"has-inline-color\">5-<\/mark><\/strong> Belirli bir b\u00fcy\u00fckl\u00fc\u011fe gelen keseci\u011fin duvar\u0131 LH hormonu miktar\u0131n\u0131n en \u00fcst seviyeye ula\u015fmas\u0131ndan yakla\u015f\u0131k 36 saat sonra \u00e7atlar ve keseci\u011fin i\u00e7inde bulunan yumurta d\u0131\u015far\u0131ya at\u0131l\u0131r. <\/p>\n\n\n\n<p class=\"has-text-align-center wp-embed-aspect-16-9 wp-has-aspect-ratio\"><strong><mark style=\"background-color:rgba(0, 0, 0, 0)\" class=\"has-inline-color has-dark-pink-color\">Yumurtan\u0131n keseci\u011fin i\u00e7inden d\u0131\u015far\u0131ya at\u0131lmas\u0131na&nbsp;yumurtlama (ovulasyon)&nbsp;denilmektedir.<\/mark><\/strong><\/p>\n\n\n\n<p class=\"wp-embed-aspect-16-9 wp-has-aspect-ratio\"><strong><mark style=\"background-color:#f6db0d\" class=\"has-inline-color\">6-<\/mark><\/strong> Yumurtlama olduktan sonra yumurta ile sperm kar\u015f\u0131la\u015f\u0131rsa gebelik olu\u015fur ya da kar\u015f\u0131la\u015fmad\u0131\u011f\u0131 taktirde yakla\u015f\u0131k 14 g\u00fcn sonra adet kanamas\u0131 meydana gelir.<\/p>\n\n\n\n<p class=\"wp-embed-aspect-16-9 wp-has-aspect-ratio\"><strong><mark style=\"background-color:#f7d40b\" class=\"has-inline-color\">7-<\/mark><\/strong> Yumurtlamadan yakla\u015f\u0131k 7 g\u00fcn sonra progesteron hormonu miktar\u0131 adet d\u00f6ng\u00fcs\u00fc i\u00e7indeki en \u00fcst seviyeye ula\u015f\u0131r. <\/p>\n\n\n\n<p class=\"wp-embed-aspect-16-9 wp-has-aspect-ratio\">Bu nedenle yumurtlaman\u0131n olup olmad\u0131\u011f\u0131 progesteron hormonu miktar\u0131n\u0131n kanda \u00f6l\u00e7\u00fclmesiyle tespit edilebilir.<\/p>\n\n\n\n<p class=\"wp-embed-aspect-16-9 wp-has-aspect-ratio\"><strong><mark style=\"background-color:#f6d30d\" class=\"has-inline-color\">9- <\/mark><\/strong>Progesteron hormonu miktar\u0131 adet d\u00f6ng\u00fcs\u00fc i\u00e7inde en \u00fcst seviyeye ula\u015ft\u0131ktan 7 g\u00fcn sonra adet kanamas\u0131 ger\u00e7ekle\u015fir. Adet kanamas\u0131n\u0131n ba\u015flamas\u0131 ile bir adet d\u00f6ng\u00fcs\u00fc tamamlan\u0131r ve yeni bir adet d\u00f6ng\u00fcs\u00fc ba\u015flar. <\/p>\n\n\n\n<p class=\"has-text-align-center wp-embed-aspect-16-9 wp-has-aspect-ratio\"><strong><mark style=\"background-color:rgba(0, 0, 0, 0)\" class=\"has-inline-color has-dark-pink-color\">D\u00fczenli olarak adet g\u00f6ren bir kad\u0131nda yukar\u0131da anlat\u0131lan olaylar her adet d\u00f6ng\u00fcs\u00fcnde tekrarlanmaktad\u0131r.<\/mark><\/strong><\/p>\n\n\n\n<figure class=\"wp-block-embed is-type-video is-provider-youtube wp-block-embed-youtube wp-embed-aspect-16-9 wp-has-aspect-ratio\"><div class=\"wp-block-embed__wrapper\">\n<iframe loading=\"lazy\" title=\"#polikistikover #beslenme #yumurtlama #adetd\u00f6ng\u00fcs\u00fc #kiloart\u0131\u015f\u0131 #adetkanamas\u0131 #yumurtlamama #pkos\" width=\"1320\" height=\"743\" src=\"https:\/\/www.youtube.com\/embed\/EOi9Jru2JJg?feature=oembed\" frameborder=\"0\" allow=\"accelerometer; autoplay; clipboard-write; encrypted-media; gyroscope; picture-in-picture; web-share\" referrerpolicy=\"strict-origin-when-cross-origin\" allowfullscreen><\/iframe>\n<\/div><\/figure>\n\n\n\n<p class=\"wp-embed-aspect-16-9 wp-has-aspect-ratio\"><strong><mark style=\"background-color:#fd880d\" class=\"has-inline-color\">1- <\/mark><\/strong>Polikistik over sendromu\u2019nda&nbsp;FSH, LH, Estradiol ve Progesteron hormonlar\u0131n\u0131n miktarlar\u0131 normal bir adet d\u00f6ng\u00fcs\u00fcnden farkl\u0131 olarak d\u00f6ng\u00fcn\u00fcn belirli g\u00fcnlerinde de\u011fi\u015fiklik g\u00f6stermemektedir.<\/p>\n\n\n\n<p class=\"wp-embed-aspect-16-9 wp-has-aspect-ratio\"><strong><mark style=\"background-color:#f85c0b\" class=\"has-inline-color\">2-<\/mark><\/strong> Bu nedenle&nbsp;yumurtay\u0131 ta\u015f\u0131yan k\u00fc\u00e7\u00fck keseci\u011fin b\u00fcy\u00fcmesi ve keseci\u011fin duvar\u0131n\u0131n \u00e7atlamas\u0131 olmamaktad\u0131r. <\/p>\n\n\n\n<p class=\"wp-embed-aspect-16-9 wp-has-aspect-ratio\"><strong><mark style=\"background-color:#f36109\" class=\"has-inline-color\">3-<\/mark><\/strong> Yumurta keseci\u011fin i\u00e7inden d\u0131\u015far\u0131 at\u0131lamad\u0131\u011f\u0131 i\u00e7in yumurtlama olmamakta&nbsp;(anovulasyon)&nbsp;veya daha ge\u00e7&nbsp;(oligoovulasyon)<a href=\"http:\/\/www.polikistikover.net\/polikistik-over-sendromu-alt-gruplari.html\">&nbsp;<\/a>olmaktad\u0131r.&nbsp;<\/p>\n\n\n\n<p class=\"wp-embed-aspect-16-9 wp-has-aspect-ratio\"><strong><mark style=\"background-color:#f86207\" class=\"has-inline-color\">4-<\/mark><\/strong> Bu nedenle cinsel ili\u015fki s\u0131ras\u0131nda ortamda sperm ile kar\u015f\u0131la\u015facak yumurta olmad\u0131\u011f\u0131 i\u00e7in gebelik olu\u015fmamaktad\u0131r.&nbsp;Bu durumda gebelik olu\u015fmamakla birlikte yumurtlama olmad\u0131\u011f\u0131 i\u00e7in adet kanamas\u0131 da meydana gelmemektedir.<\/p>\n\n\n\n<figure class=\"wp-block-embed is-type-video is-provider-youtube wp-block-embed-youtube wp-embed-aspect-16-9 wp-has-aspect-ratio\"><div class=\"wp-block-embed__wrapper\">\n<iframe loading=\"lazy\" title=\"#polikistikover #beslenme #yumurtlama #adetd\u00f6ng\u00fcs\u00fc #kiloart\u0131\u015f\u0131 #adetkanamas\u0131 #yumurtlamama #pkos\" width=\"1320\" height=\"743\" src=\"https:\/\/www.youtube.com\/embed\/EOi9Jru2JJg?feature=oembed\" frameborder=\"0\" allow=\"accelerometer; autoplay; clipboard-write; encrypted-media; gyroscope; picture-in-picture; web-share\" referrerpolicy=\"strict-origin-when-cross-origin\" allowfullscreen><\/iframe>\n<\/div><\/figure>\n","protected":false},"excerpt":{"rendered":"<p>Bir&nbsp;adet d\u00f6ng\u00fcs\u00fc&nbsp;adet kanamas\u0131n\u0131n 1. g\u00fcn\u00fcnden itibaren ba\u015flayan ve takip eden adet kanamas\u0131n\u0131n 1. g\u00fcn\u00fcne kadar devam eden s\u00fcredir (\u00d6rne\u011fin; 28-30 g\u00fcn). Bir adet d\u00f6ng\u00fcs\u00fcn\u00fcn sonunda adet kanamas\u0131n\u0131n olmas\u0131&nbsp;polikistik over sendromu olan kad\u0131nlar\u0131n bir k\u0131sm\u0131 haricinde&nbsp;genellikle o adet d\u00f6ng\u00fcs\u00fcnde yumurtlaman\u0131n oldu\u011funu g\u00f6stermektedir. 1- Normal bir adet d\u00f6ng\u00fcs\u00fcnde FSH, LH, Estradiol ve Progesteron olarak bilinen hormonlar\u0131n miktarlar\u0131 [&hellip;]<\/p>\n","protected":false},"author":1,"featured_media":0,"parent":0,"menu_order":0,"comment_status":"closed","ping_status":"closed","template":"","meta":{"footnotes":""},"class_list":["post-7723","page","type-page","status-publish","hentry"],"_links":{"self":[{"href":"https:\/\/polikistikover.net\/yeni\/wp-json\/wp\/v2\/pages\/7723","targetHints":{"allow":["GET"]}}],"collection":[{"href":"https:\/\/polikistikover.net\/yeni\/wp-json\/wp\/v2\/pages"}],"about":[{"href":"https:\/\/polikistikover.net\/yeni\/wp-json\/wp\/v2\/types\/page"}],"author":[{"embeddable":true,"href":"https:\/\/polikistikover.net\/yeni\/wp-json\/wp\/v2\/users\/1"}],"replies":[{"embeddable":true,"href":"https:\/\/polikistikover.net\/yeni\/wp-json\/wp\/v2\/comments?post=7723"}],"version-history":[{"count":13,"href":"https:\/\/polikistikover.net\/yeni\/wp-json\/wp\/v2\/pages\/7723\/revisions"}],"predecessor-version":[{"id":12897,"href":"https:\/\/polikistikover.net\/yeni\/wp-json\/wp\/v2\/pages\/7723\/revisions\/12897"}],"wp:attachment":[{"href":"https:\/\/polikistikover.net\/yeni\/wp-json\/wp\/v2\/media?parent=7723"}],"curies":[{"name":"wp","href":"https:\/\/api.w.org\/{rel}","templated":true}]}}