{"id":8043,"date":"2025-09-27T20:37:34","date_gmt":"2025-09-27T20:37:34","guid":{"rendered":"https:\/\/polikistikover.net\/yeni\/?page_id=8043"},"modified":"2025-11-16T04:48:10","modified_gmt":"2025-11-16T04:48:10","slug":"polikistik-over-sendromunda-genital-bolgede-mantar-enfeksiyonlari","status":"publish","type":"page","link":"https:\/\/polikistikover.net\/yeni\/polikistik-over-sendromunda-genital-bolgede-mantar-enfeksiyonlari\/","title":{"rendered":"Polikistik Over Sendromu\u2019nda Genital B\u00f6lgede Mantar Enfeksiyonlar\u0131"},"content":{"rendered":"\n<p class=\"has-text-align-center\"><strong><mark style=\"background-color:rgba(0, 0, 0, 0)\" class=\"has-inline-color has-dark-pink-color\">Polikistik over sendromu olan kad\u0131nlar\u0131n yakla\u015f\u0131k yar\u0131s\u0131nda \u00e7e\u015fitli derecelerde\u00a0ins\u00fclin direnci\u00a0 g\u00f6r\u00fclmektedir. Polikistik Over Sendromu\u2019 nda\u00a0ins\u00fclin direnci veya \u015feker hastal\u0131\u011f\u0131\u00a0olan kad\u0131nlarda\u00a0genital b\u00f6lgede (Vajina, Vulva) tekrarlayan\u00a0mantar enfeksiyonlar\u0131\u00a0daha s\u0131k g\u00f6r\u00fclmektedir.<\/mark><\/strong><\/p>\n\n\n\n<figure class=\"wp-block-embed aligncenter is-type-video is-provider-youtube wp-block-embed-youtube wp-embed-aspect-16-9 wp-has-aspect-ratio\"><div class=\"wp-block-embed__wrapper\">\n<iframe loading=\"lazy\" title=\"#polikistikover #belya\u011flanmas\u0131 #karaci\u011ferya\u011flanmas\u0131 #kal\u00e7aya\u011flanmas\u0131 #ins\u00fclindirenci #ya\u011fh\u00fccresi\" width=\"1320\" height=\"743\" src=\"https:\/\/www.youtube.com\/embed\/a7IoMfFaPrs?feature=oembed\" frameborder=\"0\" allow=\"accelerometer; autoplay; clipboard-write; encrypted-media; gyroscope; picture-in-picture; web-share\" referrerpolicy=\"strict-origin-when-cross-origin\" allowfullscreen><\/iframe>\n<\/div><\/figure>\n\n\n\n<p><strong><mark style=\"background-color:#ed7405\" class=\"has-inline-color\">1-<\/mark><\/strong>Mantar enfeksiyonu genellikle\u00a0bozulmu\u015f s\u00fct k\u0131vam\u0131nda\u00a0beyaz renkli ak\u0131nt\u0131, k\u0131zar\u0131kl\u0131k, \u015fi\u015flik,\u00a0ka\u015f\u0131nt\u0131 ve yanma hissi \u015fikayetlerine\u00a0neden olmaktad\u0131r. Bu\u00a0\u015fikayetlerin hepsi\u00a0bir ki\u015fide ortaya \u00e7\u0131kabilmekte ya da \u015fikayetlerden sadece bir tanesi g\u00f6r\u00fclmektedir.<\/p>\n\n\n\n<p><strong><mark style=\"background-color:#ed6b02\" class=\"has-inline-color\">2<\/mark>&#8211;<\/strong>Mantar enfeksiyonu\u00a0<strong>smear testi<\/strong>\u00a0ile tespit edilir. Bu enfeksiyona en s\u0131k\u00a0<strong>Kandida albicans (candida albicans)<\/strong>\u00a0adl\u0131 mantar \u00e7e\u015fidi neden olmaktad\u0131r.\u00a0Smear testinde muayene s\u0131ras\u0131nda rahim a\u011fz\u0131ndan \u00e7ubuk \u015feklinde, ince bir f\u0131r\u00e7a yard\u0131m\u0131yla ak\u0131nt\u0131 al\u0131n\u0131r. Bu ak\u0131nt\u0131 cama s\u00fcr\u00fclerek mikroskop alt\u0131nda incelenir. Mikroskop incelemesinde (Patoloji) enfeksiyona neden olan mantar\u00a0tespit edilir.<\/p>\n\n\n\n<p><strong><mark style=\"background-color:#ea5a03\" class=\"has-inline-color\">3-<\/mark><\/strong>Polikistik over sendromu olan kad\u0131nlar\u0131n bir k\u0131sm\u0131nda\u00a0ak\u0131nt\u0131, k\u0131zar\u0131kl\u0131k, \u015fi\u015flik,\u00a0ka\u015f\u0131nt\u0131 ve yanma hissi \u015fikayetleri s\u0131k s\u0131k tekrarlamaktad\u0131r. Bu duruma genellikle diren\u00e7li bir mantar \u00e7e\u015fidi olan<strong>\u00a0Kandida glabrata (Candida glabrata)<\/strong>\u00a0neden olmaktad\u0131r. Mantar \u00e7e\u015fidinin te\u015fhisi<strong>\u00a0vajen k\u00fclt\u00fcr\u00fc testi<\/strong>\u00a0ile yap\u0131l\u0131r.\u00a0<strong>Vajen ve rahim a\u011fz\u0131 (serviks) k\u00fclt\u00fcr\u00fc<\/strong>\u00a0testinde rahim a\u011fz\u0131 ve vajina b\u00f6lgesinden\u00a0\u00e7ubuk \u015feklinde, ince bir f\u0131r\u00e7a yard\u0131m\u0131yla ak\u0131nt\u0131 al\u0131narak bir besiyeri \u015fi\u015fesine konulur. Mikrobiyoloji laboratuvar\u0131nda besiyerinde \u00fcreyen mantar\u0131n \u00f6zelliklerine bak\u0131larak<strong><em>\u00a0<\/em><\/strong>Kandida glabrata (Candida glabrata)\u00a0olup olmad\u0131\u011f\u0131 tespit edilir.<\/p>\n\n\n<div class=\"wp-block-image\">\n<figure class=\"aligncenter size-full is-resized\"><img loading=\"lazy\" decoding=\"async\" width=\"768\" height=\"576\" src=\"https:\/\/polikistikover.net\/yeni\/wp-content\/uploads\/2025\/09\/image-92.png\" alt=\"\" class=\"wp-image-8092\" style=\"width:499px;height:auto\" srcset=\"https:\/\/polikistikover.net\/yeni\/wp-content\/uploads\/2025\/09\/image-92.png 768w, https:\/\/polikistikover.net\/yeni\/wp-content\/uploads\/2025\/09\/image-92-300x225.png 300w\" sizes=\"auto, (max-width: 768px) 100vw, 768px\" \/><\/figure>\n<\/div>\n\n\n<p class=\"has-text-align-center\"><em>Mikroskop incelemesinde vajinal ak\u0131nt\u0131da candida (mantar) hif ve sporlar\u0131 <\/em><\/p>\n\n\n\n<p><strong><mark style=\"background-color:#e95903\" class=\"has-inline-color\">4-<\/mark><\/strong>Polikistik over sendromu olan kad\u0131nlarda diren\u00e7li, tekrarlayan mantar enfeksiyonu tedavisinin temel amac\u0131 \u00f6ncelikle altta yatan\u00a0ins\u00fclin direncinin\u00a0d\u00fczeltilmesidir.<\/p>\n\n\n\n<p class=\"has-text-align-center\"><mark style=\"background-color:rgba(0, 0, 0, 0)\" class=\"has-inline-color has-dark-pink-color\"><strong>\u0130ns\u00fclin direncinin tedavi edilmesine ba\u011fl\u0131 olarak mantar enfeksiyonuna zemin haz\u0131rlayan ortam ortadan kalkmaktad\u0131r.<\/strong>\u00a0<strong>K\u00f6t\u00fc hijyenik\u00a0ortam\u00a0ve \u0131slakl\u0131k (nem) mantar \u00fcremesini artt\u0131rmaktad\u0131r. <\/strong><\/mark><\/p>\n\n\n\n<p class=\"has-text-align-center\"><strong><mark style=\"background-color:rgba(0, 0, 0, 0)\" class=\"has-inline-color has-dark-pink-color\">K\u00f6t\u00fc hijyenik \u015fartlar d\u00fczeltildikten (g\u00fcnl\u00fck ped kullan\u0131m\u0131n\u0131n b\u0131rak\u0131lmas\u0131 gibi) ve kuru ortam sa\u011fland\u0131ktan sonra ins\u00fclin direnci tedavisi\u00a0ve\u00a0antibiyotik tedavisi birlikte uyguland\u0131\u011f\u0131nda mantar enfeksiyonu tedavi edilebilmektedir.<\/mark><\/strong><\/p>\n\n\n\n<figure class=\"wp-block-embed aligncenter is-type-video is-provider-youtube wp-block-embed-youtube wp-embed-aspect-16-9 wp-has-aspect-ratio\"><div class=\"wp-block-embed__wrapper\">\n<iframe loading=\"lazy\" title=\"#polikistikover #fazlaterleme #kokuluterleme #genitalb\u00f6lgeterlemesi #testosteronterleme\" width=\"1320\" height=\"743\" src=\"https:\/\/www.youtube.com\/embed\/brHz4Kx_aGY?feature=oembed\" frameborder=\"0\" allow=\"accelerometer; autoplay; clipboard-write; encrypted-media; gyroscope; picture-in-picture; web-share\" referrerpolicy=\"strict-origin-when-cross-origin\" allowfullscreen><\/iframe>\n<\/div><\/figure>\n","protected":false},"excerpt":{"rendered":"<p>Polikistik over sendromu olan kad\u0131nlar\u0131n yakla\u015f\u0131k yar\u0131s\u0131nda \u00e7e\u015fitli derecelerde\u00a0ins\u00fclin direnci\u00a0 g\u00f6r\u00fclmektedir. Polikistik Over Sendromu\u2019 nda\u00a0ins\u00fclin direnci veya \u015feker hastal\u0131\u011f\u0131\u00a0olan kad\u0131nlarda\u00a0genital b\u00f6lgede (Vajina, Vulva) tekrarlayan\u00a0mantar enfeksiyonlar\u0131\u00a0daha s\u0131k g\u00f6r\u00fclmektedir. 1-Mantar enfeksiyonu genellikle\u00a0bozulmu\u015f s\u00fct k\u0131vam\u0131nda\u00a0beyaz renkli ak\u0131nt\u0131, k\u0131zar\u0131kl\u0131k, \u015fi\u015flik,\u00a0ka\u015f\u0131nt\u0131 ve yanma hissi \u015fikayetlerine\u00a0neden olmaktad\u0131r. Bu\u00a0\u015fikayetlerin hepsi\u00a0bir ki\u015fide ortaya \u00e7\u0131kabilmekte ya da \u015fikayetlerden sadece bir tanesi g\u00f6r\u00fclmektedir. 2&#8211;Mantar enfeksiyonu\u00a0smear [&hellip;]<\/p>\n","protected":false},"author":1,"featured_media":0,"parent":0,"menu_order":0,"comment_status":"closed","ping_status":"closed","template":"","meta":{"footnotes":""},"class_list":["post-8043","page","type-page","status-publish","hentry"],"_links":{"self":[{"href":"https:\/\/polikistikover.net\/yeni\/wp-json\/wp\/v2\/pages\/8043","targetHints":{"allow":["GET"]}}],"collection":[{"href":"https:\/\/polikistikover.net\/yeni\/wp-json\/wp\/v2\/pages"}],"about":[{"href":"https:\/\/polikistikover.net\/yeni\/wp-json\/wp\/v2\/types\/page"}],"author":[{"embeddable":true,"href":"https:\/\/polikistikover.net\/yeni\/wp-json\/wp\/v2\/users\/1"}],"replies":[{"embeddable":true,"href":"https:\/\/polikistikover.net\/yeni\/wp-json\/wp\/v2\/comments?post=8043"}],"version-history":[{"count":9,"href":"https:\/\/polikistikover.net\/yeni\/wp-json\/wp\/v2\/pages\/8043\/revisions"}],"predecessor-version":[{"id":10240,"href":"https:\/\/polikistikover.net\/yeni\/wp-json\/wp\/v2\/pages\/8043\/revisions\/10240"}],"wp:attachment":[{"href":"https:\/\/polikistikover.net\/yeni\/wp-json\/wp\/v2\/media?parent=8043"}],"curies":[{"name":"wp","href":"https:\/\/api.w.org\/{rel}","templated":true}]}}