{"id":8053,"date":"2025-09-27T20:45:46","date_gmt":"2025-09-27T20:45:46","guid":{"rendered":"https:\/\/polikistikover.net\/yeni\/?page_id=8053"},"modified":"2025-11-25T01:23:35","modified_gmt":"2025-11-25T01:23:35","slug":"polikistik-over-sendromu-tedavisinde-akupunktur","status":"publish","type":"page","link":"https:\/\/polikistikover.net\/yeni\/polikistik-over-sendromu-tedavisinde-akupunktur\/","title":{"rendered":"Polikistik Over Sendromu Tedavisinde Akupunktur"},"content":{"rendered":"\n<p class=\"has-text-align-center\"><strong><mark style=\"background-color:rgba(0, 0, 0, 0)\" class=\"has-inline-color has-dark-pink-color\">En \u00e7ok a\u011fr\u0131 \u015fikayeti (migren, bel a\u011fr\u0131s\u0131) i\u00e7in tercih edilen geleneksel \u00c7in t\u0131bb\u0131n\u0131n (Traditional Chinese Medicine) bir par\u00e7as\u0131 olan akupunktur kullan\u0131m\u0131 gittik\u00e7e yayg\u0131nla\u015fmaktad\u0131r&nbsp;(1,2,3,4,30,31).&nbsp;<\/mark><\/strong><\/p>\n\n\n\n<p class=\"has-text-align-center\"> <strong><mark style=\"background-color:rgba(0, 0, 0, 0)\" class=\"has-inline-color has-dark-pink-color\">Akupunktur son zamanlarda polikistik over sendromu tedavisinde de kullan\u0131lmaya ba\u015flanm\u0131\u015ft\u0131r.<\/mark><\/strong><\/p>\n\n\n\n<p>Akupunktur v\u00fccudun \u00e7e\u015fitli b\u00f6lgelerinde bulunan kaslarda veya kulak \u00fczerinde belirli akupunktur noktalar\u0131na i\u011fne bat\u0131r\u0131larak yap\u0131lan bir tedavi y\u00f6ntemidir.<\/p>\n\n\n\n<p> \u0130\u011fne bat\u0131r\u0131ld\u0131ktan sonra sinir sisteminin uyar\u0131lmas\u0131 belirli bir s\u00fcre elle (manual) ya da elektrik ak\u0131m\u0131 (electrostimulation) kullan\u0131larak yap\u0131lmaktad\u0131r(5,6,7).<\/p>\n\n\n\n<p> \u0130\u011fne bat\u0131r\u0131lan akupunktur noktalar\u0131nda uyar\u0131lan sinirler (peripheral nerves) omurilik ve beyinde bulunan baz\u0131 sinir h\u00fccrelerini (neurons) etkin (aktif) hale getirmektedir(5,6,7).<\/p>\n\n\n\n<p class=\"has-text-align-center\"><strong>SAKINCALARI;<\/strong><\/p>\n\n\n\n<p><strong><mark style=\"background-color:#f8660e\" class=\"has-inline-color\">1-<\/mark>Akupunktur uygulamas\u0131n\u0131n ba\u015far\u0131s\u0131n\u0131 di\u011fer tedavi y\u00f6ntemleriyle k\u0131yaslayan g\u00fcvenilir kar\u015f\u0131la\u015ft\u0131rmal\u0131&nbsp; bilimsel \u00e7al\u0131\u015fmalar\u0131n (Randomised Controlled Trials) yetersiz say\u0131da olmas\u0131,<\/strong><\/p>\n\n\n\n<p><strong><mark style=\"background-color:#f49c0f\" class=\"has-inline-color\">2-<\/mark>Kullan\u0131lan akupunktur noktalar\u0131n\u0131n yerleri, akupunktur uygulamas\u0131n\u0131n s\u00fcresi ve uygulama s\u0131kl\u0131\u011f\u0131 gibi konularda ortak bir fikir birli\u011finin olmamas\u0131,<\/strong><\/p>\n\n\n\n<p><strong><mark style=\"background-color:#ee7608\" class=\"has-inline-color\">3-<\/mark>Belirlenmi\u015f akupunktur noktalar\u0131 ile rastgele se\u00e7ilen yerlere yap\u0131lan i\u011fne uygulamalar\u0131 (Sham acupuncture) aras\u0131nda sonu\u00e7lar a\u00e7\u0131s\u0131ndan fazla bir fark olmamas\u0131,<\/strong><\/p>\n\n\n\n<p><strong><mark style=\"background-color:#f88c0b\" class=\"has-inline-color\">4-<\/mark>Etkisinin ne kadar s\u00fcre devam etti\u011finin bilinmemesi,<\/strong><\/p>\n\n\n\n<p><strong><mark style=\"background-color:#fda708\" class=\"has-inline-color\">5-<\/mark>\u00c7o\u011funlu\u011fu \u00c7in kaynakl\u0131 olan \u00e7al\u0131\u015fmalarda \u00e7o\u011funlukla akupunktur uygulamas\u0131 ile birlikte bitkisel tedavi (Herbal Medicine) y\u00f6ntemlerinin de uygulanm\u0131\u015f olmas\u0131,<\/strong><\/p>\n\n\n\n<p><strong><mark style=\"background-color:#fd7d07\" class=\"has-inline-color\">6-<\/mark>Etki mekanizmas\u0131n\u0131n hen\u00fcz tam olarak ortaya konulmam\u0131\u015f olmas\u0131,<\/strong><\/p>\n\n\n\n<p class=\"has-text-align-center\"><strong>Akupunktur y\u00f6nteminin tek ba\u015f\u0131na ba\u015far\u0131s\u0131n\u0131&nbsp;<\/strong><strong>anlamam\u0131z\u0131 zorla\u015ft\u0131rmaktad\u0131r.<\/strong><\/p>\n\n\n\n<p class=\"has-text-align-center\"><strong>Etki Mekanizmas\u0131;<\/strong><\/p>\n\n\n\n<p><strong><mark style=\"background-color:#9fff0d\" class=\"has-inline-color\">1-<\/mark><\/strong>Beyinde hipotalamus b\u00f6lgesinde GnRH (Gonadotropin-releasing hormone) salg\u0131layan sinir h\u00fccreleri (neurons) bulunmaktad\u0131r(10,11).<\/p>\n\n\n\n<p><strong><mark style=\"background-color:#5efa05\" class=\"has-inline-color\">2-<\/mark><\/strong>GnRH hormonunun belirli aral\u0131klarla art\u0131\u015flar ve azal\u0131\u015flar g\u00f6sterek (pulsatile) salg\u0131lanmas\u0131na ba\u011fl\u0131 olarak hipofiz bezinde LH ve FSH hormonlar\u0131n \u00fcretim s\u0131kl\u0131\u011f\u0131 (frequency) ve miktarlar\u0131 (amplitude) belirlenmektedir(10,11).<\/p>\n\n\n<div class=\"wp-block-image\">\n<figure class=\"aligncenter size-full\"><img loading=\"lazy\" decoding=\"async\" width=\"768\" height=\"576\" src=\"https:\/\/polikistikover.net\/yeni\/wp-content\/uploads\/2025\/09\/image-89.png\" alt=\"\" class=\"wp-image-8058\" srcset=\"https:\/\/polikistikover.net\/yeni\/wp-content\/uploads\/2025\/09\/image-89.png 768w, https:\/\/polikistikover.net\/yeni\/wp-content\/uploads\/2025\/09\/image-89-300x225.png 300w\" sizes=\"auto, (max-width: 768px) 100vw, 768px\" \/><\/figure>\n<\/div>\n\n\n<p><strong><mark style=\"background-color:#8cff09\" class=\"has-inline-color\">3-<\/mark><\/strong>Polikistik over sendromu olan kad\u0131nlar\u0131n bir k\u0131sm\u0131nda GnRH hormonu salg\u0131layan sinir h\u00fccrelerinden olu\u015fan jenerat\u00f6r (dinamo) fazla \u00e7al\u0131\u015fmaktad\u0131r (hyperactive)(10,11,12).<\/p>\n\n\n\n<p><strong><mark style=\"background-color:#a2fa08\" class=\"has-inline-color\">4-<\/mark><\/strong>GnRH hormonunun salg\u0131lanma s\u0131kl\u0131\u011f\u0131n\u0131n artmas\u0131 hipofiz bezinde \u00fcretilen LH hormonunun salg\u0131lanma s\u0131kl\u0131\u011f\u0131n\u0131n (frequency) ve kan dola\u015f\u0131m\u0131nda bulunan miktar\u0131n\u0131n artmas\u0131na neden olmaktad\u0131r(10,12,13,14,15,16,17,18,19).&nbsp;<\/p>\n\n\n\n<p><strong><mark style=\"background-color:#75f705\" class=\"has-inline-color\">5-<\/mark><\/strong>LH (luteinizing hormon) miktar\u0131n\u0131n artmas\u0131&nbsp;erkeklik hormonlar\u0131n\u0131n yumurtal\u0131kta yap\u0131m\u0131n\u0131 artt\u0131rmakta&nbsp;(hiperandrogenism)&nbsp;ve yumurtlama \u00f6ncesi&nbsp;olgun folik\u00fcl (dominant) geli\u015fimini&nbsp;ve&nbsp;yumurtlamay\u0131 (ovulasyon)&nbsp;engellemektedir(12,19,20,21,22,23,24,25,26,27,28,29).<\/p>\n\n\n\n<p><strong><mark style=\"background-color:#81fa08\" class=\"has-inline-color\">6-<\/mark><\/strong>Beyinde belirli b\u00f6lgelerde pro-opiomelanocortine (POMC) den \u00fcretilen \u00df- endorfin (opioid) hipotalamus b\u00f6lgesinde bulunan GnRH (Gonadotropin-releasing hormone) salg\u0131layan jenerat\u00f6r\u00fcn (dinamo) \u00e7al\u0131\u015fmas\u0131n\u0131 bask\u0131lamaktad\u0131r (inhibition)(8,9,32,33,34,35,36,39,40).<\/p>\n\n\n\n<p> <strong><mark style=\"background-color:#97f707\" class=\"has-inline-color\">7-<\/mark><\/strong>Polikistik over sendromu olan kad\u0131nlar\u0131n bir k\u0131sm\u0131nda akupunktur uygulamas\u0131 sonras\u0131nda \u00df- endorfin miktar\u0131n\u0131n hipotalamus ve hipofiz bezinde artmas\u0131 nedeniyle hipotalamus\u2019tan fazla miktarda salg\u0131lanan GnRH (Gonadotropin-releasing hormone) ve hipofiz\u2019den fazla miktarda salg\u0131lanan LH (Luteinizing hormon) miktarlar\u0131 azalmaktad\u0131r(32,33,34,35,41).<\/p>\n\n\n\n<p><strong><mark style=\"background-color:#84fe0b\" class=\"has-inline-color\">8-<\/mark><\/strong>Bunun sonucunda polikistik over sendromu olan kad\u0131nlar\u0131n bir k\u0131sm\u0131nda akupunktur uygulamas\u0131n\u0131 takiben yumurtlama \u00f6ncesi&nbsp;olgun folik\u00fcl (dominant) geli\u015fimi&nbsp;ve&nbsp;yumurtlama (ovulasyon)&nbsp;oldu\u011fu i\u00e7in adet kanamalar\u0131 daha d\u00fczenli (Eumenorrhea) olmaktad\u0131r(32,33,34,35,37,38,41).<\/p>\n\n\n\n<p class=\"has-text-align-center\"><strong><mark style=\"background-color:rgba(0, 0, 0, 0)\" class=\"has-inline-color has-dark-pink-color\">Polikistik over sendromu olan kad\u0131nlarda \u00e7ocuk iste\u011fi ve adet d\u00fczensizli\u011fi tedavisinde ancak di\u011fer tedavi y\u00f6ntemleriyle birlikte kullan\u0131ld\u0131\u011f\u0131 taktirde bir miktar fayda sa\u011flayabilir.\u00a0<\/mark><\/strong><\/p>\n\n\n\n<p class=\"has-text-align-center\"><strong><mark style=\"background-color:rgba(0, 0, 0, 0)\" class=\"has-inline-color has-dark-pink-color\">Akupunktur y\u00f6nteminin polikistik over sendromu tedavisinde tek ba\u015f\u0131na kullan\u0131lmas\u0131 do\u011fru de\u011fildir.<\/mark><\/strong><\/p>\n\n\n\n<p class=\"has-text-align-center\">&nbsp;<strong>Kaynaklar<\/strong><\/p>\n\n\n\n<p>1-Acupuncture\u2013from empiricism to science: functional background to acupuncture effects in pain and disease. Andersson S, Lundeberg T.&nbsp;Med Hypotheses. 1995 Sep;45(3):271-81.<\/p>\n\n\n\n<p>2-Acupuncture in practice: mapping the providers, the patients and the settings in a national cross-sectional survey. Hopton AK, Curnoe S, Kanaan M, Macpherson H.&nbsp;BMJ Open. 2012 Jan 11;2(1):e000456.<\/p>\n\n\n\n<p>3-Prevalence of complementary and alternative medicine (CAM) use by the general population: a systematic review and update. Harris PE, Cooper KL, Relton C, Thomas KJ.&nbsp;Int J Clin Pract.&nbsp; 2012 Oct;66(10):924-39.<\/p>\n\n\n\n<p>4-Complementary and alternative medicine use in Australia: a national population-based survey.&nbsp;Xue CC, Zhang AL, Lin V, Da Costa C, Story DF.&nbsp;J Altern Complement Med. 2007 Jul-Aug;13(6):643-50.<\/p>\n\n\n\n<p>5-Acupuncture Points and Their Relationship with Multireceptive Fields of Neurons.&nbsp;Quiroz-Gonz\u00e1lez S, Torres- Castillo&nbsp; S, L\u00f3pez-G\u00f3mez RE, Jim\u00e9nez Estrada I. J Acupunct Meridian Stud. 2017 Apr;10(2):81-89.<\/p>\n\n\n\n<p>6-Acupuncture modulates the neuro-endocrine-immune network. Ding SS, Hong SH, Wang C, Guo Y, Wang ZK, Xu Y. QJM. 2014 May;107(5):341-5.<\/p>\n\n\n\n<p>7-A New Perspective of Acupuncture: The Interaction among Three Networks Leads to Neutralization. Li NC, Li MY, Chen B, Guo Y.&nbsp;Evid Based Complement Alternat Med. 2019&nbsp; Feb 24;2019:2326867.<\/p>\n\n\n\n<p>8-\u2013Pituitary stalk portal blood collection in rhesus monkeys: evidence for pulsatile release of gonadotropin-releasing hormone (GnRH). Carmel PW, Araki S, Ferin M.&nbsp;Endocrinology. 1976&nbsp;Jul;99(1):243-8.<\/p>\n\n\n\n<p>9-Frequency and amplitude of gonadotropin-releasing hormone stimulation and gonadotropin secretion in the rhesus monkey. Wildt L, H\u00e4usler A, Marshall G, Hutchison JS, Plant TM, Belchetz PE, Knobil E.&nbsp;Endocrinology. 1981&nbsp;&nbsp;Aug;109(2):376-85.<\/p>\n\n\n\n<p>10-GnRH pulse frequency-dependent differential regulation of LH and FSH gene expression. Thompson IR, Kaiser UB.&nbsp;Mol Cell Endocrinol. 2014&nbsp;Mar 25;385(1-2):28-35.<\/p>\n\n\n\n<p>11-The frequency of gonadotropin-releasing-hormone stimulation differentially regulates gonadotropin subunit messenger ribonucleic acid expression. Dalkin AC, Haisenleder DJ, Ortolano GA, Ellis TR, Marshall JC.&nbsp;Endocrinology. 1989 Aug;125(2):917-24.<\/p>\n\n\n\n<p>12-The origins and sequelae of abnormal neuroendocrine function in polycystic ovary syndrome. Blank SK, McCartney CR, Marshall JC.&nbsp;Hum Reprod Update. 2006&nbsp;Jul-Aug;12(4):351-61.<\/p>\n\n\n\n<p>13-Circulating luteinizing hormone pulse frequency in women with polycystic ovary syndrome. Kazer RR, Kessel B, Yen SS.&nbsp;J Clin Endocrinol Metab. 1987&nbsp;Aug;65(2):233-6.<\/p>\n\n\n\n<p>14-Opioidergic regulation of LH pulsatility in women with polycystic ovary syndrome. Berga SL, Yen SS.&nbsp;Clin Endocrinol (Oxf). 1989&nbsp;Feb;30(2):177-84.<\/p>\n\n\n\n<p>15-Inappropriate secretion of follicle-stimulating hormone and luteinizing hormone in polycystic ovarian disease.&nbsp;Yen SS, Vela P, Rankin J.&nbsp;J Clin Endocrinol Metab. 1970&nbsp;Apr;30(4):435-42.<\/p>\n\n\n\n<p>16-Determinants of abnormal gonadotropin secretion in clinically defined women with polycystic ovary syndrome. Taylor AE, McCourt B, Martin KA, Anderson EJ, Adams JM, Schoenfeld D, Hall JE.&nbsp;J Clin Endocrinol Metab. 1997&nbsp;Jul;82(7):2248-56.<\/p>\n\n\n\n<p>17-Hyperfunction of the hypothalamic-pituitary axis in women with polycystic ovarian disease: indirect evidence for partial gonadotroph desensitization.&nbsp;Waldstreicher J, Santoro NF, Hall JE, Filicori M, Crowley WF Jr.&nbsp;J Clin Endocrinol Metab. 1988&nbsp;Jan;66(1):165-72.<\/p>\n\n\n\n<p>18-Genome-wide association of polycystic ovary syndrome implicates alterations in gonadotropin secretion in European ancestry populations. Hayes MG, Urbanek M, Ehrmann DA, Armstrong LL, Lee JY, Sisk R, Karaderi T, Barber TM, McCarthy MI, Franks S,Lindgren CM, Welt CK, Diamanti-Kandarakis E, Panidis D, Goodarzi MO, Azziz R, Zhang Y, James RG, Olivier M,Kissebah AH; Reproductive Medicine Network, Stener-Victorin E, Legro RS, Dunaif A.&nbsp;Nat Commun. 2015&nbsp;Aug 18;6:7502.<\/p>\n\n\n\n<p>19-Metabolic regulation of androgen production by human thecal cells in vitro.&nbsp;Nahum R, Thong KJ, Hillier SG.&nbsp;Hum Reprod. 1995 Jan;10(1):75-81.<\/p>\n\n\n\n<p>20-Estradiol production by granulosa cells of normal and polycystic ovaries: relationship to menstrual cycle history and concentrations of gonadotropins and sex steroids in follicular fluid. Mason HD, Willis DS, Beard RW, Winston RM, Margara R, Franks S.&nbsp;J Clin Endocrinol Metab. 1994&nbsp;Nov;79(5):1355-60.<\/p>\n\n\n\n<p>21-Premature response to luteinizing hormone of granulosa cells from anovulatory women with polycystic ovary syndrome: relevance to mechanism of anovulation.&nbsp;Willis DS, Watson H, Mason HD, Galea R, Brincat M, Franks S. J Clin Endocrinol Metab. 1998 Nov;83(11):3984-91.<\/p>\n\n\n\n<p>22-Etiology of anovulation in polycystic ovary syndrome. Franks S, Mason H, White D, Willis D.&nbsp;Steroids. 1998&nbsp;May-Jun;63(5-6):306-7.<\/p>\n\n\n\n<p>23-Follicle dynamics and anovulation in polycystic ovary syndrome. Franks S, Stark J, Hardy K.&nbsp;Hum Reprod Update. 2008 Jul-Aug;14(4):367-78.<\/p>\n\n\n\n<p>24-Increased protein expression of LHCG receptor and 17\u03b1-hydroxylase\/17-20-lyase in human polycystic ovaries. Comim FV, Teerds K, Hardy K, Franks S. Hum Reprod. 2013&nbsp;Nov;28(11):3086-92.<\/p>\n\n\n\n<p>25-Developmental programming: rescuing disruptions in preovulatory follicle growth and steroidogenesis from prenatal testosterone disruption.&nbsp;Veiga-Lopez A, Moeller J, Abbott DH, Padmanabhan V. J Ovarian Res. 2016 Jun 29;9(1):39.<\/p>\n\n\n\n<p>26-Thecal cell sensitivity to luteinizing hormone and insulin in polycystic ovarian syndrome. Cadagan D, Khan R, Amer S.&nbsp;Reprod Biol. 2016&nbsp;Mar;16(1):53-60.<\/p>\n\n\n\n<p>27-Current concepts of the roles of follicle stimulating hormone and luteinizing hormone in folliculogenesis. Hillier SG.&nbsp;Hum Reprod. 1994&nbsp;Feb;9(2):188-91.<\/p>\n\n\n\n<p>28-Cellular aspects of pre-ovulatory folliculogenesis in primate ovaries. Hillier SG, Harlow CR, Shaw HJ, Wickings EJ, Dixson AF, Hodges JK.&nbsp;Hum Reprod. 1988&nbsp;May;3(4):507-11.<\/p>\n\n\n\n<p>29-Intrafollicular paracrine function of ovarian androgen. Hillier SG.&nbsp;J Steroid Biochem. 1987;27(1-3):351-7.<\/p>\n\n\n\n<p>30-Meta-analysis: acupuncture for low back pain. Manheimer E, White A, Berman B, Forys K, Ernst E.&nbsp;Ann Intern Med. 2005 Apr 19;142(8):651-63.<\/p>\n\n\n\n<p>31-Acupuncture for the prevention of tension-type headache. Linde K, Allais G, Brinkhaus B, Fei Y, Mehring M, Shin BC, Vickers A, White AR.&nbsp;Cochrane Database Syst Rev.2016 Apr 19;4:CD007587.<\/p>\n\n\n\n<p>32-Close anatomical associations between beta-endorphin and luteinizing hormone-releasing hormone neuronal systems in the human diencephalon.&nbsp;Dud\u00e1s B, Merhenthaler I. Neuroscience. 2004;124(1):221-9.<\/p>\n\n\n\n<p>33-The influence of acupuncture stimulation on plasma levels of LH, FSH, progesterone and estradiol in normally ovulating women. Aso T, Motohashi T, Murata M, Nishimura T, Kakizaki K.&nbsp;Am J Chin Med (Gard City N Y). 1976 WINTER;4(4):391-401.<\/p>\n\n\n\n<p>34-Acupuncture normalizes dysfunction of hypothalamic-pituitary-ovarian axis. Chen BY.&nbsp;Acupunct Electrother Res. 1997;22(2):97-108.<\/p>\n\n\n\n<p>35-Relationship between blood radioimmunoreactive beta-endorphin and hand skin temperature during the electro-acupuncture induction of ovulation. Chen BY, Yu J.&nbsp;Acupunct Electrother Res. 1991;16(1-2):1-5.<\/p>\n\n\n\n<p>36-70 years of opioid research: the exciting but vain quest for the Holy Grail. orrbett AD, Henderson G, McKnight AT, Paterson SJ.&nbsp;Br J Pharmacol.&nbsp; 2006 Jan;147 Suppl 1:S153-62.<\/p>\n\n\n\n<p>37-Effects of electro-acupuncture on anovulation in women with polycystic ovary syndrome.&nbsp;Stener-Victorin E, Waldenstr\u00f6m U, T\u00e4gnfors U, Lundeberg T, Lindstedt G, Janson PO.&nbsp;Acta Obstet Gynecol Scand. 2000 Mar;79(3):180-8.<\/p>\n\n\n\n<p>38-Acupuncture for polycystic ovarian syndrome.&nbsp;Lim CED, Ng RWC, Cheng NCL, Zhang GS, Chen H.&nbsp;Cochrane Database Syst Rev. 2019 Jul 2;7:CD007689.<\/p>\n\n\n\n<p>39-Neuroendocrine Impairments of Polycystic Ovary Syndrome.Ruddenklau A, Campbell RE.&nbsp;Endocrinology. 2019 Oct 1;160(10):2230-2242.<\/p>\n\n\n\n<p>40-New Perspectives on the Pathogenesis of PCOS: Neuroendocrine Origins. Walters KA, Gilchrist RB, Ledger WL, Teede HJ, Handelsman DJ, Campbell RE.&nbsp;Trends Endocrinol Metab. 2018 Dec;29(12):841-852.<\/p>\n\n\n\n<p>41-Acupuncture for polycystic ovarian syndrome: A systematic review and meta-analysis.&nbsp;Jo J, Lee YJ, Lee H.&nbsp;Medicine (Baltimore). 2017 Jun;96(23):e7066.<\/p>\n","protected":false},"excerpt":{"rendered":"<p>En \u00e7ok a\u011fr\u0131 \u015fikayeti (migren, bel a\u011fr\u0131s\u0131) i\u00e7in tercih edilen geleneksel \u00c7in t\u0131bb\u0131n\u0131n (Traditional Chinese Medicine) bir par\u00e7as\u0131 olan akupunktur kullan\u0131m\u0131 gittik\u00e7e yayg\u0131nla\u015fmaktad\u0131r&nbsp;(1,2,3,4,30,31).&nbsp; Akupunktur son zamanlarda polikistik over sendromu tedavisinde de kullan\u0131lmaya ba\u015flanm\u0131\u015ft\u0131r. Akupunktur v\u00fccudun \u00e7e\u015fitli b\u00f6lgelerinde bulunan kaslarda veya kulak \u00fczerinde belirli akupunktur noktalar\u0131na i\u011fne bat\u0131r\u0131larak yap\u0131lan bir tedavi y\u00f6ntemidir. \u0130\u011fne bat\u0131r\u0131ld\u0131ktan sonra sinir [&hellip;]<\/p>\n","protected":false},"author":1,"featured_media":0,"parent":0,"menu_order":0,"comment_status":"closed","ping_status":"closed","template":"","meta":{"footnotes":""},"class_list":["post-8053","page","type-page","status-publish","hentry"],"_links":{"self":[{"href":"https:\/\/polikistikover.net\/yeni\/wp-json\/wp\/v2\/pages\/8053","targetHints":{"allow":["GET"]}}],"collection":[{"href":"https:\/\/polikistikover.net\/yeni\/wp-json\/wp\/v2\/pages"}],"about":[{"href":"https:\/\/polikistikover.net\/yeni\/wp-json\/wp\/v2\/types\/page"}],"author":[{"embeddable":true,"href":"https:\/\/polikistikover.net\/yeni\/wp-json\/wp\/v2\/users\/1"}],"replies":[{"embeddable":true,"href":"https:\/\/polikistikover.net\/yeni\/wp-json\/wp\/v2\/comments?post=8053"}],"version-history":[{"count":12,"href":"https:\/\/polikistikover.net\/yeni\/wp-json\/wp\/v2\/pages\/8053\/revisions"}],"predecessor-version":[{"id":11284,"href":"https:\/\/polikistikover.net\/yeni\/wp-json\/wp\/v2\/pages\/8053\/revisions\/11284"}],"wp:attachment":[{"href":"https:\/\/polikistikover.net\/yeni\/wp-json\/wp\/v2\/media?parent=8053"}],"curies":[{"name":"wp","href":"https:\/\/api.w.org\/{rel}","templated":true}]}}