{"id":8177,"date":"2025-09-28T04:08:07","date_gmt":"2025-09-28T04:08:07","guid":{"rendered":"https:\/\/polikistikover.net\/yeni\/?page_id=8177"},"modified":"2025-11-21T20:22:31","modified_gmt":"2025-11-21T20:22:31","slug":"16-yasindan-kucuk-kizlarda-polikistik-over-sendromu","status":"publish","type":"page","link":"https:\/\/polikistikover.net\/yeni\/16-yasindan-kucuk-kizlarda-polikistik-over-sendromu\/","title":{"rendered":"16 Ya\u015f\u0131ndan K\u00fc\u00e7\u00fck K\u0131zlarda Polikistik Over Sendromu"},"content":{"rendered":"\n<p class=\"has-text-align-center\"><strong><mark style=\"background-color:rgba(0, 0, 0, 0)\" class=\"has-inline-color has-dark-pink-color\">Ergenlik d\u00f6neminin do\u011fal, fizyolojik belirtileri polikistik over sendromu ile benzerlik g\u00f6stermektedir. Bu benzerlik nedeniyle bu her iki durum birbirine kar\u0131\u015ft\u0131r\u0131lmaktad\u0131r.<\/mark><\/strong><\/p>\n\n\n\n<p class=\"has-text-align-center\"><strong><mark style=\"background-color:rgba(0, 0, 0, 0)\" class=\"has-inline-color has-dark-pink-color\">Ergenlik d\u00f6neminde polikistik over sendromu te\u015fhisi konulan yakla\u015f\u0131k her 5 k\u0131zdan 4 \u00fcnde asl\u0131nda polikistik over sendromu olmad\u0131\u011f\u0131 zaman i\u00e7inde anla\u015f\u0131lmaktad\u0131r.<\/mark><\/strong><\/p>\n\n\n\n<p><\/p>\n\n\n\n<p><mark style=\"background-color:#e9d00f\" class=\"has-inline-color\">1-&nbsp;<\/mark>Ergenlik (Adolesan) d\u00f6neminde&nbsp;hen\u00fcz beyin, yumurtal\u0131k ve rahim aras\u0131ndaki ili\u015fki tam olarak geli\u015fmedi\u011fi i\u00e7in polikistik over sendromu\u2019nda oldu\u011fu gibi&nbsp;yumurta geli\u015fimi ve yumurtlama olmamaktad\u0131r.<\/p>\n\n\n\n<p><mark style=\"background-color:#edcc09\" class=\"has-inline-color\">2-&nbsp;<\/mark>Ergenlik d\u00f6neminde bulunan k\u0131zlarda do\u011fal (fizyolojik) olarak g\u00f6r\u00fclen&nbsp;ins\u00fclin direnci&nbsp;polikistik over sendromu\u2019nda g\u00f6r\u00fclen&nbsp;hastal\u0131kla ili\u015fkili&nbsp;ins\u00fclin direncinden farkl\u0131d\u0131r(1).<\/p>\n\n\n\n<p><mark style=\"background-color:#eae004\" class=\"has-inline-color\">3-&nbsp;<\/mark>Ergenlik d\u00f6neminde ultrasonda yumurtal\u0131klar kistik (multikistik) g\u00f6r\u00fcn\u00fcmdedir. Ultrasonda multikistik over (yumurtal\u0131k) g\u00f6r\u00fcn\u00fcm\u00fc&nbsp;polikistik over (yumurtal\u0131k) g\u00f6r\u00fcn\u00fcm\u00fcne&nbsp;\u00e7ok benzemektedir(2). Bu benzerli\u011fin kar\u0131\u015ft\u0131r\u0131lmamas\u0131 gerekmektedir.<\/p>\n\n\n\n<p><mark style=\"background-color:#f2c705\" class=\"has-inline-color\">4-&nbsp;<\/mark>Ergenlik d\u00f6neminde bulunan k\u0131zlar\u0131n bir k\u0131sm\u0131nda her ay bir kere d\u00fczenli adet g\u00f6r\u00fclmesine ra\u011fmen bu adet kanamalar\u0131nda polikistik over sendromu olan kad\u0131nlar\u0131n bir k\u0131sm\u0131nda g\u00f6r\u00fcld\u00fc\u011f\u00fc&nbsp;gibi \u00e7o\u011funlukla yumurtlama olmamaktad\u0131r(3).<\/p>\n\n\n\n<p>Yukar\u0131da anlat\u0131lan benzerliklerden dolay\u0131 ergenlik d\u00f6neminin do\u011fal (fizyolojik) \u00f6zellikleri bazen polikistik over sendromu ile kar\u0131\u015ft\u0131r\u0131lmaktad\u0131r. Bu kar\u0131\u015f\u0131kl\u0131k \u00e7ok erken ya\u015flarda bulunan k\u0131zlarda&nbsp;do\u011fum kontrol hap\u0131 gibi ila\u00e7lar\u0131n&nbsp;gereksiz yere polikistik over sendromu\u2019nu tedavi amac\u0131yla&nbsp;kullan\u0131lmas\u0131na neden olmaktad\u0131r.<\/p>\n\n\n\n<p class=\"has-text-align-center\"><strong><mark style=\"background-color:rgba(0, 0, 0, 0)\" class=\"has-inline-color has-dark-pink-color\">Burada iki yanl\u0131\u015f bir arada bulunmaktad\u0131r; hem te\u015fhis yanl\u0131\u015f hem de kullan\u0131lan ila\u00e7 yanl\u0131\u015f!<\/mark><\/strong><\/p>\n\n\n\n<p class=\"has-text-align-center\"><strong><mark style=\"background-color:rgba(0, 0, 0, 0)\" class=\"has-inline-color has-dark-pink-color\">Halbuki 16 ya\u015f\u0131ndan k\u00fc\u00e7\u00fck k\u0131zlarda polikistik over sendromu\u2019nda yakla\u015f\u0131m a\u015fa\u011f\u0131da anlat\u0131ld\u0131\u011f\u0131 \u015fekilde olmal\u0131d\u0131r; &nbsp;<\/mark><\/strong><\/p>\n\n\n\n<p class=\"has-text-align-center\">Bir gen\u00e7 k\u0131zda ergenlik d\u00f6neminde s\u0131ras\u0131yla g\u00f6\u011f\u00fcs geli\u015fimi,&nbsp;genital b\u00f6lge k\u0131llanmas\u0131 ve&nbsp;ilk adet kanamas\u0131 olmaktad\u0131r.<\/p>\n\n\n\n<p><strong><mark style=\"background-color:#e97b09\" class=\"has-inline-color\">1-<\/mark><\/strong>G\u00f6\u011f\u00fcs geli\u015fimi ba\u015flam\u0131\u015f, genital b\u00f6lge k\u0131llanmas\u0131 var, ama ilk adet kanamas\u0131 hen\u00fcz olmam\u0131\u015f bir k\u0131zda&nbsp;t\u00fcylenme art\u0131\u015f\u0131, <a href=\"http:\/\/polikistikover.net\/sac-dokulmesi-ve-polikistik-over-sendromu\/\"><\/a>erkek tipi sa\u00e7 d\u00f6k\u00fclmesi, <a href=\"http:\/\/polikistikover.net\/polikistik-over-sendromunda-kilo-artisi-ve-sismanlik\/\"><\/a>kilo fazlal\u0131\u011f\u0131 ve \u015fi\u015fmanl\u0131k&nbsp;yok ise ilk adet kanamas\u0131 i\u00e7in 16 ya\u015f\u0131na kadar beklenilmelidir.<\/p>\n\n\n\n<p><mark style=\"background-color:#df6707\" class=\"has-inline-color\">2-<\/mark>G\u00f6\u011f\u00fcs geli\u015fimi ba\u015flam\u0131\u015f, genital b\u00f6lge k\u0131llanmas\u0131 var, ama ilk adet kanamas\u0131 hen\u00fcz olmam\u0131\u015f bir k\u0131zda <a href=\"http:\/\/polikistikover.net\/polikistik-over-sendromunda-tuylenme-artisi-ve-tedavisi\/\"><\/a>erkek tipi t\u00fcylenme art\u0131\u015f\u0131,&nbsp;sa\u00e7 d\u00f6k\u00fclmesi,&nbsp;\u015fi\u015fmanl\u0131k-kilo fazlal\u0131\u011f\u0131 var ise polikistik over sendromu a\u00e7\u0131s\u0131ndan adet d\u00fczensizli\u011finin 16 ya\u015f\u0131ndan \u00f6nce ara\u015ft\u0131r\u0131lmas\u0131 gerekir.&nbsp;Polikistik over sendromu\u2019na ba\u011fl\u0131 olarak adet kanamas\u0131n\u0131n gecikmesi veya adet olamama \u015fikayeti olan 16 ya\u015f\u0131ndan k\u00fc\u00e7\u00fck k\u0131zlarda&nbsp;Anti-Mullerian Hormon (AMH)&nbsp;miktar\u0131 fazla bulunmaktad\u0131r&nbsp;(4).<\/p>\n\n\n\n<p><mark style=\"background-color:#d95606\" class=\"has-inline-color\">3-<\/mark>E\u011fer k\u0131z 14 ya\u015f\u0131na gelmi\u015f ve ilk adet kanamas\u0131 olmam\u0131\u015f ise ve ayn\u0131 zamanda g\u00f6\u011f\u00fcs geli\u015fimi ve genital b\u00f6lge k\u0131llanmas\u0131 da yok ise bu durumda 16 ya\u015f\u0131n\u0131 beklemeden gecikmi\u015f ergenlik bak\u0131m\u0131ndan sorunun kayna\u011f\u0131n\u0131n \u00f6zellikle genetik (do\u011fu\u015ftan) nedenlerin ara\u015ft\u0131r\u0131lmas\u0131 gerekir.<\/p>\n\n\n\n<p class=\"has-text-align-center\"><strong><mark style=\"background-color:rgba(0, 0, 0, 0)\" class=\"has-inline-color has-dark-pink-color\">16 ya\u015f\u0131ndan k\u00fc\u00e7\u00fck k\u0131zlar\u0131n hi\u00e7birinde polikistik over sendromu tedavisi olarak do\u011fum kontrol hap\u0131 kullan\u0131lmas\u0131 do\u011fru de\u011fildir!<\/mark><\/strong><\/p>\n\n\n\n<p class=\"has-text-align-center\"><strong><mark style=\"background-color:rgba(0, 0, 0, 0)\" class=\"has-inline-color has-dark-pink-color\">Ergenlik d\u00f6neminin do\u011fal, fizyolojik belirtileri ile polikistik over sendromu ayr\u0131m\u0131n\u0131n nas\u0131l yap\u0131laca\u011f\u0131n\u0131 sizlerle payla\u015faca\u011f\u0131m;<\/mark><\/strong><\/p>\n\n\n\n<p><strong><mark style=\"background-color:#d0b904\" class=\"has-inline-color\">1-<\/mark><\/strong>Ergenlik d\u00f6neminde hen\u00fcz beyin&nbsp;ve yumurtal\u0131k aras\u0131ndaki ileti\u015fim sistemi tam olarak olgunla\u015fmad\u0131\u011f\u0131 i\u00e7in yumurtlama olmamaktad\u0131r. Bu nedenle ilk adet kanamas\u0131 gecikebilece\u011fi gibi, d\u00fczenli yumurtlaman\u0131n ba\u015flad\u0131\u011f\u0131 16 ya\u015f\u0131na kadar adet d\u00fczensizli\u011fi devam edebilmektedir. Ergenlik d\u00f6neminde \u00e7o\u011funlukla&nbsp;polikistik over sendromuna benzeyen, 1.5-2 ay aral\u0131klarla g\u00f6r\u00fclen adet kanamalar\u0131, hatta bazen de 6 aydan daha uzun aral\u0131klarla adet kanamalar\u0131 g\u00f6r\u00fclebilmektedir. \u0130lk adet kanamas\u0131n\u0131 takip eden 5 y\u0131l\u0131n&nbsp;sonuna kadar her 5 k\u0131zdan, 4 \u00fcnde yumurtlaman\u0131n oldu\u011fu, d\u00fczenli adet kanamalar\u0131 ba\u015flamaktad\u0131r. \u0130lk adet kanamas\u0131n\u0131 takip eden 2 y\u0131l sonunda hala adet kanamalar\u0131 1.5-2 ay aral\u0131klarla olan k\u0131zlar\u0131n da ancak yar\u0131s\u0131nda polikistik over sendromu vard\u0131r.<\/p>\n\n\n<div class=\"wp-block-image\">\n<figure class=\"aligncenter size-full\"><img loading=\"lazy\" decoding=\"async\" width=\"1024\" height=\"576\" src=\"https:\/\/polikistikover.net\/yeni\/wp-content\/uploads\/2025\/09\/image-94.png\" alt=\"\" class=\"wp-image-8182\" srcset=\"https:\/\/polikistikover.net\/yeni\/wp-content\/uploads\/2025\/09\/image-94.png 1024w, https:\/\/polikistikover.net\/yeni\/wp-content\/uploads\/2025\/09\/image-94-300x169.png 300w, https:\/\/polikistikover.net\/yeni\/wp-content\/uploads\/2025\/09\/image-94-768x432.png 768w\" sizes=\"auto, (max-width: 1024px) 100vw, 1024px\" \/><\/figure>\n<\/div>\n\n\n<p><\/p>\n\n\n\n<figure class=\"wp-block-embed aligncenter is-type-video is-provider-youtube wp-block-embed-youtube wp-embed-aspect-16-9 wp-has-aspect-ratio\"><div class=\"wp-block-embed__wrapper\">\n<iframe loading=\"lazy\" title=\"Polikistik Overde Gen\u00e7 K\u0131zlarda Do\u011fum Kontrol Haplar\u0131 #k\u0131zlar #ergenlik #do\u011fumkontrolhap\u0131 #meme\" width=\"1320\" height=\"743\" src=\"https:\/\/www.youtube.com\/embed\/8ZOW28auE4k?feature=oembed\" frameborder=\"0\" allow=\"accelerometer; autoplay; clipboard-write; encrypted-media; gyroscope; picture-in-picture; web-share\" referrerpolicy=\"strict-origin-when-cross-origin\" allowfullscreen><\/iframe>\n<\/div><\/figure>\n\n\n\n<p class=\"has-text-align-center\"><strong><mark style=\"background-color:rgba(0, 0, 0, 0)\" class=\"has-inline-color has-dark-pink-color\">Ergenlik d\u00f6nemine ba\u011fl\u0131 adet d\u00fczensizli\u011fi olan k\u0131zlar\u0131n, biraz \u00f6nce bahsetti\u011fim polikistik over sendromu olmad\u0131\u011f\u0131 halde polikistik over te\u015fhisi konulan her 5 k\u0131zdan 4 \u00fcn\u00fcn bir k\u0131sm\u0131 maalesef tedavi olarak do\u011fum kontrol hap\u0131 kullanmaya ba\u015flamaktad\u0131r.<\/mark><\/strong><\/p>\n\n\n\n<figure class=\"wp-block-embed aligncenter is-type-video is-provider-youtube wp-block-embed-youtube wp-embed-aspect-16-9 wp-has-aspect-ratio\"><div class=\"wp-block-embed__wrapper\">\n<iframe loading=\"lazy\" title=\"#polikistikover #adetd\u00fczensizli\u011fi #k\u0131zlar #do\u011fumkontrolhap\u0131 #tedavisi #tedavi #pkos #ergenlik #regl\" width=\"1320\" height=\"743\" src=\"https:\/\/www.youtube.com\/embed\/ycmFUHnN_PQ?feature=oembed\" frameborder=\"0\" allow=\"accelerometer; autoplay; clipboard-write; encrypted-media; gyroscope; picture-in-picture; web-share\" referrerpolicy=\"strict-origin-when-cross-origin\" allowfullscreen><\/iframe>\n<\/div><\/figure>\n\n\n\n<p class=\"has-text-align-center\"><strong><mark style=\"background-color:rgba(0, 0, 0, 0)\" class=\"has-inline-color has-dark-pink-color\">Do\u011fum kontrol haplar\u0131 asl\u0131nda k\u0131sa bir s\u00fcre sonra ba\u015flayacak olan d\u00fczenli adet kanamalar\u0131n\u0131n ortaya \u00e7\u0131kmas\u0131n\u0131 engellemektedir.<\/mark><\/strong> &nbsp;<\/p>\n\n\n\n<p class=\"has-text-align-center\"><strong><mark style=\"background-color:rgba(0, 0, 0, 0)\" class=\"has-inline-color has-dark-pink-color\">Halbuki do\u011fum kontrol hap\u0131 kullan\u0131lmad\u0131\u011f\u0131nda, takip edildi\u011finde iki y\u0131l i\u00e7inde bu k\u0131zlar\u0131n b\u00fcy\u00fck \u00e7o\u011funlu\u011funun adetlerinde d\u00fczelme oldu\u011fu g\u00f6r\u00fclmektedir.<\/mark><\/strong><\/p>\n\n\n\n<p><mark style=\"background-color:#d2ac02\" class=\"has-inline-color\">2-<\/mark>Ergenlik d\u00f6neminde ultrasonda yumurtal\u0131klarda polikistik over g\u00f6r\u00fcn\u00fcm\u00fc saptanmas\u0131 polikistik over sendromu oldu\u011fu anlam\u0131na gelmemektedir. Ergenlik d\u00f6neminde k\u0131zlar\u0131n b\u00fcy\u00fck \u00e7o\u011funlu\u011funun yumurtal\u0131klar\u0131 zaten do\u011fal olarak beyinden salg\u0131lanan hormonlar\u0131n fizyolojik art\u0131\u015f\u0131na ba\u011fl\u0131 olarak kistik g\u00f6r\u00fcn\u00fcmdedir. Hatta nerdeyse bu k\u0131zlar\u0131n yar\u0131s\u0131n\u0131n yumurtal\u0131\u011f\u0131 polikistik g\u00f6r\u00fcn\u00fcmdedir. Bu kistik g\u00f6r\u00fcnt\u00fc ergenlik d\u00f6neminin sonunda d\u00fczenli adet kanamalar\u0131n\u0131n ortaya \u00e7\u0131kmas\u0131yla birlikte kendili\u011finden kaybolmaktad\u0131r.<\/p>\n\n\n\n<p class=\"has-text-align-center\"><strong><mark style=\"background-color:rgba(0, 0, 0, 0)\" class=\"has-inline-color has-dark-pink-color\">Ergenlik d\u00f6neminde adet d\u00fczensizli\u011fi ile beraber ultrasonda kistik yumurtal\u0131k g\u00f6r\u00fcn\u00fcm\u00fc olan k\u0131zlar\u0131n b\u00fcy\u00fck \u00e7o\u011funlu\u011funda polikistik over sendromu yoktur.<\/mark><\/strong><\/p>\n\n\n\n<p><strong><mark style=\"background-color:#d68b00\" class=\"has-inline-color\">3-<\/mark><\/strong>Ergenlik d\u00f6neminde \u015fi\u015fman ve ins\u00fclin direnci olan b\u00fct\u00fcn k\u0131zlar da polikistik over sendromu yoktur. Evet do\u011fru polikistik over sendromu olan k\u0131zlar\u0131n b\u00fcy\u00fck \u00e7o\u011funlu\u011fu \u015fi\u015fmand\u0131r. Fakat \u015fi\u015fman olan k\u0131zlar\u0131n b\u00fcy\u00fck \u00e7o\u011funlu\u011funda polikistik over sendromu yoktur.<\/p>\n\n\n\n<p><strong><mark style=\"background-color:#d88e06\" class=\"has-inline-color\">4-<\/mark><\/strong>Ergenlikte g\u00f6r\u00fclen ins\u00fclin direnci de do\u011fal, fizyolojik bir ins\u00fclin direncidir. Bu ins\u00fclin direnci k\u0131zlarda b\u00fcy\u00fcme ve geli\u015fme i\u00e7in gerekli olan aminoasitlerin yani proteinlerin y\u0131k\u0131m\u0131n\u0131n \u00f6nlenmesine, protein yerine \u00f6ncelikle ya\u011flar\u0131n enerji kayna\u011f\u0131 olarak kullan\u0131lmas\u0131na neden olmaktad\u0131r. Dolay\u0131s\u0131yla fizyolojik ins\u00fclin direnci ile polikistik over sendromuna ve \u015fi\u015fmanl\u0131\u011fa ba\u011fl\u0131 olan ins\u00fclin direnci birbirine kar\u0131\u015ft\u0131r\u0131lmamal\u0131d\u0131r. Ergenlik d\u00f6neminde fizyolojik ins\u00fclin direncinin azalt\u0131lmaya \u00e7al\u0131\u015f\u0131lmas\u0131 do\u011fru de\u011fildir.<\/p>\n\n\n\n<p class=\"has-text-align-center\"><strong>Kaynaklar<\/strong><\/p>\n\n\n\n<p>1-Developmental changes in insulin action and secretion in childhood health and disease. Caprio S, Jones T, Tamborlane W. Adv Endocrinol Metab 1994 ;5:171-201.<\/p>\n\n\n\n<p>2-Longitudinal change of sonographic ovarian aspects and endocrine parameters in irregular cycles of adolescence.Venturoli S, Porcu E, Fabbri R, Pluchinotta V, Ruggeri S, Macrelli S&nbsp;, Paradisi R, Flamigni C. Pediatr Res 1995 Dec;38(6):974-80.<\/p>\n\n\n\n<p>3-Anovulation after precocious pubarche: early markers and time course in adolescence.&nbsp;Ib\u00e1\u00f1ez L, de Zegher F, Potau N. J Clin Endocrinol Metab.&nbsp;1999&nbsp;Aug;84 (8):2691-5.<\/p>\n\n\n\n<p>4-Serum anti-mullerian hormone concentrations are elevated in oligomenorrheic girls without evidence of hyperandrogenism.Park AS, Lawson MA, Chuan SS, Oberfield SE, Hoeger KM, Witchel SF, Chang RJ.&nbsp;J Clin Endocrinol Metab. 2010 Apr;95(4):1786-92.<\/p>\n\n\n\n<p><\/p>\n","protected":false},"excerpt":{"rendered":"<p>Ergenlik d\u00f6neminin do\u011fal, fizyolojik belirtileri polikistik over sendromu ile benzerlik g\u00f6stermektedir. Bu benzerlik nedeniyle bu her iki durum birbirine kar\u0131\u015ft\u0131r\u0131lmaktad\u0131r. Ergenlik d\u00f6neminde polikistik over sendromu te\u015fhisi konulan yakla\u015f\u0131k her 5 k\u0131zdan 4 \u00fcnde asl\u0131nda polikistik over sendromu olmad\u0131\u011f\u0131 zaman i\u00e7inde anla\u015f\u0131lmaktad\u0131r. 1-&nbsp;Ergenlik (Adolesan) d\u00f6neminde&nbsp;hen\u00fcz beyin, yumurtal\u0131k ve rahim aras\u0131ndaki ili\u015fki tam olarak geli\u015fmedi\u011fi i\u00e7in polikistik [&hellip;]<\/p>\n","protected":false},"author":1,"featured_media":0,"parent":0,"menu_order":0,"comment_status":"closed","ping_status":"closed","template":"","meta":{"footnotes":""},"class_list":["post-8177","page","type-page","status-publish","hentry"],"_links":{"self":[{"href":"https:\/\/polikistikover.net\/yeni\/wp-json\/wp\/v2\/pages\/8177","targetHints":{"allow":["GET"]}}],"collection":[{"href":"https:\/\/polikistikover.net\/yeni\/wp-json\/wp\/v2\/pages"}],"about":[{"href":"https:\/\/polikistikover.net\/yeni\/wp-json\/wp\/v2\/types\/page"}],"author":[{"embeddable":true,"href":"https:\/\/polikistikover.net\/yeni\/wp-json\/wp\/v2\/users\/1"}],"replies":[{"embeddable":true,"href":"https:\/\/polikistikover.net\/yeni\/wp-json\/wp\/v2\/comments?post=8177"}],"version-history":[{"count":26,"href":"https:\/\/polikistikover.net\/yeni\/wp-json\/wp\/v2\/pages\/8177\/revisions"}],"predecessor-version":[{"id":12901,"href":"https:\/\/polikistikover.net\/yeni\/wp-json\/wp\/v2\/pages\/8177\/revisions\/12901"}],"wp:attachment":[{"href":"https:\/\/polikistikover.net\/yeni\/wp-json\/wp\/v2\/media?parent=8177"}],"curies":[{"name":"wp","href":"https:\/\/api.w.org\/{rel}","templated":true}]}}