{"id":8202,"date":"2025-09-28T04:27:26","date_gmt":"2025-09-28T04:27:26","guid":{"rendered":"https:\/\/polikistikover.net\/yeni\/?page_id=8202"},"modified":"2025-11-22T01:41:06","modified_gmt":"2025-11-22T01:41:06","slug":"anti-mullerian-hormon-amh","status":"publish","type":"page","link":"https:\/\/polikistikover.net\/yeni\/anti-mullerian-hormon-amh\/","title":{"rendered":"Anti-Mullerian Hormon (AMH)"},"content":{"rendered":"\n<p class=\"has-text-align-center\"><strong><mark style=\"background-color:rgba(0, 0, 0, 0)\" class=\"has-inline-color has-dark-pink-color\">Yumurtal\u0131klarda yumurtalar\u0131 i\u00e7inde ta\u015f\u0131yan k\u00fc\u00e7\u00fck keseciklerin (preantral ve antral folik\u00fcller) duvar\u0131n\u0131 d\u00f6\u015feyen h\u00fccreler taraf\u0131ndan (granulosa h\u00fccreleri) Anti-M\u00fcllerian Hormon (AMH) \u00fcretilmektedir(1,2).<\/mark><\/strong><\/p>\n\n\n\n<p>AMH&nbsp;miktar\u0131 kad\u0131nlarda ya\u015f ilerledik\u00e7e yumurta say\u0131s\u0131n\u0131n yani k\u00fc\u00e7\u00fck keseciklerin (preantral ve antral folik\u00fcller) azalmas\u0131na paralel olarak azalmaktad\u0131r(3,4). <\/p>\n\n\n\n<p>Menopoz k\u00fc\u00e7\u00fck keseciklerin (preantral ve antral folik\u00fcller) t\u00fckenmesi anlam\u0131na gelmektedir.<\/p>\n\n\n\n<p>Menopoz veya erken menopoz \u00f6ncesinde AMH miktar\u0131 \u00e7ok \u00e7ok azalmaktad\u0131r.<\/p>\n\n\n\n<p>Anti-M\u00fcllerian Hormon miktar\u0131 ki\u015finin polikistik over sendromu\u2019nun hangi&nbsp;grubuna&nbsp;girdi\u011fini ve polikistik over sendromu\u2019nun \u015fiddetini g\u00f6stermektedir&nbsp;(15,16).<\/p>\n\n\n\n<p> Polikistik over sendromu olan kad\u0131nlarda kanda AMH miktar\u0131 polikistik over sendromu olmayan kad\u0131nlardan daha fazla miktarda bulunmaktad\u0131r&nbsp;(5). <\/p>\n\n\n\n<p class=\"has-text-align-center\"><strong><mark style=\"background-color:rgba(0, 0, 0, 0)\" class=\"has-inline-color has-dark-pink-color\">Polikistik over sendromu olan kad\u0131nlarda AMH miktar\u0131n\u0131n fazla olmas\u0131n\u0131n tek nedeni AMH nin \u00fcretildi\u011fi preantal ve antral folik\u00fcl say\u0131s\u0131n\u0131n fazla olmas\u0131 de\u011fildir&nbsp;(18).<\/mark><\/strong><\/p>\n\n\n\n<p class=\"has-text-align-center\"> <strong><mark style=\"background-color:rgba(0, 0, 0, 0)\" class=\"has-inline-color has-dark-pink-color\">AMH miktar\u0131n\u0131n fazla olmas\u0131n\u0131n di\u011fer nedeni de polikistik over sendromu olan kad\u0131nlarda AMH \u00fcretimi yapan h\u00fccrelerin \u00fcretim kapasitesinin polikistik over sendromu olmayan kad\u0131nlar\u0131n AMH \u00fcreten h\u00fccrelerinin kapasitesinden \u00e7ok daha fazla olmas\u0131d\u0131r&nbsp;(6).<\/mark><\/strong><\/p>\n\n\n\n<p>Yumurtal\u0131kta erkeklik hormonlar\u0131 AMH hormonu \u00fcreten granulosa h\u00fccrelerinin d\u0131\u015f k\u0131sm\u0131n\u0131 d\u00f6\u015feyen h\u00fccrelerde (teka h\u00fccreleri) ve yumurtal\u0131\u011f\u0131n&nbsp;\u00e7evresine dizilmi\u015f k\u00fc\u00e7\u00fck keseciklerin ortas\u0131nda bulunan b\u00f6lgede (stroma) \u00fcretilmektedir(10).<\/p>\n\n\n\n<p> AMH miktar\u0131 erkeklik hormonlar\u0131n\u0131n (testosteron gibi)&nbsp;miktar\u0131 ile do\u011fru orant\u0131l\u0131 olarak de\u011fi\u015fmektedir. <\/p>\n\n\n\n<p>Bu nedenle erkeklik hormonlar\u0131n\u0131n fazla miktarda \u00fcretildi\u011fi&nbsp;t\u00fcylenme art\u0131\u015f\u0131,&nbsp;erkek tipi sa\u00e7 d\u00f6k\u00fclmesi&nbsp;ve&nbsp;sivilce&nbsp;\u015fikayetlerinin g\u00f6r\u00fcld\u00fc\u011f\u00fc polikistik over sendromu\u2019nun alt gruplar\u0131ndan&nbsp;A ve B grubuna&nbsp;giren kad\u0131nlarda AMH daha fazla miktarda bulunmaktad\u0131r(7,8,9).<\/p>\n\n\n\n<p>Polikistik over sendromu olan kad\u0131nlar\u0131n bir k\u0131sm\u0131nda&nbsp;ins\u00fclin direncine&nbsp;ba\u011fl\u0131 olarak ins\u00fclin hormonu fazla miktarda \u00fcretilmektedir(11,12). <\/p>\n\n\n\n<p>Fazla miktarda \u00fcretilen ins\u00fclin hormonu yumurtal\u0131kta teka h\u00fccrelerinde ve stromada erkeklik hormonu \u00fcretimini artt\u0131rmaktad\u0131r&nbsp;(13).&nbsp;<\/p>\n\n\n\n<p>Erkeklik hormonlar\u0131nda olu\u015fan art\u0131\u015fa paralel olarak bu ki\u015filerde AMH miktar\u0131 da fazla bulunmaktad\u0131r. <\/p>\n\n\n\n<p>Buna kar\u015f\u0131l\u0131k ins\u00fclin direncinin ve buna ba\u011fl\u0131 olarak ins\u00fclin hormonu miktar\u0131n\u0131n tedavi ile azalmas\u0131 AMH hormonu miktar\u0131n\u0131 azaltmaktad\u0131r&nbsp;(14).<\/p>\n\n\n\n<p>Polikistik over sendromu&nbsp;ve&nbsp;adet d\u00fczensizli\u011fi&nbsp;olan kad\u0131nlarda kan dola\u015f\u0131m\u0131nda AMH miktar\u0131&nbsp;d\u00fczenli adet g\u00f6ren polikistik over sendromu&nbsp;olan kad\u0131nlardan daha fazla miktarda bulunmaktad\u0131r.<\/p>\n\n\n\n<p class=\"has-text-align-center\"><strong><mark style=\"background-color:rgba(0, 0, 0, 0)\" class=\"has-inline-color has-dark-blue-color\">AMH miktar\u0131na g\u00f6re polikistik over sendromu olan kad\u0131nlar\u0131&nbsp;yumurta geli\u015fimi ve yumurtlama a\u00e7\u0131s\u0131ndan&nbsp;iki gruba ay\u0131rabiliriz&nbsp;(6);<\/mark><\/strong><\/p>\n\n\n\n<p><strong><mark style=\"background-color:#fbe00a\" class=\"has-inline-color has-dark-color\">1-<\/mark><mark style=\"background-color:rgba(0, 0, 0, 0)\" class=\"has-inline-color has-dark-pink-color\"> AMH miktar\u0131 fazla olan,\u00a0adet d\u00fczensizli\u011fi\u00a0ve\u00a0gebe kalmakta zorluk\u00a0ya\u015fayanlar<\/mark><\/strong><\/p>\n\n\n\n<p><strong><mark style=\"background-color:#fdf20a\" class=\"has-inline-color\">2-<\/mark><mark style=\"background-color:#ffffff\" class=\"has-inline-color\"> <\/mark><mark style=\"background-color:rgba(0, 0, 0, 0)\" class=\"has-inline-color has-dark-pink-color\">AMH miktar\u0131 fazla olmayan, d\u00fczenli adet olan ve gebe kalmakta zorluk ya\u015famayanlar<\/mark><\/strong><\/p>\n\n\n\n<p class=\"has-text-align-center\"><strong><mark style=\"background-color:rgba(0, 0, 0, 0)\" class=\"has-inline-color has-dark-blue-color\">Yukar\u0131da belirtilen ikinci gruba giren yani ba\u015flang\u0131\u00e7ta AMH miktar\u0131 fazla olmayan ve polikistik over sendromu olan kad\u0131nlarda&nbsp;kilo verilmesi ve v\u00fccut ya\u011f oran\u0131n\u0131n azalt\u0131lmas\u0131&nbsp;yumurta geli\u015fimine ve yumurtlamaya neden olarak adetlerin d\u00fczene girmesini ve bunun sonucunda gebe kal\u0131nmas\u0131n\u0131 sa\u011flamaktad\u0131r&nbsp;(17).<\/mark><\/strong><\/p>\n\n\n\n<p class=\"has-text-align-center\"> <strong><mark style=\"background-color:rgba(0, 0, 0, 0)\" class=\"has-inline-color has-dark-blue-color\">Fakat, AMH miktar\u0131 ba\u015flang\u0131\u00e7ta fazla olan birinci gruba giren kad\u0131nlarda ise kilo verilmesi ve v\u00fccut ya\u011f oran\u0131n\u0131n azalt\u0131lmas\u0131 tedavide daha az etkili olmaktad\u0131r.&nbsp;<\/mark><\/strong><\/p>\n\n\n\n<p class=\"has-text-align-center\"><strong><mark style=\"background-color:rgba(0, 0, 0, 0)\" class=\"has-inline-color has-dark-pink-color\">Adet d\u00fczensizli\u011fi&nbsp;ve&nbsp;\u00e7ocuk iste\u011fi&nbsp;tedavilerinde birinci gruba giren kad\u0131nlarda AMH miktar\u0131n\u0131n azalt\u0131lmas\u0131 polikistik over sendromu tedavisinde ba\u015far\u0131ya etki eden \u00f6nemli bir fakt\u00f6rd\u00fcr.<\/mark><\/strong><\/p>\n\n\n\n<p class=\"has-text-align-center\"><strong>Kaynaklar<\/strong><\/p>\n\n\n\n<p>1-Expression of anti-M\u00fcllerian hormone during normal and pathological gonadal development: association with differentiation of Sertoli and granulosa cells. Rajpert- de Meyts E,&nbsp;J\u00f8rgensen N, Graem N, M\u00fcller J, Cate RL, Skakkebaek NE.&nbsp;J Clin Endocrinol Metab. 1999&nbsp;Oct;84(10):3836-44.<\/p>\n\n\n\n<p>2-Anti-M\u00fcllerian hormone expression pattern in the human ovary: potential implications for initial and cyclic follicle recruitment.&nbsp;Weenen C, Laven JS, Von Bergh AR, Cranfield M, Groome NP, Visser JA, Kramer P, Fauser BC, Themmen AP.&nbsp;Mol Hum Reprod. 2004 Feb;10(2):77-83.<\/p>\n\n\n\n<p>3-&nbsp;Serum anti -mullerian hormone levels: a novel measure of ovarian reserve. Van Roji&nbsp;Broekmans FJ, te Velde ER, Fauser BC, Bancsi LF, de Jong FH, Themmen AP.&nbsp;Hum Reprod. 2002 Dec;17(12):3065-71.<\/p>\n\n\n\n<p>4-The variability of female reproductive ageing. V elde ER,&nbsp;Pearson PL.&nbsp;Hum Reprod Update. 2002&nbsp;Mar-Apr;8(2):141-54.<\/p>\n\n\n\n<p>5-M\u00fcllerian-inhibiting substance in follicular fluid and serum: a comparison of patients with tubal factor infertility, polycystic ovary syndrome, and endometriosis.&nbsp;Fertil Steril. 1997&nbsp;May;67(5):962-5.<\/p>\n\n\n\n<p>6-Granulosa cell production of anti-M\u00fcllerian hormone is increased in polycystic ovaries. Pellat L, Hanna L, Brincat M, Galea R, Brain H, Whitehead S, Mason H.&nbsp;J Clin Endocrinol Metab. 2007&nbsp;Jan;92(1):240.<\/p>\n\n\n\n<p>7-Elevated serum level of anti-mullerian hormone in patients with polycystic ovary syndrome: relationship to the ovarian follicle excess and to the follicular arrest. Pigny&nbsp;P, Merlen E, Robert Y, Cortet-Rudelli C, Decanter C, Jonard S, Dewailly D.&nbsp;J Clin Endocrinol Metab. 2003&nbsp;Dec;88(12):5957-62.<\/p>\n\n\n\n<p>8-Anti-M\u00fcllerian hormone serum concentrations in normoovulatory and anovulatory women of reproductive age. Laven&nbsp;JS, Mulders AG, Visser JA, Themmen AP, De Jong FH, Fauser BC.&nbsp;J Clin Endocrinol Metab. 2004Jan;89(1):318-23.<\/p>\n\n\n\n<p>9-Serum anti-Mullerian hormone levels during controlled ovarian hyperstimulation in women with polycystic ovaries with and without hyperandrogenism. Eldar Geva T, Margalioth EJ, Gal M, Ben-Chetrit A, Algur N, Zylber-Haran E, Brooks B, Huerta M, Spitz IM.&nbsp;Hum Reprod. 2005&nbsp;Jul;20(7):1814.<\/p>\n\n\n\n<p>10-Insulin stimulates androgen accumulation in incubations of human ovarian stroma and theca.&nbsp;Barbieri RL, Makris A, Ryan KJ.&nbsp;Obstet Gynecol. 1984&nbsp;Sep;64(3 Suppl):73S-80S.<\/p>\n\n\n\n<p>11-Correlation of hyperandrogenism with hyperinsulinism in polycystic ovarian disease. Burghen&nbsp;GA, Givens JR, Kitabchi AE.&nbsp;J Clin Endocrinol Metab. 1980&nbsp;Jan;50(1):113-6.<\/p>\n\n\n\n<p>12-Clinical implications of hyperinsulinaemia in women. Conway GS&nbsp;, Jacobs HS.&nbsp;Clin Endocrinol (Oxf). 1993&nbsp;Dec;39(6):623-32.<\/p>\n\n\n\n<p>13-Modulation by insulin of follicle-stimulating hormone and luteinizing hormone actions in human granulosa cells of normal and polycystic ovaries. Willis D, Mason H, Gilling-Smith C, Franks S.&nbsp;J Clin Endocrinol Metab. 1996&nbsp;Jan;81(1):302-9.<\/p>\n\n\n\n<p>14-&nbsp;Metformin reduces serum mullerian-inhibiting substance levels in women with polycystic ovary syndrome after protracted treatment. Fleming&nbsp;R, Harborne L, MacLaughlin DT, Ling D, Norman J, Sattar N, Seifer DB.&nbsp;Fertil Steril. 2005&nbsp;Jan;83(1):130-6.<\/p>\n\n\n\n<p>15-Anti-M\u00fcllerian hormone reflects the severity of polycystic ovary syndrome. Jacob JL, Field HP, Calder N, Picton HM, Balen AH, Barth JH.&nbsp;Clin Endocrinol (Oxf). 2017&nbsp;Mar;86(3):395-400.The relationship of serum anti-Mullerian hormone with polycystic ovarian morphology and polycystic ovary syndrome: a prospective cohort study.<\/p>\n\n\n\n<p>16-The relationship of serum anti-Mullerian hormone with polycystic ovarian morphology and polycystic ovary syndrome: a prospective cohort study. Homburg R, Ray A, Bhide P, Gudi A, Shah A, Timms P, Grayson K.&nbsp;Hum Reprod. 2013&nbsp;&nbsp;Apr;28(4):1077-83.&nbsp;1.<\/p>\n\n\n\n<p>17-The use of anti-mullerian hormone in predicting menstrual response after weight loss in overweight women with polycystic ovary syndrome. Moran LJ, Noakes M, Clifton PM, Norman RJ.&nbsp;J Clin Endocrinol Metab. 2007&nbsp;Oct;92(10):3796-802.<\/p>\n\n\n\n<p>18-Morphology and morphogenesis of the Stein-Leventhal ovary and of so-called \u201chyperthecosis\u201d Hughesdon&nbsp;PE.&nbsp;Obstet Gynecol Surv. 1982&nbsp;Feb;37(2):59-77.<\/p>\n\n\n\n<p><\/p>\n","protected":false},"excerpt":{"rendered":"<p>Yumurtal\u0131klarda yumurtalar\u0131 i\u00e7inde ta\u015f\u0131yan k\u00fc\u00e7\u00fck keseciklerin (preantral ve antral folik\u00fcller) duvar\u0131n\u0131 d\u00f6\u015feyen h\u00fccreler taraf\u0131ndan (granulosa h\u00fccreleri) Anti-M\u00fcllerian Hormon (AMH) \u00fcretilmektedir(1,2). AMH&nbsp;miktar\u0131 kad\u0131nlarda ya\u015f ilerledik\u00e7e yumurta say\u0131s\u0131n\u0131n yani k\u00fc\u00e7\u00fck keseciklerin (preantral ve antral folik\u00fcller) azalmas\u0131na paralel olarak azalmaktad\u0131r(3,4). Menopoz k\u00fc\u00e7\u00fck keseciklerin (preantral ve antral folik\u00fcller) t\u00fckenmesi anlam\u0131na gelmektedir. Menopoz veya erken menopoz \u00f6ncesinde AMH miktar\u0131 \u00e7ok [&hellip;]<\/p>\n","protected":false},"author":1,"featured_media":0,"parent":0,"menu_order":0,"comment_status":"closed","ping_status":"closed","template":"","meta":{"footnotes":""},"class_list":["post-8202","page","type-page","status-publish","hentry"],"_links":{"self":[{"href":"https:\/\/polikistikover.net\/yeni\/wp-json\/wp\/v2\/pages\/8202","targetHints":{"allow":["GET"]}}],"collection":[{"href":"https:\/\/polikistikover.net\/yeni\/wp-json\/wp\/v2\/pages"}],"about":[{"href":"https:\/\/polikistikover.net\/yeni\/wp-json\/wp\/v2\/types\/page"}],"author":[{"embeddable":true,"href":"https:\/\/polikistikover.net\/yeni\/wp-json\/wp\/v2\/users\/1"}],"replies":[{"embeddable":true,"href":"https:\/\/polikistikover.net\/yeni\/wp-json\/wp\/v2\/comments?post=8202"}],"version-history":[{"count":15,"href":"https:\/\/polikistikover.net\/yeni\/wp-json\/wp\/v2\/pages\/8202\/revisions"}],"predecessor-version":[{"id":12912,"href":"https:\/\/polikistikover.net\/yeni\/wp-json\/wp\/v2\/pages\/8202\/revisions\/12912"}],"wp:attachment":[{"href":"https:\/\/polikistikover.net\/yeni\/wp-json\/wp\/v2\/media?parent=8202"}],"curies":[{"name":"wp","href":"https:\/\/api.w.org\/{rel}","templated":true}]}}