{"id":8297,"date":"2025-09-28T09:28:56","date_gmt":"2025-09-28T09:28:56","guid":{"rendered":"https:\/\/polikistikover.net\/yeni\/?page_id=8297"},"modified":"2025-11-25T23:04:53","modified_gmt":"2025-11-25T23:04:53","slug":"sigara-ve-cocuk-istegi","status":"publish","type":"page","link":"https:\/\/polikistikover.net\/yeni\/sigara-ve-cocuk-istegi\/","title":{"rendered":"Sigara ve \u00c7ocuk \u0130ste\u011fi"},"content":{"rendered":"\n<p class=\"has-text-align-center\"><strong><mark style=\"background-color:rgba(0, 0, 0, 0)\" class=\"has-inline-color has-dark-pink-color\">Sigara al\u0131\u015fkanl\u0131\u011f\u0131 di\u011fer kad\u0131nlarda oldu\u011fu gibi polikistik over sendromu olan kad\u0131nlarda da gebelik olu\u015fumunu zorla\u015ft\u0131rmaktad\u0131r.<\/mark><\/strong><\/p>\n\n\n\n<p class=\"has-text-align-center\">Sigara duman\u0131nda bulunan toksinlerin (cotinine, benzo[a]pyrene, cadmium) yapt\u0131\u011f\u0131 etki (oxidative stress) DNA hasar\u0131na neden olmaktad\u0131r.<\/p>\n\n\n\n<p class=\"has-text-align-center\"> Bunun sonucunda genetik yap\u0131s\u0131 bozulan \u00fcreme h\u00fccreleri (yumurtalar) gebelik olu\u015fturma (fertilization) \u00f6zelli\u011fini kaybetmektedir. <\/p>\n\n\n\n<p class=\"has-text-align-center\">Sigara duman\u0131nda bulunan toksinler \u00fcreme h\u00fccresini (yumurta) i\u00e7inde ta\u015f\u0131yan k\u00fc\u00e7\u00fck folik\u00fcllerin (antral) (5-10 mm) b\u00fcy\u00fcyerek gebelik olu\u015fturma \u00f6zelli\u011fine sahip olan yumurtlama \u00f6ncesi olgun folik\u00fcl (dominant) (20 mm) halini almas\u0131n\u0131 engellemektedir.<\/p>\n\n\n\n<p class=\"has-text-align-center\"> Bu toksinlerin bir k\u0131sm\u0131 da \u00f6strojen (estradiol) ve progesteron hormonlar\u0131n\u0131n \u00fcretimini azaltmakla birlikte, erkeklik hormonlar\u0131n\u0131n (androgens) \u00fcretimini ve ins\u00fclin direncini artt\u0131rarak olgun folik\u00fcl olu\u015fumunu ve yumurtlamay\u0131 (ovulasyon) engellemektedir. <\/p>\n\n\n\n<p class=\"has-text-align-center\">\u0130\u00e7ilen g\u00fcnl\u00fck sigara miktar\u0131na paralel olarak gebelik olu\u015fumu gecikmekte, d\u00fc\u015f\u00fck (abortus) yapma ihtimali artmaktad\u0131r.<\/p>\n\n\n\n<p class=\"has-text-align-center\">Sigara i\u00e7en kad\u0131nlarda yumurtal\u0131k rezervinin (primordial follicles) azalmas\u0131 nedeniyle yumurtal\u0131k yetmezli\u011fi (premature ovarian failure) ihtimali artmaktad\u0131r. <\/p>\n\n\n\n<p class=\"has-text-align-center\">Sigara i\u00e7en kad\u0131nlar\u0131n i\u00e7meyenlerden daha erken menopoza girdi\u011fi g\u00f6r\u00fclmektedir. <\/p>\n\n\n\n<p class=\"has-text-align-center\">Erken menopozun g\u00f6r\u00fclme zaman\u0131 kullan\u0131m s\u00fcresi, i\u00e7ilen toplam sigara miktar\u0131, ge\u00e7mi\u015fte kullan\u0131p bir s\u00fcre \u00f6nce b\u0131rakm\u0131\u015f olunmas\u0131 veya hal\u00e2 aktif olarak kullanmaya devam edilmesi gibi etkenlere ba\u011fl\u0131 olarak de\u011fi\u015fmektedir.<\/p>\n\n\n\n<p class=\"has-text-align-center\"> Sigaran\u0131n kullan\u0131m s\u00fcresi en \u00f6nemli etken oldu\u011fu i\u00e7in sigaran\u0131n erken b\u0131rak\u0131lmas\u0131 erken menopoz ihtimalini azaltmaktad\u0131r.<\/p>\n\n\n\n<p class=\"has-text-align-center\"> Gebelik d\u00f6neminde sigara i\u00e7ilmesi do\u011facak k\u0131z \u00e7ocu\u011funun ileride \u00e7ocuk sahibi olmas\u0131n\u0131 da etkilemektedir. Gebelik d\u00f6neminde sigara i\u00e7en kad\u0131nlardan do\u011fan k\u0131zlar\u0131n (do\u011fum \u00f6ncesi sigaraya maruz kalan), i\u00e7meyen kad\u0131nlardan do\u011fanlardan daha zor gebe kald\u0131klar\u0131 g\u00f6r\u00fclmektedir.<\/p>\n","protected":false},"excerpt":{"rendered":"<p>Sigara al\u0131\u015fkanl\u0131\u011f\u0131 di\u011fer kad\u0131nlarda oldu\u011fu gibi polikistik over sendromu olan kad\u0131nlarda da gebelik olu\u015fumunu zorla\u015ft\u0131rmaktad\u0131r. Sigara duman\u0131nda bulunan toksinlerin (cotinine, benzo[a]pyrene, cadmium) yapt\u0131\u011f\u0131 etki (oxidative stress) DNA hasar\u0131na neden olmaktad\u0131r. Bunun sonucunda genetik yap\u0131s\u0131 bozulan \u00fcreme h\u00fccreleri (yumurtalar) gebelik olu\u015fturma (fertilization) \u00f6zelli\u011fini kaybetmektedir. Sigara duman\u0131nda bulunan toksinler \u00fcreme h\u00fccresini (yumurta) i\u00e7inde ta\u015f\u0131yan k\u00fc\u00e7\u00fck folik\u00fcllerin (antral) [&hellip;]<\/p>\n","protected":false},"author":1,"featured_media":0,"parent":0,"menu_order":0,"comment_status":"closed","ping_status":"closed","template":"","meta":{"footnotes":""},"class_list":["post-8297","page","type-page","status-publish","hentry"],"_links":{"self":[{"href":"https:\/\/polikistikover.net\/yeni\/wp-json\/wp\/v2\/pages\/8297","targetHints":{"allow":["GET"]}}],"collection":[{"href":"https:\/\/polikistikover.net\/yeni\/wp-json\/wp\/v2\/pages"}],"about":[{"href":"https:\/\/polikistikover.net\/yeni\/wp-json\/wp\/v2\/types\/page"}],"author":[{"embeddable":true,"href":"https:\/\/polikistikover.net\/yeni\/wp-json\/wp\/v2\/users\/1"}],"replies":[{"embeddable":true,"href":"https:\/\/polikistikover.net\/yeni\/wp-json\/wp\/v2\/comments?post=8297"}],"version-history":[{"count":7,"href":"https:\/\/polikistikover.net\/yeni\/wp-json\/wp\/v2\/pages\/8297\/revisions"}],"predecessor-version":[{"id":12942,"href":"https:\/\/polikistikover.net\/yeni\/wp-json\/wp\/v2\/pages\/8297\/revisions\/12942"}],"wp:attachment":[{"href":"https:\/\/polikistikover.net\/yeni\/wp-json\/wp\/v2\/media?parent=8297"}],"curies":[{"name":"wp","href":"https:\/\/api.w.org\/{rel}","templated":true}]}}