{"id":8412,"date":"2025-09-28T10:46:31","date_gmt":"2025-09-28T10:46:31","guid":{"rendered":"https:\/\/polikistikover.net\/yeni\/?page_id=8412"},"modified":"2025-11-30T05:12:58","modified_gmt":"2025-11-30T05:12:58","slug":"grup-c-polikistik-over-sendromu","status":"publish","type":"page","link":"https:\/\/polikistikover.net\/yeni\/grup-c-polikistik-over-sendromu\/","title":{"rendered":"Grup-C Polikistik Over Sendromu"},"content":{"rendered":"\n<p class=\"has-text-align-center\"><strong><mark style=\"background-color:#facf0a\" class=\"has-inline-color\">GRUP-C<\/mark><\/strong><\/p>\n\n\n\n<p><strong><mark style=\"background-color:#f70b0b\" class=\"has-inline-color\">1-<\/mark><mark style=\"background-color:rgba(0, 0, 0, 0)\" class=\"has-inline-color has-dark-blue-color\">Androjen (Erkeklik hormonu) durumu;<\/mark><\/strong><\/p>\n\n\n\n<p><strong><mark style=\"background-color:rgba(0, 0, 0, 0)\" class=\"has-inline-color has-dark-pink-color\">Hiperandrojenizm:<\/mark><\/strong> androjenlerin (testosteron gibi) etkilerinin fazla oldu\u011funu g\u00f6steren&nbsp;t\u00fcylenme art\u0131\u015f\u0131,&nbsp;erkek tipi sa\u00e7 d\u00f6k\u00fclmesi,&nbsp;ciltte ya\u011flanma ve sivilce <a href=\"http:\/\/polikistikover.net\/polikistik-over-sendromunda-sivilce-ve-tedavisi\/\"><\/a>gibi \u015fikayetler mevcuttur.<\/p>\n\n\n\n<p class=\"has-text-align-center\">ve\/veya<\/p>\n\n\n\n<p><strong><mark style=\"background-color:rgba(0, 0, 0, 0)\" class=\"has-inline-color has-dark-pink-color\">Hiperandrojenemi: <\/mark><\/strong>androjenlerin (testosteron gibi) kan d\u00fczeylerinin y\u00fcksek \u00f6l\u00e7\u00fclmesi durumu mevcuttur.<\/p>\n\n\n\n<p><strong><mark style=\"background-color:#f80a0a\" class=\"has-inline-color\">2-<\/mark><mark style=\"background-color:rgba(0, 0, 0, 0)\" class=\"has-inline-color has-dark-blue-color\">Yumurta b\u00fcy\u00fcmesi ve yumurtlama;<\/mark><\/strong><\/p>\n\n\n\n<p><strong><mark style=\"background-color:rgba(0, 0, 0, 0)\" class=\"has-inline-color has-dark-pink-color\">Ovulasyon: <\/mark><\/strong>yumurta b\u00fcy\u00fcmesi ve yumurtlama&nbsp;mevcuttur.<\/p>\n\n\n\n<p><strong><mark style=\"background-color:#f80808\" class=\"has-inline-color\">3-<\/mark><mark style=\"background-color:rgba(0, 0, 0, 0)\" class=\"has-inline-color has-dark-blue-color\">Ultrasonda yumurtal\u0131klar\u0131n g\u00f6r\u00fcn\u00fcm\u00fc: <\/mark><\/strong><\/p>\n\n\n\n<p>Her iki yumurtal\u0131kta da&nbsp;polikistik over g\u00f6r\u00fcn\u00fcm\u00fc&nbsp;mevcuttur.<\/p>\n\n\n\n<p><strong><mark style=\"background-color:#f0f60e\" class=\"has-inline-color\">\u00d6rnek hasta;<\/mark><\/strong>&nbsp;54 kg, 168 cm,&nbsp;\u00e7ene, s\u0131rt ve omuz, kol ve bacak b\u00f6lgelerinde t\u00fcylenme art\u0131\u015f\u0131 var. Her ay 4-5 g\u00fcn s\u00fcren d\u00fczenli adet kanamalar\u0131 oluyor. Kan tahlilinde&nbsp;ins\u00fclin direncinin&nbsp;olmad\u0131\u011f\u0131 ve buna kar\u015f\u0131l\u0131k erkelik hormonlar\u0131n\u0131n fazla miktarda oldu\u011fu saptand\u0131. Ultrasonda yumurtal\u0131klar\u0131 polikistik over g\u00f6r\u00fcn\u00fcm\u00fcnde.<\/p>\n","protected":false},"excerpt":{"rendered":"<p>GRUP-C 1-Androjen (Erkeklik hormonu) durumu; Hiperandrojenizm: androjenlerin (testosteron gibi) etkilerinin fazla oldu\u011funu g\u00f6steren&nbsp;t\u00fcylenme art\u0131\u015f\u0131,&nbsp;erkek tipi sa\u00e7 d\u00f6k\u00fclmesi,&nbsp;ciltte ya\u011flanma ve sivilce gibi \u015fikayetler mevcuttur. ve\/veya Hiperandrojenemi: androjenlerin (testosteron gibi) kan d\u00fczeylerinin y\u00fcksek \u00f6l\u00e7\u00fclmesi durumu mevcuttur. 2-Yumurta b\u00fcy\u00fcmesi ve yumurtlama; Ovulasyon: yumurta b\u00fcy\u00fcmesi ve yumurtlama&nbsp;mevcuttur. 3-Ultrasonda yumurtal\u0131klar\u0131n g\u00f6r\u00fcn\u00fcm\u00fc: Her iki yumurtal\u0131kta da&nbsp;polikistik over g\u00f6r\u00fcn\u00fcm\u00fc&nbsp;mevcuttur. \u00d6rnek hasta;&nbsp;54 kg, [&hellip;]<\/p>\n","protected":false},"author":1,"featured_media":0,"parent":0,"menu_order":0,"comment_status":"closed","ping_status":"closed","template":"","meta":{"footnotes":""},"class_list":["post-8412","page","type-page","status-publish","hentry"],"_links":{"self":[{"href":"https:\/\/polikistikover.net\/yeni\/wp-json\/wp\/v2\/pages\/8412","targetHints":{"allow":["GET"]}}],"collection":[{"href":"https:\/\/polikistikover.net\/yeni\/wp-json\/wp\/v2\/pages"}],"about":[{"href":"https:\/\/polikistikover.net\/yeni\/wp-json\/wp\/v2\/types\/page"}],"author":[{"embeddable":true,"href":"https:\/\/polikistikover.net\/yeni\/wp-json\/wp\/v2\/users\/1"}],"replies":[{"embeddable":true,"href":"https:\/\/polikistikover.net\/yeni\/wp-json\/wp\/v2\/comments?post=8412"}],"version-history":[{"count":6,"href":"https:\/\/polikistikover.net\/yeni\/wp-json\/wp\/v2\/pages\/8412\/revisions"}],"predecessor-version":[{"id":11649,"href":"https:\/\/polikistikover.net\/yeni\/wp-json\/wp\/v2\/pages\/8412\/revisions\/11649"}],"wp:attachment":[{"href":"https:\/\/polikistikover.net\/yeni\/wp-json\/wp\/v2\/media?parent=8412"}],"curies":[{"name":"wp","href":"https:\/\/api.w.org\/{rel}","templated":true}]}}