{"id":8434,"date":"2025-09-28T11:04:19","date_gmt":"2025-09-28T11:04:19","guid":{"rendered":"https:\/\/polikistikover.net\/yeni\/?page_id=8434"},"modified":"2025-11-21T20:43:44","modified_gmt":"2025-11-21T20:43:44","slug":"polikistik-over-sendromunda-erken-teshis","status":"publish","type":"page","link":"https:\/\/polikistikover.net\/yeni\/polikistik-over-sendromunda-erken-teshis\/","title":{"rendered":"Polikistik Over Sendromu\u2019nda Erken Te\u015fhis"},"content":{"rendered":"\n<p class=\"has-text-align-center\"><strong><mark style=\"background-color:rgba(0, 0, 0, 0)\" class=\"has-inline-color has-dark-blue-color\">16 ya\u015f\u0131ndan k\u00fc\u00e7\u00fck k\u0131zlarda Polikistik Over Sendromu Erken te\u015fhis \u00e7izelgesi<\/mark><\/strong><\/p>\n\n\n<div class=\"wp-block-image\">\n<figure class=\"aligncenter size-full\"><img loading=\"lazy\" decoding=\"async\" width=\"1024\" height=\"576\" src=\"https:\/\/polikistikover.net\/yeni\/wp-content\/uploads\/2025\/09\/image-107.png\" alt=\"\" class=\"wp-image-8438\" srcset=\"https:\/\/polikistikover.net\/yeni\/wp-content\/uploads\/2025\/09\/image-107.png 1024w, https:\/\/polikistikover.net\/yeni\/wp-content\/uploads\/2025\/09\/image-107-300x169.png 300w, https:\/\/polikistikover.net\/yeni\/wp-content\/uploads\/2025\/09\/image-107-768x432.png 768w\" sizes=\"auto, (max-width: 1024px) 100vw, 1024px\" \/><\/figure>\n<\/div>\n\n\n<p><strong><mark style=\"background-color:#dac72e\" class=\"has-inline-color\">1-<\/mark><\/strong>Polikistik over sendromu 2500 gram dan daha d\u00fc\u015f\u00fck do\u011fum a\u011f\u0131rl\u0131\u011f\u0131 ile do\u011fan ve bunu takiben genital b\u00f6lge k\u0131llanmas\u0131 8 ya\u015f\u0131ndan \u00f6nce ortaya \u00e7\u0131kan k\u0131z \u00e7ocuklar\u0131nda daha \u00e7ok g\u00f6r\u00fclmektedir.<\/p>\n\n\n\n<p>K\u0131zlarda genital b\u00f6lge k\u0131llanmas\u0131n\u0131n 8 ya\u015f\u0131ndan \u00f6nce olmas\u0131na (Premature Pubarche) b\u00f6brek \u00fcst\u00fc bezinden \u00fcretilen erkeklik hormonlar\u0131n\u0131n etkinli\u011finin ve miktar\u0131n\u0131n erken d\u00f6nemde artmas\u0131 neden olmaktad\u0131r. <\/p>\n\n\n\n<p>Nadir olarak g\u00f6r\u00fclen b\u00f6brek \u00fcst\u00fc bezi t\u00fcm\u00f6rleri ve genetik bir b\u00f6brek \u00fcst\u00fc bezi hastal\u0131\u011f\u0131 olan&nbsp;kongenital adrenal hiperplazi&nbsp;de 8 ya\u015f\u0131ndan \u00f6nce genital b\u00f6lge k\u0131llanmas\u0131na neden olan di\u011fer sorunlard\u0131r.<\/p>\n\n\n\n<p class=\"has-text-align-center\"><strong><mark style=\"background-color:rgba(0, 0, 0, 0)\" class=\"has-inline-color has-dark-pink-color\">8 ya\u015f\u0131ndan \u00f6nce genital b\u00f6lge k\u0131llanmas\u0131 g\u00f6r\u00fclen k\u0131z \u00e7ocuklar\u0131nda bunu takiben ergenlik d\u00f6neminden itibaren \u00e7o\u011funlukla polikistik over sendromu ortaya \u00e7\u0131kmaktad\u0131r. <\/mark><\/strong><\/p>\n\n\n\n<p>Fakat, \u015funu da unutmayal\u0131m ki d\u00fc\u015f\u00fck do\u011fum a\u011f\u0131rl\u0131\u011f\u0131 ile do\u011fan ve 8 ya\u015f\u0131ndan \u00f6nce genital b\u00f6lge k\u0131llanmas\u0131 ba\u015flayan her k\u0131z \u00e7ocu\u011funda polikistik over sendromu g\u00f6r\u00fclmemektedir.<\/p>\n\n\n\n<p><strong><mark style=\"background-color:#dedc1d\" class=\"has-inline-color\">2-<\/mark><\/strong>Ergenlik d\u00f6neminde 8 ile 13 ya\u015flar\u0131 aras\u0131nda ba\u015flayan meme geli\u015fiminin tamamlanmas\u0131 5-6 y\u0131l s\u00fcrmekte hatta bazen&nbsp;20 li ya\u015flar\u0131n ortas\u0131na kadar devam etmektedir. <\/p>\n\n\n\n<p>Polikistik over sendromu olan kad\u0131nlar\u0131n bir k\u0131sm\u0131 meme geli\u015fimi ve b\u00fcy\u00fcmesi s\u0131ras\u0131nda \u00f6strojen hormonuna kar\u015f\u0131 fazla miktarda erkeklik hormonuna maruz kalmaktad\u0131r. <\/p>\n\n\n\n<p>Bu kad\u0131nlarda maruz kald\u0131klar\u0131 erkeklik hormonu miktar\u0131na paralel olarak meme geli\u015fimi ve b\u00fcy\u00fcmesi yava\u015flamaktad\u0131r. Hatta bu ki\u015filerde erkeklik hormonu miktar\u0131n\u0131n ne kadar fazla \u00fcretildi\u011fine ba\u011fl\u0131 olarak meme b\u00fcy\u00fcmesi durabilmektedir.<\/p>\n\n\n\n<p class=\"has-text-align-center\"><strong><mark style=\"background-color:rgba(0, 0, 0, 0)\" class=\"has-inline-color has-dark-pink-color\">Polikistik over sendromu\u2019nun meme geli\u015fimi ve b\u00fcy\u00fcmesi s\u00fcreci tamamlanmadan daha \u00f6nce&nbsp;erken te\u015fhis&nbsp;edilmesi ve tedaviye ba\u015flan\u0131lmas\u0131 fazla miktarda \u00fcretilen erkeklik hormonlar\u0131n\u0131n meme \u00fczerine olan olumsuz etkilerini engellemektedir.<\/mark><\/strong><\/p>\n\n\n\n<figure class=\"wp-block-embed aligncenter is-type-video is-provider-youtube wp-block-embed-youtube wp-embed-aspect-16-9 wp-has-aspect-ratio\"><div class=\"wp-block-embed__wrapper\">\n<iframe loading=\"lazy\" title=\"6- Ergenlik, Gen\u00e7 k\u0131zlar ve Polikistik Over Sendromu - Dr. Burak Hac\u0131hanefio\u011flu\" width=\"1320\" height=\"743\" src=\"https:\/\/www.youtube.com\/embed\/kR4-_3po3hE?feature=oembed\" frameborder=\"0\" allow=\"accelerometer; autoplay; clipboard-write; encrypted-media; gyroscope; picture-in-picture; web-share\" referrerpolicy=\"strict-origin-when-cross-origin\" allowfullscreen><\/iframe>\n<\/div><\/figure>\n\n\n\n<p><strong><mark style=\"background-color:#c3bb10\" class=\"has-inline-color\">3-<\/mark><\/strong>\u0130drar \u00e7\u0131k\u0131\u015f\u0131n\u0131n oldu\u011fu yer olan uretran\u0131n yakla\u015f\u0131k 3 cm \u00fcst\u00fcnde sol ve sa\u011f &nbsp;i\u00e7 dudaklar\u0131n birle\u015fti\u011fi yerden, d\u0131\u015f dudaklar\u0131n birle\u015fti\u011fi yere kadar uzanan b\u00f6lgede kad\u0131nlarda erkeklik organ\u0131 penis in kar\u015f\u0131l\u0131\u011f\u0131 olan klitoris bulunmaktad\u0131r.&nbsp;<\/p>\n\n\n\n<p>Erkeklik hormonlar\u0131n\u0131n miktar\u0131n\u0131n veya etkinli\u011finin art\u0131\u015f\u0131n\u0131 g\u00f6steren t\u00fcylenme art\u0131\u015f\u0131, sivilce, erkek tipi sa\u00e7 d\u00f6k\u00fclmesi,&nbsp;meme geli\u015fimi ve b\u00fcy\u00fcmesinin durmas\u0131<em>,<\/em> kas miktar\u0131n\u0131n art\u0131\u015f\u0131, cinsel istek art\u0131\u015f\u0131, ses kal\u0131nla\u015fmas\u0131 gibi belirtilerden sadece bir tanesi olan kad\u0131nlar\u0131n yakla\u015f\u0131k yar\u0131s\u0131nda klitoris b\u00fcy\u00fcmesi de&nbsp;g\u00f6r\u00fclmektedir. <\/p>\n\n\n\n<p class=\"has-text-align-center\">Klitoris b\u00fcy\u00fcmesi ba\u015fka bir belirti olmadan tek ba\u015f\u0131na da g\u00f6r\u00fclebilmektedir.&nbsp;<\/p>\n\n\n\n<p>B\u00f6brek \u00fcst\u00fc bezi fazla \u00e7al\u0131\u015fan ki\u015filerde klitoris b\u00fcy\u00fcmesi \u00e7o\u011funlukla ergenlik d\u00f6neminde veya daha k\u00fc\u00e7\u00fck ya\u015flarda ortaya \u00e7\u0131karken, polikistik over sendromu\u2019nda \u00e7o\u011funlukla ergenlik d\u00f6nemi veya daha ileri ya\u015flarda g\u00f6r\u00fclmektedir.&nbsp;<\/p>\n\n\n\n<p class=\"has-text-align-center\"><strong><mark style=\"background-color:rgba(0, 0, 0, 0)\" class=\"has-inline-color has-dark-pink-color\">Erken te\u015fhis edilen klitoris b\u00fcy\u00fcmesi ileri a\u015famaya ula\u015fmadan yani ameliyat tedavisine gerek kalmadan durdurulabilmektedir.<\/mark><\/strong><\/p>\n\n\n\n<p class=\"has-text-align-left\"><strong><mark style=\"background-color:#c6a014\" class=\"has-inline-color\">4-<\/mark><\/strong>Polikistik over sendromu\u2019na ba\u011fl\u0131 olarak ergenlik d\u00f6neminden itibaren&nbsp;ins\u00fclin direncinin&nbsp;artmas\u0131 ve&nbsp;erkeklik hormonlar\u0131na ba\u011flanarak onlar\u0131 etkisiz hale getiren <a href=\"http:\/\/polikistikover.net\/sex-hormone-binding-globulin\/\"><\/a>Sex Hormone Binding Globulin (SHBG) miktar\u0131nda g\u00f6r\u00fclen azalma ile birlikte b\u0131y\u0131k, \u00e7ene, favori, boyun, ense, g\u00f6\u011f\u00fcs aras\u0131, g\u00f6\u011f\u00fcs ucu, bel, omuz, s\u0131rt, kar\u0131n, kol ve bacak b\u00f6lgelerinde bulunan k\u0131llar\u0131n miktar\u0131nda art\u0131\u015f, koyula\u015fma, kal\u0131nla\u015fma ve sertle\u015fme g\u00f6r\u00fclmektedir. <\/p>\n\n\n\n<p class=\"has-text-align-center\"><strong><mark style=\"background-color:rgba(0, 0, 0, 0)\" class=\"has-inline-color has-dark-pink-color\">Erken te\u015fhis ile t\u00fcylenme art\u0131\u015f\u0131 durdurulabilmektedir.<\/mark><\/strong><\/p>\n\n\n\n<p><strong><mark style=\"background-color:#c2ae12\" class=\"has-inline-color\">5-<\/mark><\/strong>G\u00f6\u011f\u00fcs geli\u015fimi ba\u015flam\u0131\u015f, genital b\u00f6lge k\u0131llanmas\u0131 var, ama ilk adet kanamas\u0131 hen\u00fcz olmam\u0131\u015f bir k\u0131zda t\u00fcylenme art\u0131\u015f\u0131, sa\u00e7 d\u00f6k\u00fclmesi, kilo fazlal\u0131\u011f\u0131 ve \u015fi\u015fmanl\u0131k&nbsp;yok ise ilk adet kanamas\u0131 i\u00e7in herhangi bir ila\u00e7 tedavisi kullanmadan 16 ya\u015f\u0131na kadar beklenilmelidir. <\/p>\n\n\n\n<p class=\"has-text-align-center\"><strong><mark style=\"background-color:rgba(0, 0, 0, 0)\" class=\"has-inline-color has-dark-pink-color\">G\u00f6\u011f\u00fcs geli\u015fimi ba\u015flam\u0131\u015f, genital b\u00f6lge k\u0131llanmas\u0131 var, ama ilk adet kanamas\u0131 hen\u00fcz olmam\u0131\u015f bir k\u0131zda t\u00fcylenme art\u0131\u015f\u0131, sa\u00e7 d\u00f6k\u00fclmesi, kilo fazlal\u0131\u011f\u0131 ve \u015fi\u015fmanl\u0131k varsa polikistik over sendromu erken te\u015fhisi a\u00e7\u0131s\u0131ndan bu k\u0131z\u0131n adet d\u00fczensizli\u011finin 16 ya\u015f\u0131ndan \u00f6nce ara\u015ft\u0131r\u0131lmas\u0131 gere<\/mark><\/strong>kir.<\/p>\n\n\n\n<p><\/p>\n","protected":false},"excerpt":{"rendered":"<p>16 ya\u015f\u0131ndan k\u00fc\u00e7\u00fck k\u0131zlarda Polikistik Over Sendromu Erken te\u015fhis \u00e7izelgesi 1-Polikistik over sendromu 2500 gram dan daha d\u00fc\u015f\u00fck do\u011fum a\u011f\u0131rl\u0131\u011f\u0131 ile do\u011fan ve bunu takiben genital b\u00f6lge k\u0131llanmas\u0131 8 ya\u015f\u0131ndan \u00f6nce ortaya \u00e7\u0131kan k\u0131z \u00e7ocuklar\u0131nda daha \u00e7ok g\u00f6r\u00fclmektedir. K\u0131zlarda genital b\u00f6lge k\u0131llanmas\u0131n\u0131n 8 ya\u015f\u0131ndan \u00f6nce olmas\u0131na (Premature Pubarche) b\u00f6brek \u00fcst\u00fc bezinden \u00fcretilen erkeklik hormonlar\u0131n\u0131n etkinli\u011finin [&hellip;]<\/p>\n","protected":false},"author":1,"featured_media":0,"parent":0,"menu_order":0,"comment_status":"closed","ping_status":"closed","template":"","meta":{"footnotes":""},"class_list":["post-8434","page","type-page","status-publish","hentry"],"_links":{"self":[{"href":"https:\/\/polikistikover.net\/yeni\/wp-json\/wp\/v2\/pages\/8434","targetHints":{"allow":["GET"]}}],"collection":[{"href":"https:\/\/polikistikover.net\/yeni\/wp-json\/wp\/v2\/pages"}],"about":[{"href":"https:\/\/polikistikover.net\/yeni\/wp-json\/wp\/v2\/types\/page"}],"author":[{"embeddable":true,"href":"https:\/\/polikistikover.net\/yeni\/wp-json\/wp\/v2\/users\/1"}],"replies":[{"embeddable":true,"href":"https:\/\/polikistikover.net\/yeni\/wp-json\/wp\/v2\/comments?post=8434"}],"version-history":[{"count":27,"href":"https:\/\/polikistikover.net\/yeni\/wp-json\/wp\/v2\/pages\/8434\/revisions"}],"predecessor-version":[{"id":12903,"href":"https:\/\/polikistikover.net\/yeni\/wp-json\/wp\/v2\/pages\/8434\/revisions\/12903"}],"wp:attachment":[{"href":"https:\/\/polikistikover.net\/yeni\/wp-json\/wp\/v2\/media?parent=8434"}],"curies":[{"name":"wp","href":"https:\/\/api.w.org\/{rel}","templated":true}]}}