{"id":8448,"date":"2025-09-28T14:24:03","date_gmt":"2025-09-28T14:24:03","guid":{"rendered":"https:\/\/polikistikover.net\/yeni\/?page_id=8448"},"modified":"2025-11-23T20:07:17","modified_gmt":"2025-11-23T20:07:17","slug":"plastik-su-bidonlari-pet-siseler-plastik-bardak-tabak-gibi-urunlere-dikkat","status":"publish","type":"page","link":"https:\/\/polikistikover.net\/yeni\/plastik-su-bidonlari-pet-siseler-plastik-bardak-tabak-gibi-urunlere-dikkat\/","title":{"rendered":"Plastik su bidonlar\u0131, pet \u015fi\u015feler, plastik bardak, tabak gibi \u00fcr\u00fcnlere dikkat"},"content":{"rendered":"\n<p class=\"has-text-align-center\"><br> <strong>Bisphenol A (BPA) maddesini i\u00e7eren plastik su bidonlar\u0131, pet \u015fi\u015feler, plastik bardak, tabak gibi \u00fcr\u00fcnlerin yo\u011fun \u015fekilde ve uzun s\u00fcre kullan\u0131lmas\u0131 kad\u0131nlar a\u00e7\u0131s\u0131ndan sak\u0131ncal\u0131d\u0131r. <\/strong><\/p>\n\n\n\n<p class=\"has-text-align-center\"><strong><mark style=\"background-color:rgba(0, 0, 0, 0)\" class=\"has-inline-color has-dark-pink-color\">BPA kad\u0131nlarda testosteron gibi erkeklik hormonlar\u0131n\u0131n fazla \u00fcretilmesine ve polikistik over sendromu\u2019nun ortaya \u00e7\u0131kmas\u0131na zemin haz\u0131rlamaktad\u0131r.<\/mark><\/strong><\/p>\n\n\n\n<p><\/p>\n","protected":false},"excerpt":{"rendered":"<p>Bisphenol A (BPA) maddesini i\u00e7eren plastik su bidonlar\u0131, pet \u015fi\u015feler, plastik bardak, tabak gibi \u00fcr\u00fcnlerin yo\u011fun \u015fekilde ve uzun s\u00fcre kullan\u0131lmas\u0131 kad\u0131nlar a\u00e7\u0131s\u0131ndan sak\u0131ncal\u0131d\u0131r. BPA kad\u0131nlarda testosteron gibi erkeklik hormonlar\u0131n\u0131n fazla \u00fcretilmesine ve polikistik over sendromu\u2019nun ortaya \u00e7\u0131kmas\u0131na zemin haz\u0131rlamaktad\u0131r.<\/p>\n","protected":false},"author":1,"featured_media":0,"parent":0,"menu_order":0,"comment_status":"closed","ping_status":"closed","template":"","meta":{"footnotes":""},"class_list":["post-8448","page","type-page","status-publish","hentry"],"_links":{"self":[{"href":"https:\/\/polikistikover.net\/yeni\/wp-json\/wp\/v2\/pages\/8448","targetHints":{"allow":["GET"]}}],"collection":[{"href":"https:\/\/polikistikover.net\/yeni\/wp-json\/wp\/v2\/pages"}],"about":[{"href":"https:\/\/polikistikover.net\/yeni\/wp-json\/wp\/v2\/types\/page"}],"author":[{"embeddable":true,"href":"https:\/\/polikistikover.net\/yeni\/wp-json\/wp\/v2\/users\/1"}],"replies":[{"embeddable":true,"href":"https:\/\/polikistikover.net\/yeni\/wp-json\/wp\/v2\/comments?post=8448"}],"version-history":[{"count":3,"href":"https:\/\/polikistikover.net\/yeni\/wp-json\/wp\/v2\/pages\/8448\/revisions"}],"predecessor-version":[{"id":12934,"href":"https:\/\/polikistikover.net\/yeni\/wp-json\/wp\/v2\/pages\/8448\/revisions\/12934"}],"wp:attachment":[{"href":"https:\/\/polikistikover.net\/yeni\/wp-json\/wp\/v2\/media?parent=8448"}],"curies":[{"name":"wp","href":"https:\/\/api.w.org\/{rel}","templated":true}]}}