{"id":8509,"date":"2025-09-28T15:37:15","date_gmt":"2025-09-28T15:37:15","guid":{"rendered":"https:\/\/polikistikover.net\/yeni\/?page_id=8509"},"modified":"2025-11-06T21:17:17","modified_gmt":"2025-11-06T21:17:17","slug":"polikistik-over-sendromunda-et-benleri","status":"publish","type":"page","link":"https:\/\/polikistikover.net\/yeni\/polikistik-over-sendromunda-et-benleri\/","title":{"rendered":"Polikistik Over Sendromu\u2019nda Et Benleri"},"content":{"rendered":"\n<p class=\"has-text-align-center\">Polikistik over sendromu\u2019nda fazla kilolu ve \u015fi\u015fman olan veya normal kilolu fakat bel \u00e7evresi kal\u0131n&nbsp;(erkek tipi ya\u011flanma)&nbsp;olan kad\u0131nlar\u0131n b\u00fcy\u00fck \u00e7o\u011funlu\u011funda&nbsp;ins\u00fclin direnci&nbsp;g\u00f6r\u00fclmektedir(1,2,3,4).<\/p>\n\n\n\n<p class=\"has-text-align-center\"> Polikistik over sendromu olan normal kilolu veya zay\u0131f ya da fazla kilolu veya&nbsp;\u015fi\u015fman kad\u0131nlar\u0131n bir k\u0131sm\u0131nda kar\u0131n ve bel \u00e7evresinde&nbsp;ya\u011f miktar\u0131 fazla&nbsp;(erkek tipi ya\u011flanma)&nbsp;oldu\u011fu i\u00e7in ins\u00fclin direncinin bir g\u00f6stergesi olan bel \u00e7evresi&nbsp;kal\u0131nl\u0131\u011f\u0131 g\u00f6r\u00fclmektedir(5,6,7,8).&nbsp;<\/p>\n\n\n\n<p class=\"has-text-align-center\"><strong><mark style=\"background-color:rgba(0, 0, 0, 0)\" class=\"has-inline-color has-dark-pink-color\">Polikistik over sendromu ve&nbsp;ins\u00fclin direnci&nbsp;olan&nbsp;fazla kilolu&nbsp;kad\u0131nlarda&nbsp;deriye sapla ba\u011fl\u0131&nbsp;et benleri (Skin Tags) (acrochordon)&nbsp;g\u00f6r\u00fclebilir(13).<\/mark><\/strong><\/p>\n\n\n\n<p class=\"has-text-align-center\"><strong><mark style=\"background-color:rgba(0, 0, 0, 0)\" class=\"has-inline-color has-dark-pink-color\">Bu&nbsp;et benleri \u015feker hastal\u0131\u011f\u0131n\u0131n \u00f6nc\u00fc bir&nbsp;belirtisi&nbsp;olup \u00f6zellikle s\u00fcrt\u00fcnmenin fazla&nbsp;oldu\u011fu boyun, koltuk alt\u0131, g\u00f6\u011f\u00fcs ve kas\u0131k gibi&nbsp;b\u00f6lgelerde ortaya \u00e7\u0131kar.<\/mark><\/strong><\/p>\n\n\n<div class=\"wp-block-image\">\n<figure class=\"aligncenter size-full is-resized\"><img loading=\"lazy\" decoding=\"async\" width=\"480\" height=\"640\" src=\"https:\/\/polikistikover.net\/yeni\/wp-content\/uploads\/2025\/09\/image-111.png\" alt=\"\" class=\"wp-image-8515\" style=\"width:383px;height:auto\" srcset=\"https:\/\/polikistikover.net\/yeni\/wp-content\/uploads\/2025\/09\/image-111.png 480w, https:\/\/polikistikover.net\/yeni\/wp-content\/uploads\/2025\/09\/image-111-225x300.png 225w\" sizes=\"auto, (max-width: 480px) 100vw, 480px\" \/><\/figure>\n<\/div>\n\n\n<p class=\"has-text-align-center\"><strong>Tedavi;&nbsp;<\/strong><\/p>\n\n\n\n<p class=\"has-text-align-center\"><strong><mark style=\"background-color:rgba(0, 0, 0, 0)\" class=\"has-inline-color has-dark-blue-color\">Tedavinin amac\u0131 ins\u00fclin direncine kar\u015f\u0131\u00a0\u201d\u0130ns\u00fclin duyarl\u0131l\u0131\u011f\u0131\u201dn\u0131n artt\u0131r\u0131lmas\u0131d\u0131r(9,10,11,12).<\/mark><\/strong><\/p>\n\n\n\n<p class=\"has-text-align-center\"><mark style=\"background-color:rgba(0, 0, 0, 0)\" class=\"has-inline-color has-dark-pink-color\"><strong>\u0130ns\u00fclin duyarl\u0131l\u0131\u011f\u0131n\u0131n artmas\u0131 ile birlikte&nbsp;ins\u00fclin direnci azal\u0131r.&nbsp;<\/strong><\/mark><\/p>\n\n\n\n<p class=\"has-text-align-center\"><mark style=\"background-color:rgba(0, 0, 0, 0)\" class=\"has-inline-color has-dark-pink-color\"><strong>\u0130ns\u00fclin direncinin azalmas\u0131 sonucunda pankreas daha az ins\u00fclin \u00fcretmeye ba\u015flar.<\/strong><\/mark><\/p>\n\n\n\n<p class=\"has-text-align-center\"><strong><mark style=\"background-color:rgba(0, 0, 0, 0)\" class=\"has-inline-color has-dark-pink-color\">\u0130ns\u00fclin hormonunun normal seviyelere d\u00fc\u015f\u00fcr\u00fclmesi sonucunda bu et benleri kaybolmaktad\u0131r.<\/mark><\/strong><\/p>\n\n\n\n<p class=\"has-text-align-center\">&nbsp;<strong>Kaynaklar<\/strong><\/p>\n\n\n\n<p>1-Profound peripheral insulin resistance, independent of obesity, in polycystic ovary syndrome. Dunaif A, Segal KR, Futterweit W, Dobrjansky A.&nbsp;Diabetes. 1989&nbsp;Sep;38(9):1165-74.<\/p>\n\n\n\n<p>2-Prediction models for insulin resistance in the polycystic ovary syndrome. Gennarelli G, Holte J, Berglund L, Berne C, Massobrio M, Lithell H. Hum Reprod. 2000 Oct;15(10):2098-102.<\/p>\n\n\n\n<p>3-Use of fasting blood to assess the prevalence of insulin resistance in women with polycystic ovary syndrome. carmina E&nbsp;, Lobo RA.&nbsp;Fertil Steril. 2004&nbsp;&nbsp;Sep;82(3):661-5.<\/p>\n\n\n\n<p>4-Prevalence of insulin resistance in the polycystic ovary syndrome using the homeostasis model assessment. DeUgarte CM, Bartolucci AA, Azziz R.&nbsp;Fertil Steril. 2005&nbsp;May;83(5):1454-60.<\/p>\n\n\n\n<p>5-Impaired glucose tolerance, type 2 diabetes and metabolic syndrome in polycystic ovary syndrome: a systematic review and meta-analysis.&nbsp;Hum Reprod Update. Moran LJ, Misso ML, Wild RA, Norman RJ. 2010&nbsp;Jul-Aug;16(4):347-63.<\/p>\n\n\n\n<p>6-Circulating levels of adipose products and differences in fat distribution in the ovulatory and anovulatory phenotypes of polycystic ovary syndrome. Carmina E, Bucchieri S, Mansueto P, Rini G, Ferin M, Lobo RA.&nbsp;Fertil Steril. 2009&nbsp;Apr;91(4 Suppl):1332-5.<\/p>\n\n\n\n<p>7-Body composition characteristics and body fat distribution in lean women with polycystic ovary syndrome. Kirchengast S, Huber J. Hum Reprod. 2001&nbsp;Jun;16(6):1255-60.<\/p>\n\n\n\n<p>8-Abdominal fat quantity and distribution in women with polycystic ovary syndrome and extent of its relation to insulin resistance. Carmina E, Bucchieri S, Esposito A, Del Puente A, Mansueto P, Orio F, Di Fede G, Rini G.&nbsp;J Clin Endocrinol Metab. 2007&nbsp;Jul;92(7):2500-5.<\/p>\n\n\n\n<p>9-Insulin resistance and polycystic ovary syndrome through life.&nbsp;Diamanti-Kandarakis E, Spritzer PM, Sir-Petermann T, Motta AB.&nbsp;Curr Pharm Des. 2012;18(34):5569-76.<\/p>\n\n\n\n<p>10-Treatment of obesity in polycystic ovary syndrome: a position statement of the Androgen Excess and Polycystic Ovary Syndrome Society. Moran LJ,&nbsp;Pasquali R, Teede HJ, Hoeger KM, Norman RJ. Fertil Steril. 2009&nbsp;Dec;92(6):1966-82.<\/p>\n\n\n\n<p>11-Metformin effects on clinical features, endocrine and metabolic profiles, and insulin sensitivity in polycystic ovary syndrome: a randomized, double-blind, placebo-controlled 6-month trial, followed by open, long-term clinical evaluation. Moghetti P, Castello R, Negri C, Tosi F, Perrone F, Caputo M, Zanolin E, Muggeo M. J Clin Endocrinol Metab. 2000&nbsp;Jan;85(1):139-46.<\/p>\n\n\n\n<p>12-Insulin-lowering agents in the management of polycystic ovary syndrome.&nbsp;De Leo V, la Marca A, Petraglia F.&nbsp;Endocr Rev. 2003&nbsp;Oct;24(5):633-67.13-Skin Tags: a useful clinical sign for ins\u00fclin resistance? Crook M.&nbsp;Eur J Dermatol. 2012 Jan-Feb;22(1):5-6.<\/p>\n","protected":false},"excerpt":{"rendered":"<p>Polikistik over sendromu\u2019nda fazla kilolu ve \u015fi\u015fman olan veya normal kilolu fakat bel \u00e7evresi kal\u0131n&nbsp;(erkek tipi ya\u011flanma)&nbsp;olan kad\u0131nlar\u0131n b\u00fcy\u00fck \u00e7o\u011funlu\u011funda&nbsp;ins\u00fclin direnci&nbsp;g\u00f6r\u00fclmektedir(1,2,3,4). Polikistik over sendromu olan normal kilolu veya zay\u0131f ya da fazla kilolu veya&nbsp;\u015fi\u015fman kad\u0131nlar\u0131n bir k\u0131sm\u0131nda kar\u0131n ve bel \u00e7evresinde&nbsp;ya\u011f miktar\u0131 fazla&nbsp;(erkek tipi ya\u011flanma)&nbsp;oldu\u011fu i\u00e7in ins\u00fclin direncinin bir g\u00f6stergesi olan bel \u00e7evresi&nbsp;kal\u0131nl\u0131\u011f\u0131 g\u00f6r\u00fclmektedir(5,6,7,8).&nbsp; Polikistik [&hellip;]<\/p>\n","protected":false},"author":1,"featured_media":0,"parent":0,"menu_order":0,"comment_status":"closed","ping_status":"closed","template":"","meta":{"footnotes":""},"class_list":["post-8509","page","type-page","status-publish","hentry"],"_links":{"self":[{"href":"https:\/\/polikistikover.net\/yeni\/wp-json\/wp\/v2\/pages\/8509","targetHints":{"allow":["GET"]}}],"collection":[{"href":"https:\/\/polikistikover.net\/yeni\/wp-json\/wp\/v2\/pages"}],"about":[{"href":"https:\/\/polikistikover.net\/yeni\/wp-json\/wp\/v2\/types\/page"}],"author":[{"embeddable":true,"href":"https:\/\/polikistikover.net\/yeni\/wp-json\/wp\/v2\/users\/1"}],"replies":[{"embeddable":true,"href":"https:\/\/polikistikover.net\/yeni\/wp-json\/wp\/v2\/comments?post=8509"}],"version-history":[{"count":18,"href":"https:\/\/polikistikover.net\/yeni\/wp-json\/wp\/v2\/pages\/8509\/revisions"}],"predecessor-version":[{"id":11880,"href":"https:\/\/polikistikover.net\/yeni\/wp-json\/wp\/v2\/pages\/8509\/revisions\/11880"}],"wp:attachment":[{"href":"https:\/\/polikistikover.net\/yeni\/wp-json\/wp\/v2\/media?parent=8509"}],"curies":[{"name":"wp","href":"https:\/\/api.w.org\/{rel}","templated":true}]}}