{"id":8577,"date":"2025-09-28T18:49:06","date_gmt":"2025-09-28T18:49:06","guid":{"rendered":"https:\/\/polikistikover.net\/yeni\/?page_id=8577"},"modified":"2025-11-19T03:08:07","modified_gmt":"2025-11-19T03:08:07","slug":"sex-hormone-binding-globulin-shbg","status":"publish","type":"page","link":"https:\/\/polikistikover.net\/yeni\/sex-hormone-binding-globulin-shbg\/","title":{"rendered":"Sex Hormone Binding Globulin (SHBG)"},"content":{"rendered":"\n<p class=\"has-text-align-center\"><strong><mark style=\"background-color:rgba(0, 0, 0, 0)\" class=\"has-inline-color has-dark-pink-color\">Sex Hormone Binding Glob\u00fclin (SHBG) erkeklik hormonlar\u0131na (testosteron gibi) ba\u011flanarak onlar\u0131n istenmeyen etkilerini azaltan bir maddedir.<\/mark><\/strong><\/p>\n\n\n\n<p><strong><mark style=\"background-color:#fa0d0d\" class=\"has-inline-color\">1-<\/mark><\/strong>Polikistik over sendromu\u2019nda s\u0131kl\u0131kla kar\u015f\u0131la\u015f\u0131lan&nbsp;ins\u00fclin direnci&nbsp;ve&nbsp;kilo&nbsp;(ya\u011f dokusu) fazlal\u0131\u011f\u0131&nbsp;SHBG nin karaci\u011ferde \u00fcretimini azaltmaktad\u0131r. <\/p>\n\n\n\n<p><strong><mark style=\"background-color:#f70707\" class=\"has-inline-color\">2-<\/mark><\/strong>Polikistik over sendromu olan kad\u0131nlar\u0131n bir k\u0131sm\u0131nda do\u011fu\u015ftan (genetik) ins\u00fclin direnci ve\/veya \u015fi\u015fmanl\u0131ktan ba\u011f\u0131ms\u0131z olarak SHBG miktar\u0131 \u00e7ok d\u00fc\u015f\u00fck bulunmaktad\u0131r(1,2,3). <\/p>\n\n\n\n<p><strong><mark style=\"background-color:#f90202\" class=\"has-inline-color\">3-<\/mark><\/strong>SHBG miktar\u0131 do\u011fu\u015ftan d\u00fc\u015f\u00fck olan kad\u0131nlar\u0131n ergenlik d\u00f6neminde erken te\u015fhis edilmesi gerekir. <\/p>\n\n\n\n<p><strong><mark style=\"background-color:#ff0909\" class=\"has-inline-color\">4-<\/mark><\/strong>Tedaviye ergenlik d\u00f6neminde ba\u015flanmas\u0131 polikistik over sendromuna ba\u011fl\u0131 ortaya \u00e7\u0131kan \u015fikayetlerin ileri a\u015famaya gelmeden tedavi edilmesini sa\u011flamaktad\u0131r.<\/p>\n\n\n\n<p class=\"has-text-align-center\"><strong>Kaynaklar<\/strong><\/p>\n\n\n\n<p>1-Association of anthropometric, androgenic and insulin-related features with polymorphisms in exon 8 of SHBG gene in women with polycystic ovary syndrome. Gynecol Endocrinol. 2013 Apr;29(4):361-4. Hac\u0131hanefio\u011flu B, Aybey B, Hakan \u00d6z\u00f6n Y, Berkil H, Kar\u015f\u0131da\u011f K.<\/p>\n\n\n\n<p>2-Polymorphisms in the SHBG gene influence serum SHBG levels in women with polycystic ovary syndrome. J Clin Endocrinol Metab. 2011 Apr;96(4):E719-27. Wickham EP 3rd, Ewens KG, Legro RS, Dunaif A, Nestler JE, Strauss JF 3rd.<\/p>\n\n\n\n<p>3-The (TAAAA)n microsatellite polymorphism in the SHBG gene influences serum SHBGlevels in women with polycystic ovary syndrome. Hum Reprod. 2007 Apr;22(4):1031-6. Ferk P, Teran N, Gersak K.<\/p>\n","protected":false},"excerpt":{"rendered":"<p>Sex Hormone Binding Glob\u00fclin (SHBG) erkeklik hormonlar\u0131na (testosteron gibi) ba\u011flanarak onlar\u0131n istenmeyen etkilerini azaltan bir maddedir. 1-Polikistik over sendromu\u2019nda s\u0131kl\u0131kla kar\u015f\u0131la\u015f\u0131lan&nbsp;ins\u00fclin direnci&nbsp;ve&nbsp;kilo&nbsp;(ya\u011f dokusu) fazlal\u0131\u011f\u0131&nbsp;SHBG nin karaci\u011ferde \u00fcretimini azaltmaktad\u0131r. 2-Polikistik over sendromu olan kad\u0131nlar\u0131n bir k\u0131sm\u0131nda do\u011fu\u015ftan (genetik) ins\u00fclin direnci ve\/veya \u015fi\u015fmanl\u0131ktan ba\u011f\u0131ms\u0131z olarak SHBG miktar\u0131 \u00e7ok d\u00fc\u015f\u00fck bulunmaktad\u0131r(1,2,3). 3-SHBG miktar\u0131 do\u011fu\u015ftan d\u00fc\u015f\u00fck olan kad\u0131nlar\u0131n ergenlik [&hellip;]<\/p>\n","protected":false},"author":1,"featured_media":0,"parent":0,"menu_order":0,"comment_status":"closed","ping_status":"closed","template":"","meta":{"footnotes":""},"class_list":["post-8577","page","type-page","status-publish","hentry"],"_links":{"self":[{"href":"https:\/\/polikistikover.net\/yeni\/wp-json\/wp\/v2\/pages\/8577","targetHints":{"allow":["GET"]}}],"collection":[{"href":"https:\/\/polikistikover.net\/yeni\/wp-json\/wp\/v2\/pages"}],"about":[{"href":"https:\/\/polikistikover.net\/yeni\/wp-json\/wp\/v2\/types\/page"}],"author":[{"embeddable":true,"href":"https:\/\/polikistikover.net\/yeni\/wp-json\/wp\/v2\/users\/1"}],"replies":[{"embeddable":true,"href":"https:\/\/polikistikover.net\/yeni\/wp-json\/wp\/v2\/comments?post=8577"}],"version-history":[{"count":6,"href":"https:\/\/polikistikover.net\/yeni\/wp-json\/wp\/v2\/pages\/8577\/revisions"}],"predecessor-version":[{"id":12895,"href":"https:\/\/polikistikover.net\/yeni\/wp-json\/wp\/v2\/pages\/8577\/revisions\/12895"}],"wp:attachment":[{"href":"https:\/\/polikistikover.net\/yeni\/wp-json\/wp\/v2\/media?parent=8577"}],"curies":[{"name":"wp","href":"https:\/\/api.w.org\/{rel}","templated":true}]}}