{"id":8953,"date":"2025-10-01T02:31:34","date_gmt":"2025-10-01T02:31:34","guid":{"rendered":"https:\/\/polikistikover.net\/yeni\/?page_id=8953"},"modified":"2025-11-07T04:40:19","modified_gmt":"2025-11-07T04:40:19","slug":"a-vitamini-retinoik-asit-benzeri-maddeleri-isotretinoin-iceren-ilaclar-roaccutane-accutane-ve-erken-menopoz","status":"publish","type":"page","link":"https:\/\/polikistikover.net\/yeni\/a-vitamini-retinoik-asit-benzeri-maddeleri-isotretinoin-iceren-ilaclar-roaccutane-accutane-ve-erken-menopoz\/","title":{"rendered":"A vitamini (Retinoik asit) benzeri maddeleri (isotretinoin) i\u00e7eren ila\u00e7lar (roaccutane, accutane) ve Erken menopoz"},"content":{"rendered":"\n<p class=\"has-text-align-center\"><strong><mark style=\"background-color:rgba(0, 0, 0, 0)\" class=\"has-inline-color has-dark-pink-color\">Gen\u00e7 k\u0131zlarda yayg\u0131n olarak sivilce tedavisinde kullan\u0131lan A vitamini\u00a0(Retinoik asit) benzeri\u00a0(isotretinoin) maddeler i\u00e7eren ila\u00e7lar (roaccutane, accutane)\u00a0erken menopoz\u2018 a\u00a0neden olabilmektedir(1,2,3,4,5). <\/mark><\/strong><\/p>\n\n\n\n<p class=\"has-text-align-center\"><strong><mark style=\"background-color:rgba(0, 0, 0, 0)\" class=\"has-inline-color has-dark-pink-color\">Erken menopoz kullan\u0131m s\u00fcresinden ba\u011f\u0131ms\u0131z olarak bu ila\u00e7lar\u0131 1 ay kullananlarda da, 6 ay kullananlarda da g\u00f6r\u00fclebilmektedir(4).<\/mark><\/strong><\/p>\n\n\n\n<figure class=\"wp-block-embed aligncenter is-type-video is-provider-youtube wp-block-embed-youtube wp-embed-aspect-16-9 wp-has-aspect-ratio\"><div class=\"wp-block-embed__wrapper\">\n<iframe loading=\"lazy\" title=\"2-Sivilce ve Polikistik Over Roaccuttane kullan\u0131lmas\u0131 do\u011fru de\u011fildir. Dr. Burak Hac\u0131hanefio\u011flu\" width=\"1320\" height=\"743\" src=\"https:\/\/www.youtube.com\/embed\/34BrmJcyu0Q?feature=oembed\" frameborder=\"0\" allow=\"accelerometer; autoplay; clipboard-write; encrypted-media; gyroscope; picture-in-picture; web-share\" referrerpolicy=\"strict-origin-when-cross-origin\" allowfullscreen><\/iframe>\n<\/div><\/figure>\n\n\n\n<p class=\"has-text-align-center\"><strong>Kaynaklar<\/strong><\/p>\n\n\n\n<p>1-Retinoic acid signaling in ovarian folliculogenesis and steroidogenesis. Damdimopoulou P, Chiang C, Flaws JA.&nbsp;Reprod Toxicol. 2019 Aug;87:32-41.<\/p>\n\n\n\n<p>2-Decreasedovarian&nbsp;reserve&nbsp;in female Sprague-Dawley rats induced by&nbsp;isotretinoin&nbsp;(retinoic acid) exposure. Abali R, Yuksel MA, Aktas C, Celik C, Guzel S, Erfan G, Sahin O. Reprod Biomed Online. 2013 Aug;27(2):184-91.<\/p>\n\n\n\n<p>3-Long-term effect of systemic&nbsp;isotretinoin&nbsp;on female fertility. Cinar SL, Kartal D, Aksoy H, Cinar E, Aydin T, \u00d6z L, \u0130mamo\u011flu H, Ferahbas A, Borlu M. Cutan Ocul Toxicol. 2017 Jun;36(2):132-134.<\/p>\n\n\n\n<p>4-About this FactMed analysis covering adverse side effect reports of ACCUTANE patients who developed PREMATURE MENOPAUSE.<br>Percentage of ACCUTANE patients where PREMATURE MENOPAUSE is a reported side effect: 0.0037%<br>FDA reports of any drug causing PREMATURE MENOPAUSE : 322<br>Average percentage for all medicated patients where PREMATURE MENOPAUSE is reported as a complication: 0.0020%<\/p>\n\n\n\n<p>5-Potential role of retinoids in ovarian physiology and pathogenesis of polycystic ovary syndrome. Jiang Y, Li C, Chen L, Wang F, Zhou X.Clin Chim Acta. 2017 Jun;469:87-93.<\/p>\n","protected":false},"excerpt":{"rendered":"<p>Gen\u00e7 k\u0131zlarda yayg\u0131n olarak sivilce tedavisinde kullan\u0131lan A vitamini\u00a0(Retinoik asit) benzeri\u00a0(isotretinoin) maddeler i\u00e7eren ila\u00e7lar (roaccutane, accutane)\u00a0erken menopoz\u2018 a\u00a0neden olabilmektedir(1,2,3,4,5). Erken menopoz kullan\u0131m s\u00fcresinden ba\u011f\u0131ms\u0131z olarak bu ila\u00e7lar\u0131 1 ay kullananlarda da, 6 ay kullananlarda da g\u00f6r\u00fclebilmektedir(4). Kaynaklar 1-Retinoic acid signaling in ovarian folliculogenesis and steroidogenesis. Damdimopoulou P, Chiang C, Flaws JA.&nbsp;Reprod Toxicol. 2019 Aug;87:32-41. 2-Decreasedovarian&nbsp;reserve&nbsp;in [&hellip;]<\/p>\n","protected":false},"author":1,"featured_media":0,"parent":0,"menu_order":0,"comment_status":"closed","ping_status":"closed","template":"","meta":{"footnotes":""},"class_list":["post-8953","page","type-page","status-publish","hentry"],"_links":{"self":[{"href":"https:\/\/polikistikover.net\/yeni\/wp-json\/wp\/v2\/pages\/8953","targetHints":{"allow":["GET"]}}],"collection":[{"href":"https:\/\/polikistikover.net\/yeni\/wp-json\/wp\/v2\/pages"}],"about":[{"href":"https:\/\/polikistikover.net\/yeni\/wp-json\/wp\/v2\/types\/page"}],"author":[{"embeddable":true,"href":"https:\/\/polikistikover.net\/yeni\/wp-json\/wp\/v2\/users\/1"}],"replies":[{"embeddable":true,"href":"https:\/\/polikistikover.net\/yeni\/wp-json\/wp\/v2\/comments?post=8953"}],"version-history":[{"count":5,"href":"https:\/\/polikistikover.net\/yeni\/wp-json\/wp\/v2\/pages\/8953\/revisions"}],"predecessor-version":[{"id":11979,"href":"https:\/\/polikistikover.net\/yeni\/wp-json\/wp\/v2\/pages\/8953\/revisions\/11979"}],"wp:attachment":[{"href":"https:\/\/polikistikover.net\/yeni\/wp-json\/wp\/v2\/media?parent=8953"}],"curies":[{"name":"wp","href":"https:\/\/api.w.org\/{rel}","templated":true}]}}