{"id":9092,"date":"2025-10-02T01:14:01","date_gmt":"2025-10-02T01:14:01","guid":{"rendered":"https:\/\/polikistikover.net\/yeni\/?page_id=9092"},"modified":"2025-12-09T23:55:38","modified_gmt":"2025-12-09T23:55:38","slug":"polikistik-overde-uzun-yillar-araliksiz-dogum-kontrol-haplari-2","status":"publish","type":"page","link":"https:\/\/polikistikover.net\/yeni\/polikistik-overde-uzun-yillar-araliksiz-dogum-kontrol-haplari-2\/","title":{"rendered":"Polikistik Overde Uzun Y\u0131llar Aral\u0131ks\u0131z Do\u011fum Kontrol Haplar\u0131"},"content":{"rendered":"\n<p>Uzun y\u0131llar do\u011fum kontrol hap\u0131 aral\u0131ks\u0131z olarak kullan\u0131l\u0131yor. \u00c7ok gen\u00e7 ya\u015flarda ba\u015flayarak 9-10-11 ya\u015f\u0131nda ba\u015flayarak 30-35 ya\u015f\u0131na kadar aral\u0131ks\u0131z olarak do\u011fum kontrol hap\u0131 kullanan kad\u0131nlarda \u00f6rne\u011fin \u00e7ocuk sahibi olmak i\u00e7in do\u011fum kontrol hap\u0131n\u0131 kesmeye karar verdiklerinde ve kestiklerinde b\u00fcy\u00fck bir s\u00fcprizle kar\u015f\u0131la\u015fabilmekteyiz. Peki ne oluyor? asl\u0131nda yumurta geli\u015fimi ve yumurtlaman\u0131n bu ki\u015filerde olmad\u0131\u011f\u0131 altta polikistik over sendromunun oldu\u011fu ve hatta erken menopoza bile girmi\u015f olabildikleri gibi bir sonu\u00e7 ile kar\u015f\u0131la\u015fabilmekteyiz. Ne oluyor bu \u015fekilde? y\u0131llarca bunun tedavisi yap\u0131lmad\u0131\u011f\u0131 i\u00e7in uzun s\u00fcre 30-35 ya\u015f\u0131na kadar zaman kaybedilmi\u015f oluyor bu ki\u015filerde.<\/p>\n\n\n\n<p>Bazen de bunun tam tersi olabiliyor. Polikistik over sendromu olan kad\u0131nlarda yumurta geli\u015fimi ve yumurtlamada ve buna ba\u011fl\u0131 olarak da&nbsp;adet d\u00fczensizli\u011finde y\u0131llar i\u00e7inde de\u011fi\u015fiklikler olabilmektedir<strong><em>.<\/em><\/strong><mark style=\"background-color:#ffffff\" class=\"has-inline-color\"> <\/mark><mark style=\"background-color:#ffffff\" class=\"has-inline-color has-dark-blue-color\">Aral\u0131ks\u0131z olarak do\u011fum kontrol hap\u0131 kullanan kad\u0131nlar bu de\u011fi\u015fikli\u011fi fark etmemektedir. Bu kad\u0131nlar do\u011fum kontrol hap\u0131 kullanmas\u0131na gerek olmad\u0131\u011f\u0131 halde d\u00fczenli adet g\u00f6rebilecek iken&nbsp;adet d\u00fczensizli\u011finin&nbsp;devam etti\u011fini zannederek gereksiz yere uzun y\u0131llar tedavi amac\u0131yla do\u011fum kontrol hap\u0131 kullanmaktad\u0131r.<\/mark><\/p>\n\n\n\n<figure class=\"wp-block-embed is-type-rich is-provider-embed-handler wp-block-embed-embed-handler wp-embed-aspect-16-9 wp-has-aspect-ratio\"><div class=\"wp-block-embed__wrapper\">\n<iframe loading=\"lazy\" title=\"#polikistikover #do\u011fumkontrolhaplar\u0131 #uzuns\u00fcrearal\u0131ks\u0131zdo\u011fumkontrolhap\u0131kullan\u0131lmas\u0131 #erkenmenopoz\" width=\"1320\" height=\"743\" src=\"https:\/\/www.youtube.com\/embed\/tXGM9Q2Ap00?feature=oembed\" frameborder=\"0\" allow=\"accelerometer; autoplay; clipboard-write; encrypted-media; gyroscope; picture-in-picture; web-share\" referrerpolicy=\"strict-origin-when-cross-origin\" allowfullscreen><\/iframe>\n<\/div><\/figure>\n","protected":false},"excerpt":{"rendered":"<p>Uzun y\u0131llar do\u011fum kontrol hap\u0131 aral\u0131ks\u0131z olarak kullan\u0131l\u0131yor. \u00c7ok gen\u00e7 ya\u015flarda ba\u015flayarak 9-10-11 ya\u015f\u0131nda ba\u015flayarak 30-35 ya\u015f\u0131na kadar aral\u0131ks\u0131z olarak do\u011fum kontrol hap\u0131 kullanan kad\u0131nlarda \u00f6rne\u011fin \u00e7ocuk sahibi olmak i\u00e7in do\u011fum kontrol hap\u0131n\u0131 kesmeye karar verdiklerinde ve kestiklerinde b\u00fcy\u00fck bir s\u00fcprizle kar\u015f\u0131la\u015fabilmekteyiz. Peki ne oluyor? asl\u0131nda yumurta geli\u015fimi ve yumurtlaman\u0131n bu ki\u015filerde olmad\u0131\u011f\u0131 altta polikistik [&hellip;]<\/p>\n","protected":false},"author":1,"featured_media":0,"parent":0,"menu_order":0,"comment_status":"closed","ping_status":"closed","template":"","meta":{"footnotes":""},"class_list":["post-9092","page","type-page","status-publish","hentry"],"_links":{"self":[{"href":"https:\/\/polikistikover.net\/yeni\/wp-json\/wp\/v2\/pages\/9092","targetHints":{"allow":["GET"]}}],"collection":[{"href":"https:\/\/polikistikover.net\/yeni\/wp-json\/wp\/v2\/pages"}],"about":[{"href":"https:\/\/polikistikover.net\/yeni\/wp-json\/wp\/v2\/types\/page"}],"author":[{"embeddable":true,"href":"https:\/\/polikistikover.net\/yeni\/wp-json\/wp\/v2\/users\/1"}],"replies":[{"embeddable":true,"href":"https:\/\/polikistikover.net\/yeni\/wp-json\/wp\/v2\/comments?post=9092"}],"version-history":[{"count":18,"href":"https:\/\/polikistikover.net\/yeni\/wp-json\/wp\/v2\/pages\/9092\/revisions"}],"predecessor-version":[{"id":13269,"href":"https:\/\/polikistikover.net\/yeni\/wp-json\/wp\/v2\/pages\/9092\/revisions\/13269"}],"wp:attachment":[{"href":"https:\/\/polikistikover.net\/yeni\/wp-json\/wp\/v2\/media?parent=9092"}],"curies":[{"name":"wp","href":"https:\/\/api.w.org\/{rel}","templated":true}]}}