{"id":9211,"date":"2025-10-04T22:21:36","date_gmt":"2025-10-04T22:21:36","guid":{"rendered":"https:\/\/polikistikover.net\/yeni\/?page_id=9211"},"modified":"2025-11-23T01:24:10","modified_gmt":"2025-11-23T01:24:10","slug":"dar-kalcali-vucut-yapisi-insulin-direnci-yapmaktadir","status":"publish","type":"page","link":"https:\/\/polikistikover.net\/yeni\/dar-kalcali-vucut-yapisi-insulin-direnci-yapmaktadir\/","title":{"rendered":"Dar Kal\u00e7al\u0131 V\u00fccut Yap\u0131s\u0131 \u0130ns\u00fclin Direnci Yapmaktad\u0131r"},"content":{"rendered":"\n<p><br><strong><mark style=\"background-color:#f9de0a\" class=\"has-inline-color\">1-<\/mark><\/strong>Sa\u011fl\u0131kl\u0131 kad\u0131nlarda kal\u00e7a b\u00f6lgesinde bulunan ya\u011f h\u00fccrelerinin \u00f6zelli\u011fi yeni k\u00fc\u00e7\u00fck ya\u011f h\u00fccreleri \u00fcretme kapasitelerinin olmas\u0131 ve yeni olu\u015fan ya\u011f h\u00fccrelerinin besinlerle al\u0131nan ya\u011flar\u0131 h\u0131zl\u0131 bir \u015fekilde kullanmas\u0131 ve t\u00fcketmesidir. <\/p>\n\n\n\n<p><strong><mark style=\"background-color:#fbd808\" class=\"has-inline-color\">2-<\/mark><\/strong>Buna kar\u015f\u0131l\u0131k polikistik over olan kad\u0131nlarda kal\u00e7a b\u00f6lgesinde bulunan ya\u011f h\u00fccrelerinin yeni ya\u011f h\u00fccreleri \u00fcretme kapasiteleri olmad\u0131\u011f\u0131 i\u00e7in ya\u011flar yukar\u0131 b\u00f6lgelere ta\u015f\u0131nmakta bel ve kar\u0131n b\u00f6lgesinde birikmektedir. <\/p>\n\n\n\n<p><strong><mark style=\"background-color:#faef08\" class=\"has-inline-color\">3-<\/mark><\/strong>Bel ve kar\u0131n b\u00f6lgesinde ya\u011f h\u00fccreleri \u00e7o\u011falmamaktad\u0131r. Ya\u011f h\u00fccreleri \u00e7o\u011falmad\u0131\u011f\u0131 i\u00e7in ya\u011flar h\u00fccrelerin i\u00e7inde birikmekte ve dev ya\u011f h\u00fccreleri olu\u015fmaktad\u0131r. <\/p>\n\n\n\n<p><strong><mark style=\"background-color:#daf807\" class=\"has-inline-color\">4-<\/mark><\/strong>Dev ya\u011f h\u00fccrelerinden sal\u0131nan ya\u011f asitleri kana kar\u0131\u015fmaktad\u0131r. <\/p>\n\n\n\n<p><strong><mark style=\"background-color:#f9d60b\" class=\"has-inline-color\">5-<\/mark><\/strong>Ya\u011f asitleri Kaslara ve karaci\u011fere giderek glukozun kullan\u0131lmas\u0131n\u0131 engellemekte ve ins\u00fclin direncine neden olmaktad\u0131r.<\/p>\n\n\n\n<p> <strong><mark style=\"background-color:#fef309\" class=\"has-inline-color\">6-<\/mark><\/strong>Fazla miktarda t\u00fcketilen karbonhidrat karaci\u011fere giderek ya\u011f dokusuymu\u015f gibi karaci\u011feri kabul ederek ya\u011flanma art\u0131\u015f\u0131na neden olmaktad\u0131r.<\/p>\n\n\n\n<figure class=\"wp-block-embed aligncenter is-type-video is-provider-youtube wp-block-embed-youtube wp-embed-aspect-16-9 wp-has-aspect-ratio\"><div class=\"wp-block-embed__wrapper\">\n<iframe loading=\"lazy\" title=\"#kar\u0131nya\u011flanmas\u0131 #kal\u00e7aya\u011flanmas\u0131 #polikistikoverdarkal\u00e7a #belya\u011flanmas\u0131 #polikistikover #ya\u011flanma\" width=\"1320\" height=\"743\" src=\"https:\/\/www.youtube.com\/embed\/E4N0h7D2aws?feature=oembed\" frameborder=\"0\" allow=\"accelerometer; autoplay; clipboard-write; encrypted-media; gyroscope; picture-in-picture; web-share\" referrerpolicy=\"strict-origin-when-cross-origin\" allowfullscreen><\/iframe>\n<\/div><\/figure>\n\n\n\n<p><\/p>\n","protected":false},"excerpt":{"rendered":"<p>1-Sa\u011fl\u0131kl\u0131 kad\u0131nlarda kal\u00e7a b\u00f6lgesinde bulunan ya\u011f h\u00fccrelerinin \u00f6zelli\u011fi yeni k\u00fc\u00e7\u00fck ya\u011f h\u00fccreleri \u00fcretme kapasitelerinin olmas\u0131 ve yeni olu\u015fan ya\u011f h\u00fccrelerinin besinlerle al\u0131nan ya\u011flar\u0131 h\u0131zl\u0131 bir \u015fekilde kullanmas\u0131 ve t\u00fcketmesidir. 2-Buna kar\u015f\u0131l\u0131k polikistik over olan kad\u0131nlarda kal\u00e7a b\u00f6lgesinde bulunan ya\u011f h\u00fccrelerinin yeni ya\u011f h\u00fccreleri \u00fcretme kapasiteleri olmad\u0131\u011f\u0131 i\u00e7in ya\u011flar yukar\u0131 b\u00f6lgelere ta\u015f\u0131nmakta bel ve kar\u0131n b\u00f6lgesinde [&hellip;]<\/p>\n","protected":false},"author":1,"featured_media":0,"parent":0,"menu_order":0,"comment_status":"closed","ping_status":"closed","template":"","meta":{"footnotes":""},"class_list":["post-9211","page","type-page","status-publish","hentry"],"_links":{"self":[{"href":"https:\/\/polikistikover.net\/yeni\/wp-json\/wp\/v2\/pages\/9211","targetHints":{"allow":["GET"]}}],"collection":[{"href":"https:\/\/polikistikover.net\/yeni\/wp-json\/wp\/v2\/pages"}],"about":[{"href":"https:\/\/polikistikover.net\/yeni\/wp-json\/wp\/v2\/types\/page"}],"author":[{"embeddable":true,"href":"https:\/\/polikistikover.net\/yeni\/wp-json\/wp\/v2\/users\/1"}],"replies":[{"embeddable":true,"href":"https:\/\/polikistikover.net\/yeni\/wp-json\/wp\/v2\/comments?post=9211"}],"version-history":[{"count":5,"href":"https:\/\/polikistikover.net\/yeni\/wp-json\/wp\/v2\/pages\/9211\/revisions"}],"predecessor-version":[{"id":11762,"href":"https:\/\/polikistikover.net\/yeni\/wp-json\/wp\/v2\/pages\/9211\/revisions\/11762"}],"wp:attachment":[{"href":"https:\/\/polikistikover.net\/yeni\/wp-json\/wp\/v2\/media?parent=9211"}],"curies":[{"name":"wp","href":"https:\/\/api.w.org\/{rel}","templated":true}]}}